{"id":1159,"date":"2026-04-02T09:40:56","date_gmt":"2026-04-02T09:40:56","guid":{"rendered":"https:\/\/projekt1.movemusweb.at\/?page_id=1159"},"modified":"2026-04-08T18:22:07","modified_gmt":"2026-04-08T18:22:07","slug":"gfso-ueber-uns","status":"publish","type":"page","link":"https:\/\/projekt1.movemusweb.at\/index.php\/gfso-ueber-uns\/","title":{"rendered":"GFSO \u00dcber uns"},"content":{"rendered":"\t\t<div data-elementor-type=\"wp-page\" data-elementor-id=\"1159\" class=\"elementor elementor-1159\" data-elementor-post-type=\"page\">\n\t\t\t\t<div class=\"elementor-element elementor-element-49a1de0 e-con-full e-flex e-con e-parent\" data-id=\"49a1de0\" data-element_type=\"container\" data-e-type=\"container\" data-settings=\"{&quot;jet_parallax_layout_list&quot;:[]}\">\n\t\t<div class=\"elementor-element elementor-element-6dbded6 e-con-full e-flex e-con e-child\" data-id=\"6dbded6\" data-element_type=\"container\" data-e-type=\"container\" data-settings=\"{&quot;background_background&quot;:&quot;classic&quot;,&quot;jet_parallax_layout_list&quot;:[]}\">\n\t\t<div class=\"elementor-element elementor-element-39cb3e6 e-con-full e-flex e-con e-child\" data-id=\"39cb3e6\" data-element_type=\"container\" data-e-type=\"container\" data-settings=\"{&quot;jet_parallax_layout_list&quot;:[]}\">\n\t\t\t\t<div class=\"elementor-element elementor-element-1492124 elementor-widget elementor-widget-heading\" data-id=\"1492124\" data-element_type=\"widget\" data-e-type=\"widget\" data-widget_type=\"heading.default\">\n\t\t\t\t\t<h1 class=\"elementor-heading-title elementor-size-default\"><b>\u00dcber<br> uns<\/b><\/h1>\t\t\t\t<\/div>\n\t\t\t\t<\/div>\n\t\t\t\t<\/div>\n\t\t\t\t<\/div>\n\t\t<div class=\"elementor-element elementor-element-fed0d62 e-con-full e-flex e-con e-parent\" data-id=\"fed0d62\" data-element_type=\"container\" data-e-type=\"container\" data-settings=\"{&quot;jet_parallax_layout_list&quot;:[]}\">\n\t\t<div class=\"elementor-element elementor-element-dfec1d0 e-con-full e-grid e-con e-child\" data-id=\"dfec1d0\" data-element_type=\"container\" data-e-type=\"container\" data-settings=\"{&quot;jet_parallax_layout_list&quot;:[]}\">\n\t\t<div class=\"elementor-element elementor-element-22609b7 e-con-full e-flex e-con e-child\" data-id=\"22609b7\" data-element_type=\"container\" data-e-type=\"container\" data-settings=\"{&quot;background_background&quot;:&quot;classic&quot;,&quot;jet_parallax_layout_list&quot;:[]}\">\n\t\t\t\t<div class=\"elementor-element elementor-element-3126da3 elementor-widget elementor-widget-heading\" data-id=\"3126da3\" data-element_type=\"widget\" data-e-type=\"widget\" data-widget_type=\"heading.default\">\n\t\t\t\t\t<h2 class=\"elementor-heading-title elementor-size-default\">Unser Wasserverband wurde 1973 gegr\u00fcndet, um verl\u00e4sslich und nachhaltig hoch&shy;wertiges Trink-, Nutz- und L\u00f6sch&shy;wasser f\u00fcr die Bewohnerinnen und Bewohner der Gemeinden Fernitz-Mellach, G\u00f6ssendorf, Hart bei Graz, Hausmannst\u00e4tten, Raaba-Grambach und Vasoldsberg zur Verf\u00fcgung zu stellen.<\/h2>\t\t\t\t<\/div>\n\t\t\t\t<\/div>\n\t\t<div class=\"elementor-element elementor-element-22ba188 e-con-full e-flex e-con e-child\" data-id=\"22ba188\" data-element_type=\"container\" data-e-type=\"container\" data-settings=\"{&quot;background_background&quot;:&quot;classic&quot;,&quot;jet_parallax_layout_list&quot;:[]}\">\n\t\t\t\t<\/div>\n\t\t\t\t<\/div>\n\t\t\t\t<\/div>\n\t\t<div class=\"elementor-element elementor-element-ae967bb e-con-full e-flex e-con e-parent\" data-id=\"ae967bb\" data-element_type=\"container\" data-e-type=\"container\" data-settings=\"{&quot;jet_parallax_layout_list&quot;:[]}\">\n\t\t<div class=\"elementor-element elementor-element-978255d e-con-full e-grid e-con e-child\" data-id=\"978255d\" data-element_type=\"container\" data-e-type=\"container\" data-settings=\"{&quot;jet_parallax_layout_list&quot;:[]}\">\n\t\t<div class=\"elementor-element elementor-element-7dc46b2 e-con-full e-flex e-con e-child\" data-id=\"7dc46b2\" data-element_type=\"container\" data-e-type=\"container\" data-settings=\"{&quot;background_background&quot;:&quot;classic&quot;,&quot;jet_parallax_layout_list&quot;:[]}\">\n\t\t\t\t<div class=\"elementor-element elementor-element-ee21c52 elementor-widget elementor-widget-text-editor\" data-id=\"ee21c52\" data-element_type=\"widget\" data-e-type=\"widget\" data-widget_type=\"text-editor.default\">\n\t\t\t\t\t\t\t\t\t<p>Damit das \u2013 auch in Zukunft \u2013 gew\u00e4hrleistet werden kann, erf\u00fcllen wir f\u00fcr unsere Tr\u00e4gergemeinden an 365 Tagen im Jahr, rund um die Uhr, unterschiedlichste Aufgaben. Angefangen beim Schutz unserer Grundwasserressource, \u00fcber die F\u00f6rderung und Zwischenspeicherung bis hin zur Verteilung \u00fcber unser ausgedehntes Leitungsnetz, sind unsere T\u00e4tigkeiten breit gef\u00e4chert. Au\u00dferdem sind wir stets darum bem\u00fcht, Bedarfsspitzen abzudecken und St\u00f6rf\u00e4lle zu beheben. Des Weiteren geh\u00f6ren die kontinuierliche Instandhaltung, \u00dcberwachung und stufenweise Erneuerung unserer Infrastruktur sowie der weitere Ausbau unserer Kapazit\u00e4ten zu den Kernbereichen unserer T\u00e4tigkeit. Als Wasserverband geh\u00f6ren wir zu den K\u00f6rperschaften \u00f6ffentlichen Rechts und arbeiten deshalb nicht vorrangig gewinnorientiert. Wir streben danach, durch wirtschaftlichen Umgang mit unseren finanziellen Ressourcen den Wasserpreis im Interesse unsere Mitglieder langfristig auf einem niedrigen und stabilen Niveau zu halten, w\u00e4hrend wir gleichzeitig den Werterhalt unserer Anlagen im Auge behalten und n\u00f6tige Investitionen t\u00e4tigen, um die Versorgungssicherheit auch f\u00fcr zuk\u00fcnftige Generationen zu sichern.<\/p>\t\t\t\t\t\t\t\t<\/div>\n\t\t\t\t<\/div>\n\t\t<div class=\"elementor-element elementor-element-88bbede e-con-full e-flex e-con e-child\" data-id=\"88bbede\" data-element_type=\"container\" data-e-type=\"container\" data-settings=\"{&quot;background_background&quot;:&quot;classic&quot;,&quot;jet_parallax_layout_list&quot;:[]}\">\n\t\t\t\t<div class=\"elementor-element elementor-element-76497f6 elementor-widget elementor-widget-heading\" data-id=\"76497f6\" data-element_type=\"widget\" data-e-type=\"widget\" data-widget_type=\"heading.default\">\n\t\t\t\t\t<h3 class=\"elementor-heading-title elementor-size-default\">Unsere Mitglieds&shy;gemeinden:<\/h3>\t\t\t\t<\/div>\n\t\t\t\t<div class=\"elementor-element elementor-element-0fbbef9 elementor-icon-list--layout-traditional elementor-list-item-link-full_width elementor-widget elementor-widget-icon-list\" data-id=\"0fbbef9\" data-element_type=\"widget\" data-e-type=\"widget\" data-widget_type=\"icon-list.default\">\n\t\t\t\t\t\t\t<ul class=\"elementor-icon-list-items\">\n\t\t\t\t\t\t\t<li class=\"elementor-icon-list-item\">\n\t\t\t\t\t\t\t\t\t\t\t<span class=\"elementor-icon-list-icon\">\n\t\t\t\t\t\t\t<svg aria-hidden=\"true\" class=\"e-font-icon-svg e-fas-circle\" viewBox=\"0 0 512 512\" xmlns=\"http:\/\/www.w3.org\/2000\/svg\"><path d=\"M256 8C119 8 8 119 8 256s111 248 248 248 248-111 248-248S393 8 256 8z\"><\/path><\/svg>\t\t\t\t\t\t<\/span>\n\t\t\t\t\t\t\t\t\t\t<span class=\"elementor-icon-list-text\">Gemeinde Fernitz-Mellach<\/span>\n\t\t\t\t\t\t\t\t\t<\/li>\n\t\t\t\t\t\t\t\t<li class=\"elementor-icon-list-item\">\n\t\t\t\t\t\t\t\t\t\t\t<span class=\"elementor-icon-list-icon\">\n\t\t\t\t\t\t\t<svg aria-hidden=\"true\" class=\"e-font-icon-svg e-fas-circle\" viewBox=\"0 0 512 512\" xmlns=\"http:\/\/www.w3.org\/2000\/svg\"><path d=\"M256 8C119 8 8 119 8 256s111 248 248 248 248-111 248-248S393 8 256 8z\"><\/path><\/svg>\t\t\t\t\t\t<\/span>\n\t\t\t\t\t\t\t\t\t\t<span class=\"elementor-icon-list-text\">Marktgemeinde G\u00f6ssendorf<\/span>\n\t\t\t\t\t\t\t\t\t<\/li>\n\t\t\t\t\t\t\t\t<li class=\"elementor-icon-list-item\">\n\t\t\t\t\t\t\t\t\t\t\t<span class=\"elementor-icon-list-icon\">\n\t\t\t\t\t\t\t<svg aria-hidden=\"true\" class=\"e-font-icon-svg e-fas-circle\" viewBox=\"0 0 512 512\" xmlns=\"http:\/\/www.w3.org\/2000\/svg\"><path d=\"M256 8C119 8 8 119 8 256s111 248 248 248 248-111 248-248S393 8 256 8z\"><\/path><\/svg>\t\t\t\t\t\t<\/span>\n\t\t\t\t\t\t\t\t\t\t<span class=\"elementor-icon-list-text\">Gemeinde Hart bei Graz<\/span>\n\t\t\t\t\t\t\t\t\t<\/li>\n\t\t\t\t\t\t\t\t<li class=\"elementor-icon-list-item\">\n\t\t\t\t\t\t\t\t\t\t\t<span class=\"elementor-icon-list-icon\">\n\t\t\t\t\t\t\t<svg aria-hidden=\"true\" class=\"e-font-icon-svg e-fas-circle\" viewBox=\"0 0 512 512\" xmlns=\"http:\/\/www.w3.org\/2000\/svg\"><path d=\"M256 8C119 8 8 119 8 256s111 248 248 248 248-111 248-248S393 8 256 8z\"><\/path><\/svg>\t\t\t\t\t\t<\/span>\n\t\t\t\t\t\t\t\t\t\t<span class=\"elementor-icon-list-text\">Marktgemeinde Hausmannst\u00e4tten<\/span>\n\t\t\t\t\t\t\t\t\t<\/li>\n\t\t\t\t\t\t\t\t<li class=\"elementor-icon-list-item\">\n\t\t\t\t\t\t\t\t\t\t\t<span class=\"elementor-icon-list-icon\">\n\t\t\t\t\t\t\t<svg aria-hidden=\"true\" class=\"e-font-icon-svg e-fas-circle\" viewBox=\"0 0 512 512\" xmlns=\"http:\/\/www.w3.org\/2000\/svg\"><path d=\"M256 8C119 8 8 119 8 256s111 248 248 248 248-111 248-248S393 8 256 8z\"><\/path><\/svg>\t\t\t\t\t\t<\/span>\n\t\t\t\t\t\t\t\t\t\t<span class=\"elementor-icon-list-text\">Marktgemeinde Raaba-Grambach<\/span>\n\t\t\t\t\t\t\t\t\t<\/li>\n\t\t\t\t\t\t\t\t<li class=\"elementor-icon-list-item\">\n\t\t\t\t\t\t\t\t\t\t\t<span class=\"elementor-icon-list-icon\">\n\t\t\t\t\t\t\t<svg aria-hidden=\"true\" class=\"e-font-icon-svg e-fas-circle\" viewBox=\"0 0 512 512\" xmlns=\"http:\/\/www.w3.org\/2000\/svg\"><path d=\"M256 8C119 8 8 119 8 256s111 248 248 248 248-111 248-248S393 8 256 8z\"><\/path><\/svg>\t\t\t\t\t\t<\/span>\n\t\t\t\t\t\t\t\t\t\t<span class=\"elementor-icon-list-text\">Marktgemeinde Vasoldsberg<\/span>\n\t\t\t\t\t\t\t\t\t<\/li>\n\t\t\t\t\t\t<\/ul>\n\t\t\t\t\t\t<\/div>\n\t\t\t\t<\/div>\n\t\t\t\t<\/div>\n\t\t\t\t<\/div>\n\t\t\t\t<\/div>\n\t\t","protected":false},"excerpt":{"rendered":"<p>\u00dcber uns Unser Wasserverband wurde 1973 gegr\u00fcndet, um verl\u00e4sslich und nachhaltig hoch&shy;wertiges Trink-, Nutz- und L\u00f6sch&shy;wasser f\u00fcr die Bewohnerinnen und Bewohner der Gemeinden Fernitz-Mellach, G\u00f6ssendorf, Hart bei Graz, Hausmannst\u00e4tten, Raaba-Grambach und Vasoldsberg zur Verf\u00fcgung zu stellen. Damit das \u2013 auch in Zukunft \u2013 gew\u00e4hrleistet werden kann, erf\u00fcllen wir f\u00fcr unsere Tr\u00e4gergemeinden an 365 Tagen im [&hellip;]<\/p>\n","protected":false},"author":1,"featured_media":0,"parent":0,"menu_order":0,"comment_status":"closed","ping_status":"closed","template":"","meta":{"footnotes":""},"class_list":["post-1159","page","type-page","status-publish","hentry"],"yoast_head":"<!-- This site is optimized with the Yoast SEO plugin v27.1.1 - https:\/\/yoast.com\/product\/yoast-seo-wordpress\/ -->\n<title>GFSO \u00dcber uns - Wasserverband<\/title>\n<meta name=\"robots\" content=\"noindex, follow, max-snippet:-1, max-image-preview:large, max-video-preview:-1\" \/>\n<meta property=\"og:locale\" content=\"de_DE\" \/>\n<meta property=\"og:type\" content=\"article\" \/>\n<meta property=\"og:title\" content=\"GFSO \u00dcber uns - Wasserverband\" \/>\n<meta property=\"og:description\" content=\"\u00dcber uns Unser Wasserverband wurde 1973 gegr\u00fcndet, um verl\u00e4sslich und nachhaltig hoch&shy;wertiges Trink-, Nutz- und L\u00f6sch&shy;wasser f\u00fcr die Bewohnerinnen und Bewohner der Gemeinden Fernitz-Mellach, G\u00f6ssendorf, Hart bei Graz, Hausmannst\u00e4tten, Raaba-Grambach und Vasoldsberg zur Verf\u00fcgung zu stellen. Damit das \u2013 auch in Zukunft \u2013 gew\u00e4hrleistet werden kann, erf\u00fcllen wir f\u00fcr unsere Tr\u00e4gergemeinden an 365 Tagen im [&hellip;]\" \/>\n<meta property=\"og:url\" content=\"https:\/\/projekt1.movemusweb.at\/index.php\/gfso-ueber-uns\/\" \/>\n<meta property=\"og:site_name\" content=\"Wasserverband\" \/>\n<meta property=\"article:modified_time\" content=\"2026-04-08T18:22:07+00:00\" \/>\n<meta name=\"twitter:card\" content=\"summary_large_image\" \/>\n<meta name=\"twitter:label1\" content=\"Gesch\u00e4tzte Lesezeit\" \/>\n\t<meta name=\"twitter:data1\" content=\"2\u00a0Minuten\" \/>\n<script type=\"application\/ld+json\" class=\"yoast-schema-graph\">{\"@context\":\"https:\/\/schema.org\",\"@graph\":[{\"@type\":\"WebPage\",\"@id\":\"https:\/\/projekt1.movemusweb.at\/index.php\/gfso-ueber-uns\/\",\"url\":\"https:\/\/projekt1.movemusweb.at\/index.php\/gfso-ueber-uns\/\",\"name\":\"GFSO \u00dcber uns - Wasserverband\",\"isPartOf\":{\"@id\":\"https:\/\/projekt1.movemusweb.at\/#website\"},\"datePublished\":\"2026-04-02T09:40:56+00:00\",\"dateModified\":\"2026-04-08T18:22:07+00:00\",\"breadcrumb\":{\"@id\":\"https:\/\/projekt1.movemusweb.at\/index.php\/gfso-ueber-uns\/#breadcrumb\"},\"inLanguage\":\"de\",\"potentialAction\":[{\"@type\":\"ReadAction\",\"target\":[\"https:\/\/projekt1.movemusweb.at\/index.php\/gfso-ueber-uns\/\"]}]},{\"@type\":\"BreadcrumbList\",\"@id\":\"https:\/\/projekt1.movemusweb.at\/index.php\/gfso-ueber-uns\/#breadcrumb\",\"itemListElement\":[{\"@type\":\"ListItem\",\"position\":1,\"name\":\"Startseite\",\"item\":\"https:\/\/projekt1.movemusweb.at\/\"},{\"@type\":\"ListItem\",\"position\":2,\"name\":\"GFSO \u00dcber uns\"}]},{\"@type\":\"WebSite\",\"@id\":\"https:\/\/projekt1.movemusweb.at\/#website\",\"url\":\"https:\/\/projekt1.movemusweb.at\/\",\"name\":\"Wasserverband\",\"description\":\"Grazerfeld S\u00fcdost und Umland Graz\",\"potentialAction\":[{\"@type\":\"SearchAction\",\"target\":{\"@type\":\"EntryPoint\",\"urlTemplate\":\"https:\/\/projekt1.movemusweb.at\/?s={search_term_string}\"},\"query-input\":{\"@type\":\"PropertyValueSpecification\",\"valueRequired\":true,\"valueName\":\"search_term_string\"}}],\"inLanguage\":\"de\"}]}<\/script>\n<!-- \/ Yoast SEO plugin. -->","yoast_head_json":{"title":"GFSO \u00dcber uns - Wasserverband","robots":{"index":"noindex","follow":"follow","max-snippet":"max-snippet:-1","max-image-preview":"max-image-preview:large","max-video-preview":"max-video-preview:-1"},"og_locale":"de_DE","og_type":"article","og_title":"GFSO \u00dcber uns - Wasserverband","og_description":"\u00dcber uns Unser Wasserverband wurde 1973 gegr\u00fcndet, um verl\u00e4sslich und nachhaltig hoch&shy;wertiges Trink-, Nutz- und L\u00f6sch&shy;wasser f\u00fcr die Bewohnerinnen und Bewohner der Gemeinden Fernitz-Mellach, G\u00f6ssendorf, Hart bei Graz, Hausmannst\u00e4tten, Raaba-Grambach und Vasoldsberg zur Verf\u00fcgung zu stellen. Damit das \u2013 auch in Zukunft \u2013 gew\u00e4hrleistet werden kann, erf\u00fcllen wir f\u00fcr unsere Tr\u00e4gergemeinden an 365 Tagen im [&hellip;]","og_url":"https:\/\/projekt1.movemusweb.at\/index.php\/gfso-ueber-uns\/","og_site_name":"Wasserverband","article_modified_time":"2026-04-08T18:22:07+00:00","twitter_card":"summary_large_image","twitter_misc":{"Gesch\u00e4tzte Lesezeit":"2\u00a0Minuten"},"schema":{"@context":"https:\/\/schema.org","@graph":[{"@type":"WebPage","@id":"https:\/\/projekt1.movemusweb.at\/index.php\/gfso-ueber-uns\/","url":"https:\/\/projekt1.movemusweb.at\/index.php\/gfso-ueber-uns\/","name":"GFSO \u00dcber uns - Wasserverband","isPartOf":{"@id":"https:\/\/projekt1.movemusweb.at\/#website"},"datePublished":"2026-04-02T09:40:56+00:00","dateModified":"2026-04-08T18:22:07+00:00","breadcrumb":{"@id":"https:\/\/projekt1.movemusweb.at\/index.php\/gfso-ueber-uns\/#breadcrumb"},"inLanguage":"de","potentialAction":[{"@type":"ReadAction","target":["https:\/\/projekt1.movemusweb.at\/index.php\/gfso-ueber-uns\/"]}]},{"@type":"BreadcrumbList","@id":"https:\/\/projekt1.movemusweb.at\/index.php\/gfso-ueber-uns\/#breadcrumb","itemListElement":[{"@type":"ListItem","position":1,"name":"Startseite","item":"https:\/\/projekt1.movemusweb.at\/"},{"@type":"ListItem","position":2,"name":"GFSO \u00dcber uns"}]},{"@type":"WebSite","@id":"https:\/\/projekt1.movemusweb.at\/#website","url":"https:\/\/projekt1.movemusweb.at\/","name":"Wasserverband","description":"Grazerfeld S\u00fcdost und Umland Graz","potentialAction":[{"@type":"SearchAction","target":{"@type":"EntryPoint","urlTemplate":"https:\/\/projekt1.movemusweb.at\/?s={search_term_string}"},"query-input":{"@type":"PropertyValueSpecification","valueRequired":true,"valueName":"search_term_string"}}],"inLanguage":"de"}]}},"_links":{"self":[{"href":"https:\/\/projekt1.movemusweb.at\/index.php\/wp-json\/wp\/v2\/pages\/1159","targetHints":{"allow":["GET"]}}],"collection":[{"href":"https:\/\/projekt1.movemusweb.at\/index.php\/wp-json\/wp\/v2\/pages"}],"about":[{"href":"https:\/\/projekt1.movemusweb.at\/index.php\/wp-json\/wp\/v2\/types\/page"}],"author":[{"embeddable":true,"href":"https:\/\/projekt1.movemusweb.at\/index.php\/wp-json\/wp\/v2\/users\/1"}],"replies":[{"embeddable":true,"href":"https:\/\/projekt1.movemusweb.at\/index.php\/wp-json\/wp\/v2\/comments?post=1159"}],"version-history":[{"count":19,"href":"https:\/\/projekt1.movemusweb.at\/index.php\/wp-json\/wp\/v2\/pages\/1159\/revisions"}],"predecessor-version":[{"id":1893,"href":"https:\/\/projekt1.movemusweb.at\/index.php\/wp-json\/wp\/v2\/pages\/1159\/revisions\/1893"}],"wp:attachment":[{"href":"https:\/\/projekt1.movemusweb.at\/index.php\/wp-json\/wp\/v2\/media?parent=1159"}],"curies":[{"name":"wp","href":"https:\/\/api.w.org\/{rel}","templated":true}]}}