{"id":1221,"date":"2026-04-02T10:32:38","date_gmt":"2026-04-02T10:32:38","guid":{"rendered":"https:\/\/projekt1.movemusweb.at\/?page_id=1221"},"modified":"2026-04-03T12:59:45","modified_gmt":"2026-04-03T12:59:45","slug":"gfso-anlagen-infrastruktur","status":"publish","type":"page","link":"https:\/\/projekt1.movemusweb.at\/index.php\/gfso-anlagen-infrastruktur\/","title":{"rendered":"GFSO Anlagen &#038; Infrastruktur"},"content":{"rendered":"\t\t<div data-elementor-type=\"wp-page\" data-elementor-id=\"1221\" class=\"elementor elementor-1221\" data-elementor-post-type=\"page\">\n\t\t\t\t<div class=\"elementor-element elementor-element-49a1de0 e-con-full e-flex e-con e-parent\" data-id=\"49a1de0\" data-element_type=\"container\" data-e-type=\"container\" data-settings=\"{&quot;jet_parallax_layout_list&quot;:[]}\">\n\t\t<div class=\"elementor-element elementor-element-6dbded6 e-con-full e-flex e-con e-child\" data-id=\"6dbded6\" data-element_type=\"container\" data-e-type=\"container\" data-settings=\"{&quot;background_background&quot;:&quot;classic&quot;,&quot;jet_parallax_layout_list&quot;:[]}\">\n\t\t<div class=\"elementor-element elementor-element-39cb3e6 e-con-full e-flex e-con e-child\" data-id=\"39cb3e6\" data-element_type=\"container\" data-e-type=\"container\" data-settings=\"{&quot;jet_parallax_layout_list&quot;:[]}\">\n\t\t\t\t<div class=\"elementor-element elementor-element-1492124 elementor-widget elementor-widget-heading\" data-id=\"1492124\" data-element_type=\"widget\" data-e-type=\"widget\" data-widget_type=\"heading.default\">\n\t\t\t\t\t<h1 class=\"elementor-heading-title elementor-size-default\"><b>Technische<br> Angaben<\/b><\/h1>\t\t\t\t<\/div>\n\t\t\t\t<\/div>\n\t\t\t\t<\/div>\n\t\t\t\t<\/div>\n\t\t<div class=\"elementor-element elementor-element-fed0d62 e-con-full e-flex e-con e-parent\" data-id=\"fed0d62\" data-element_type=\"container\" data-e-type=\"container\" data-settings=\"{&quot;jet_parallax_layout_list&quot;:[]}\">\n\t\t<div class=\"elementor-element elementor-element-dfec1d0 e-con-full e-grid e-con e-child\" data-id=\"dfec1d0\" data-element_type=\"container\" data-e-type=\"container\" data-settings=\"{&quot;jet_parallax_layout_list&quot;:[]}\">\n\t\t<div class=\"elementor-element elementor-element-22609b7 e-con-full e-flex e-con e-child\" data-id=\"22609b7\" data-element_type=\"container\" data-e-type=\"container\" data-settings=\"{&quot;background_background&quot;:&quot;classic&quot;,&quot;jet_parallax_layout_list&quot;:[]}\">\n\t\t\t\t<div class=\"elementor-element elementor-element-3126da3 elementor-widget elementor-widget-heading\" data-id=\"3126da3\" data-element_type=\"widget\" data-e-type=\"widget\" data-widget_type=\"heading.default\">\n\t\t\t\t\t<h2 class=\"elementor-heading-title elementor-size-default\">Die Wasser\u00adversorgungs\u00adanlage des Wasser\u00adverbandes Grazerfeld S\u00fcdost hat im Wesent\u00adlichen drei Aufgaben zu erf\u00fcllen:<\/h2>\t\t\t\t<\/div>\n\t\t\t\t<\/div>\n\t\t<div class=\"elementor-element elementor-element-22ba188 e-con-full e-flex e-con e-child\" data-id=\"22ba188\" data-element_type=\"container\" data-e-type=\"container\" data-settings=\"{&quot;background_background&quot;:&quot;classic&quot;,&quot;jet_parallax_layout_list&quot;:[]}\">\n\t\t\t\t<\/div>\n\t\t\t\t<\/div>\n\t\t\t\t<\/div>\n\t\t<div class=\"elementor-element elementor-element-b5a59f0 e-con-full e-flex e-con e-parent\" data-id=\"b5a59f0\" data-element_type=\"container\" data-e-type=\"container\" data-settings=\"{&quot;jet_parallax_layout_list&quot;:[]}\">\n\t\t<div class=\"elementor-element elementor-element-d71da15 e-con-full e-grid e-con e-child\" data-id=\"d71da15\" data-element_type=\"container\" data-e-type=\"container\" data-settings=\"{&quot;jet_parallax_layout_list&quot;:[]}\">\n\t\t<div class=\"elementor-element elementor-element-33078e3 e-con-full e-flex e-con e-child\" data-id=\"33078e3\" data-element_type=\"container\" data-e-type=\"container\" data-settings=\"{&quot;background_background&quot;:&quot;classic&quot;,&quot;jet_parallax_layout_list&quot;:[]}\">\n\t\t\t\t<\/div>\n\t\t<div class=\"elementor-element elementor-element-d874346 e-con-full e-flex e-con e-child\" data-id=\"d874346\" data-element_type=\"container\" data-e-type=\"container\" data-settings=\"{&quot;background_background&quot;:&quot;classic&quot;,&quot;jet_parallax_layout_list&quot;:[]}\">\n\t\t\t\t<div class=\"elementor-element elementor-element-ed17bd7 elementor-widget elementor-widget-heading\" data-id=\"ed17bd7\" data-element_type=\"widget\" data-e-type=\"widget\" data-widget_type=\"heading.default\">\n\t\t\t\t\t<h3 class=\"elementor-heading-title elementor-size-default\">F\u00f6rderung<\/h3>\t\t\t\t<\/div>\n\t\t\t\t<div class=\"elementor-element elementor-element-2494cbd elementor-widget elementor-widget-text-editor\" data-id=\"2494cbd\" data-element_type=\"widget\" data-e-type=\"widget\" data-widget_type=\"text-editor.default\">\n\t\t\t\t\t\t\t\t\t<p>Das Wasserwerk G\u00f6ssendorf verf\u00fcgt \u00fcber zwei rund 18 Meter tiefe Vertikalfilterbrunnen. Diese Brunnen erzielen gemeinsam eine maximale F\u00f6rderleistung von 40 Liter pro Sekunde.<\/p><p>Seit 2024 sind in Thondorf zwei weitere Vertikalfilterbrunnen mit 20 Meter Tiefe und 0,8 Meter Filterrohrdurchmesser in Betrieb. Die maximale F\u00f6rderleistung betr\u00e4gt gesamt 60 Liter pro Sekunde.<\/p><p>F\u00fcr die Wasseraufbereitung in Thondorf wird zuerst eine unterirdische Enteisenung und Entmanganung ausgef\u00fchrt. Dabei erfolgt eine kombinierte, wechselweise Infiltration von sauerstoff-angereichertem Wasser in den Brunnen und in den Boden. So entsteht eine \u2013 nat\u00fcrliche \u2013 chemische Reaktion, die Eisen und Mangan aus dem Wasser entfernt. Zus\u00e4tzlich wurde eine UV-Desinfektionsanlage installiert. Dabei wird der desinfizierende Effekt des Sonnenlichts imitiert. Das UV-Licht hemmt die Keimentwicklung und wirkt desinfizierend.<\/p>\t\t\t\t\t\t\t\t<\/div>\n\t\t\t\t<\/div>\n\t\t\t\t<\/div>\n\t\t\t\t<\/div>\n\t\t<div class=\"elementor-element elementor-element-ee19771 e-con-full e-flex e-con e-parent\" data-id=\"ee19771\" data-element_type=\"container\" data-e-type=\"container\" data-settings=\"{&quot;jet_parallax_layout_list&quot;:[]}\">\n\t\t<div class=\"elementor-element elementor-element-6ba0a8d e-con-full e-grid e-con e-child\" data-id=\"6ba0a8d\" data-element_type=\"container\" data-e-type=\"container\" data-settings=\"{&quot;jet_parallax_layout_list&quot;:[]}\">\n\t\t<div class=\"elementor-element elementor-element-653721f e-con-full e-flex e-con e-child\" data-id=\"653721f\" data-element_type=\"container\" data-e-type=\"container\" data-settings=\"{&quot;background_background&quot;:&quot;classic&quot;,&quot;jet_parallax_layout_list&quot;:[]}\">\n\t\t\t\t<div class=\"elementor-element elementor-element-badfede elementor-widget elementor-widget-heading\" data-id=\"badfede\" data-element_type=\"widget\" data-e-type=\"widget\" data-widget_type=\"heading.default\">\n\t\t\t\t\t<h3 class=\"elementor-heading-title elementor-size-default\">Speicherung<\/h3>\t\t\t\t<\/div>\n\t\t\t\t<div class=\"elementor-element elementor-element-fe35d5b elementor-widget elementor-widget-text-editor\" data-id=\"fe35d5b\" data-element_type=\"widget\" data-e-type=\"widget\" data-widget_type=\"text-editor.default\">\n\t\t\t\t\t\t\t\t\tAls Wasserspeicher fungieren zw\u00f6lf Speicherbauwerke mit einem Speichervolumen insgesamt 7.200 Kubikmetern. Das gespeicherte Wasser dient der Sicherstellung des Versorgungsdrucks, zum Ausgleich von Verbrauchsschwankungen und als Reserve bei St\u00f6rungen oder Br\u00e4nden.\t\t\t\t\t\t\t\t<\/div>\n\t\t\t\t<\/div>\n\t\t<div class=\"elementor-element elementor-element-d97514b e-con-full e-flex e-con e-child\" data-id=\"d97514b\" data-element_type=\"container\" data-e-type=\"container\" data-settings=\"{&quot;background_background&quot;:&quot;classic&quot;,&quot;jet_parallax_layout_list&quot;:[]}\">\n\t\t\t\t<\/div>\n\t\t\t\t<\/div>\n\t\t\t\t<\/div>\n\t\t<div class=\"elementor-element elementor-element-8c93203 e-con-full e-flex e-con e-parent\" data-id=\"8c93203\" data-element_type=\"container\" data-e-type=\"container\" data-settings=\"{&quot;jet_parallax_layout_list&quot;:[]}\">\n\t\t<div class=\"elementor-element elementor-element-00d90b6 e-con-full e-grid e-con e-child\" data-id=\"00d90b6\" data-element_type=\"container\" data-e-type=\"container\" data-settings=\"{&quot;jet_parallax_layout_list&quot;:[]}\">\n\t\t<div class=\"elementor-element elementor-element-7e4759e e-con-full e-flex e-con e-child\" data-id=\"7e4759e\" data-element_type=\"container\" data-e-type=\"container\" data-settings=\"{&quot;background_background&quot;:&quot;classic&quot;,&quot;jet_parallax_layout_list&quot;:[]}\">\n\t\t\t\t<\/div>\n\t\t<div class=\"elementor-element elementor-element-e25d6b3 e-con-full e-flex e-con e-child\" data-id=\"e25d6b3\" data-element_type=\"container\" data-e-type=\"container\" data-settings=\"{&quot;background_background&quot;:&quot;classic&quot;,&quot;jet_parallax_layout_list&quot;:[]}\">\n\t\t\t\t<div class=\"elementor-element elementor-element-eeaf54d elementor-widget elementor-widget-heading\" data-id=\"eeaf54d\" data-element_type=\"widget\" data-e-type=\"widget\" data-widget_type=\"heading.default\">\n\t\t\t\t\t<h3 class=\"elementor-heading-title elementor-size-default\">Verteilung<\/h3>\t\t\t\t<\/div>\n\t\t\t\t<div class=\"elementor-element elementor-element-7c47c4e elementor-widget elementor-widget-text-editor\" data-id=\"7c47c4e\" data-element_type=\"widget\" data-e-type=\"widget\" data-widget_type=\"text-editor.default\">\n\t\t\t\t\t\t\t\t\t<p>Das gef\u00f6rderte Wasser wird \u00fcber 16 Pumpstationen in acht Druckzonen (von 316 bis 512 Meter Seeh\u00f6he) in die derzeit 7.821 Haushalte gepumpt. Die Verteilung des Wassers erfolgt \u00fcber ein rund 400 km langes Leitungsnetz.<\/p><p>Die Gesamtanlage wird automatisch betrieben, zentral \u00fcberwacht und gesteuert.<\/p>\t\t\t\t\t\t\t\t<\/div>\n\t\t\t\t<\/div>\n\t\t\t\t<\/div>\n\t\t\t\t<\/div>\n\t\t<div class=\"elementor-element elementor-element-8030be5 e-con-full e-flex e-con e-parent\" data-id=\"8030be5\" data-element_type=\"container\" data-e-type=\"container\" data-settings=\"{&quot;jet_parallax_layout_list&quot;:[]}\">\n\t\t<div class=\"elementor-element elementor-element-fdb32dc e-con-full e-grid e-con e-child\" data-id=\"fdb32dc\" data-element_type=\"container\" data-e-type=\"container\" data-settings=\"{&quot;jet_parallax_layout_list&quot;:[]}\">\n\t\t<div class=\"elementor-element elementor-element-d87a8aa e-con-full e-flex e-con e-child\" data-id=\"d87a8aa\" data-element_type=\"container\" data-e-type=\"container\" data-settings=\"{&quot;background_background&quot;:&quot;classic&quot;,&quot;jet_parallax_layout_list&quot;:[]}\">\n\t\t\t\t<div class=\"elementor-element elementor-element-ae2bb5f elementor-widget elementor-widget-image\" data-id=\"ae2bb5f\" data-element_type=\"widget\" data-e-type=\"widget\" data-widget_type=\"image.default\">\n\t\t\t\t\t\t\t\t\t\t\t\t\t\t\t<img fetchpriority=\"high\" decoding=\"async\" width=\"800\" height=\"573\" src=\"https:\/\/projekt1.movemusweb.at\/wp-content\/uploads\/2026\/03\/Wasserverband-GFSO-Key-Facts-2025.svg\" class=\"attachment-large size-large wp-image-274\" alt=\"\" \/>\t\t\t\t\t\t\t\t\t\t\t\t\t\t\t<\/div>\n\t\t\t\t<\/div>\n\t\t<div class=\"elementor-element elementor-element-a84e8bb e-con-full e-flex e-con e-child\" data-id=\"a84e8bb\" data-element_type=\"container\" data-e-type=\"container\" data-settings=\"{&quot;background_background&quot;:&quot;classic&quot;,&quot;jet_parallax_layout_list&quot;:[]}\">\n\t\t\t\t<\/div>\n\t\t\t\t<\/div>\n\t\t\t\t<\/div>\n\t\t\t\t<\/div>\n\t\t","protected":false},"excerpt":{"rendered":"<p>Technische Angaben Die Wasser\u00adversorgungs\u00adanlage des Wasser\u00adverbandes Grazerfeld S\u00fcdost hat im Wesent\u00adlichen drei Aufgaben zu erf\u00fcllen: F\u00f6rderung Das Wasserwerk G\u00f6ssendorf verf\u00fcgt \u00fcber zwei rund 18 Meter tiefe Vertikalfilterbrunnen. Diese Brunnen erzielen gemeinsam eine maximale F\u00f6rderleistung von 40 Liter pro Sekunde. Seit 2024 sind in Thondorf zwei weitere Vertikalfilterbrunnen mit 20 Meter Tiefe und 0,8 Meter Filterrohrdurchmesser [&hellip;]<\/p>\n","protected":false},"author":1,"featured_media":0,"parent":0,"menu_order":0,"comment_status":"closed","ping_status":"closed","template":"","meta":{"footnotes":""},"class_list":["post-1221","page","type-page","status-publish","hentry"],"yoast_head":"<!-- This site is optimized with the Yoast SEO plugin v27.1.1 - https:\/\/yoast.com\/product\/yoast-seo-wordpress\/ -->\n<title>GFSO Anlagen &amp; Infrastruktur - Wasserverband<\/title>\n<meta name=\"robots\" content=\"noindex, follow, max-snippet:-1, max-image-preview:large, max-video-preview:-1\" \/>\n<meta property=\"og:locale\" content=\"de_DE\" \/>\n<meta property=\"og:type\" content=\"article\" \/>\n<meta property=\"og:title\" content=\"GFSO Anlagen &amp; Infrastruktur - Wasserverband\" \/>\n<meta property=\"og:description\" content=\"Technische Angaben Die Wasser\u00adversorgungs\u00adanlage des Wasser\u00adverbandes Grazerfeld S\u00fcdost hat im Wesent\u00adlichen drei Aufgaben zu erf\u00fcllen: F\u00f6rderung Das Wasserwerk G\u00f6ssendorf verf\u00fcgt \u00fcber zwei rund 18 Meter tiefe Vertikalfilterbrunnen. Diese Brunnen erzielen gemeinsam eine maximale F\u00f6rderleistung von 40 Liter pro Sekunde. Seit 2024 sind in Thondorf zwei weitere Vertikalfilterbrunnen mit 20 Meter Tiefe und 0,8 Meter Filterrohrdurchmesser [&hellip;]\" \/>\n<meta property=\"og:url\" content=\"https:\/\/projekt1.movemusweb.at\/index.php\/gfso-anlagen-infrastruktur\/\" \/>\n<meta property=\"og:site_name\" content=\"Wasserverband\" \/>\n<meta property=\"article:modified_time\" content=\"2026-04-03T12:59:45+00:00\" \/>\n<meta name=\"twitter:card\" content=\"summary_large_image\" \/>\n<meta name=\"twitter:label1\" content=\"Gesch\u00e4tzte Lesezeit\" \/>\n\t<meta name=\"twitter:data1\" content=\"2\u00a0Minuten\" \/>\n<script type=\"application\/ld+json\" class=\"yoast-schema-graph\">{\"@context\":\"https:\/\/schema.org\",\"@graph\":[{\"@type\":\"WebPage\",\"@id\":\"https:\/\/projekt1.movemusweb.at\/index.php\/gfso-anlagen-infrastruktur\/\",\"url\":\"https:\/\/projekt1.movemusweb.at\/index.php\/gfso-anlagen-infrastruktur\/\",\"name\":\"GFSO Anlagen & Infrastruktur - Wasserverband\",\"isPartOf\":{\"@id\":\"https:\/\/projekt1.movemusweb.at\/#website\"},\"primaryImageOfPage\":{\"@id\":\"https:\/\/projekt1.movemusweb.at\/index.php\/gfso-anlagen-infrastruktur\/#primaryimage\"},\"image\":{\"@id\":\"https:\/\/projekt1.movemusweb.at\/index.php\/gfso-anlagen-infrastruktur\/#primaryimage\"},\"thumbnailUrl\":\"https:\/\/projekt1.movemusweb.at\/wp-content\/uploads\/2026\/03\/Wasserverband-GFSO-Key-Facts-2025.svg\",\"datePublished\":\"2026-04-02T10:32:38+00:00\",\"dateModified\":\"2026-04-03T12:59:45+00:00\",\"breadcrumb\":{\"@id\":\"https:\/\/projekt1.movemusweb.at\/index.php\/gfso-anlagen-infrastruktur\/#breadcrumb\"},\"inLanguage\":\"de\",\"potentialAction\":[{\"@type\":\"ReadAction\",\"target\":[\"https:\/\/projekt1.movemusweb.at\/index.php\/gfso-anlagen-infrastruktur\/\"]}]},{\"@type\":\"ImageObject\",\"inLanguage\":\"de\",\"@id\":\"https:\/\/projekt1.movemusweb.at\/index.php\/gfso-anlagen-infrastruktur\/#primaryimage\",\"url\":\"https:\/\/projekt1.movemusweb.at\/wp-content\/uploads\/2026\/03\/Wasserverband-GFSO-Key-Facts-2025.svg\",\"contentUrl\":\"https:\/\/projekt1.movemusweb.at\/wp-content\/uploads\/2026\/03\/Wasserverband-GFSO-Key-Facts-2025.svg\",\"width\":1006.386,\"height\":720.436},{\"@type\":\"BreadcrumbList\",\"@id\":\"https:\/\/projekt1.movemusweb.at\/index.php\/gfso-anlagen-infrastruktur\/#breadcrumb\",\"itemListElement\":[{\"@type\":\"ListItem\",\"position\":1,\"name\":\"Startseite\",\"item\":\"https:\/\/projekt1.movemusweb.at\/\"},{\"@type\":\"ListItem\",\"position\":2,\"name\":\"GFSO Anlagen &#038; Infrastruktur\"}]},{\"@type\":\"WebSite\",\"@id\":\"https:\/\/projekt1.movemusweb.at\/#website\",\"url\":\"https:\/\/projekt1.movemusweb.at\/\",\"name\":\"Wasserverband\",\"description\":\"Grazerfeld S\u00fcdost und Umland Graz\",\"potentialAction\":[{\"@type\":\"SearchAction\",\"target\":{\"@type\":\"EntryPoint\",\"urlTemplate\":\"https:\/\/projekt1.movemusweb.at\/?s={search_term_string}\"},\"query-input\":{\"@type\":\"PropertyValueSpecification\",\"valueRequired\":true,\"valueName\":\"search_term_string\"}}],\"inLanguage\":\"de\"}]}<\/script>\n<!-- \/ Yoast SEO plugin. -->","yoast_head_json":{"title":"GFSO Anlagen & Infrastruktur - Wasserverband","robots":{"index":"noindex","follow":"follow","max-snippet":"max-snippet:-1","max-image-preview":"max-image-preview:large","max-video-preview":"max-video-preview:-1"},"og_locale":"de_DE","og_type":"article","og_title":"GFSO Anlagen & Infrastruktur - Wasserverband","og_description":"Technische Angaben Die Wasser\u00adversorgungs\u00adanlage des Wasser\u00adverbandes Grazerfeld S\u00fcdost hat im Wesent\u00adlichen drei Aufgaben zu erf\u00fcllen: F\u00f6rderung Das Wasserwerk G\u00f6ssendorf verf\u00fcgt \u00fcber zwei rund 18 Meter tiefe Vertikalfilterbrunnen. Diese Brunnen erzielen gemeinsam eine maximale F\u00f6rderleistung von 40 Liter pro Sekunde. Seit 2024 sind in Thondorf zwei weitere Vertikalfilterbrunnen mit 20 Meter Tiefe und 0,8 Meter Filterrohrdurchmesser [&hellip;]","og_url":"https:\/\/projekt1.movemusweb.at\/index.php\/gfso-anlagen-infrastruktur\/","og_site_name":"Wasserverband","article_modified_time":"2026-04-03T12:59:45+00:00","twitter_card":"summary_large_image","twitter_misc":{"Gesch\u00e4tzte Lesezeit":"2\u00a0Minuten"},"schema":{"@context":"https:\/\/schema.org","@graph":[{"@type":"WebPage","@id":"https:\/\/projekt1.movemusweb.at\/index.php\/gfso-anlagen-infrastruktur\/","url":"https:\/\/projekt1.movemusweb.at\/index.php\/gfso-anlagen-infrastruktur\/","name":"GFSO Anlagen & Infrastruktur - Wasserverband","isPartOf":{"@id":"https:\/\/projekt1.movemusweb.at\/#website"},"primaryImageOfPage":{"@id":"https:\/\/projekt1.movemusweb.at\/index.php\/gfso-anlagen-infrastruktur\/#primaryimage"},"image":{"@id":"https:\/\/projekt1.movemusweb.at\/index.php\/gfso-anlagen-infrastruktur\/#primaryimage"},"thumbnailUrl":"https:\/\/projekt1.movemusweb.at\/wp-content\/uploads\/2026\/03\/Wasserverband-GFSO-Key-Facts-2025.svg","datePublished":"2026-04-02T10:32:38+00:00","dateModified":"2026-04-03T12:59:45+00:00","breadcrumb":{"@id":"https:\/\/projekt1.movemusweb.at\/index.php\/gfso-anlagen-infrastruktur\/#breadcrumb"},"inLanguage":"de","potentialAction":[{"@type":"ReadAction","target":["https:\/\/projekt1.movemusweb.at\/index.php\/gfso-anlagen-infrastruktur\/"]}]},{"@type":"ImageObject","inLanguage":"de","@id":"https:\/\/projekt1.movemusweb.at\/index.php\/gfso-anlagen-infrastruktur\/#primaryimage","url":"https:\/\/projekt1.movemusweb.at\/wp-content\/uploads\/2026\/03\/Wasserverband-GFSO-Key-Facts-2025.svg","contentUrl":"https:\/\/projekt1.movemusweb.at\/wp-content\/uploads\/2026\/03\/Wasserverband-GFSO-Key-Facts-2025.svg","width":1006.386,"height":720.436},{"@type":"BreadcrumbList","@id":"https:\/\/projekt1.movemusweb.at\/index.php\/gfso-anlagen-infrastruktur\/#breadcrumb","itemListElement":[{"@type":"ListItem","position":1,"name":"Startseite","item":"https:\/\/projekt1.movemusweb.at\/"},{"@type":"ListItem","position":2,"name":"GFSO Anlagen &#038; Infrastruktur"}]},{"@type":"WebSite","@id":"https:\/\/projekt1.movemusweb.at\/#website","url":"https:\/\/projekt1.movemusweb.at\/","name":"Wasserverband","description":"Grazerfeld S\u00fcdost und Umland Graz","potentialAction":[{"@type":"SearchAction","target":{"@type":"EntryPoint","urlTemplate":"https:\/\/projekt1.movemusweb.at\/?s={search_term_string}"},"query-input":{"@type":"PropertyValueSpecification","valueRequired":true,"valueName":"search_term_string"}}],"inLanguage":"de"}]}},"_links":{"self":[{"href":"https:\/\/projekt1.movemusweb.at\/index.php\/wp-json\/wp\/v2\/pages\/1221","targetHints":{"allow":["GET"]}}],"collection":[{"href":"https:\/\/projekt1.movemusweb.at\/index.php\/wp-json\/wp\/v2\/pages"}],"about":[{"href":"https:\/\/projekt1.movemusweb.at\/index.php\/wp-json\/wp\/v2\/types\/page"}],"author":[{"embeddable":true,"href":"https:\/\/projekt1.movemusweb.at\/index.php\/wp-json\/wp\/v2\/users\/1"}],"replies":[{"embeddable":true,"href":"https:\/\/projekt1.movemusweb.at\/index.php\/wp-json\/wp\/v2\/comments?post=1221"}],"version-history":[{"count":19,"href":"https:\/\/projekt1.movemusweb.at\/index.php\/wp-json\/wp\/v2\/pages\/1221\/revisions"}],"predecessor-version":[{"id":1561,"href":"https:\/\/projekt1.movemusweb.at\/index.php\/wp-json\/wp\/v2\/pages\/1221\/revisions\/1561"}],"wp:attachment":[{"href":"https:\/\/projekt1.movemusweb.at\/index.php\/wp-json\/wp\/v2\/media?parent=1221"}],"curies":[{"name":"wp","href":"https:\/\/api.w.org\/{rel}","templated":true}]}}