{"id":1432,"date":"2026-04-02T23:23:32","date_gmt":"2026-04-02T23:23:32","guid":{"rendered":"https:\/\/projekt1.movemusweb.at\/?page_id=1432"},"modified":"2026-04-08T19:23:11","modified_gmt":"2026-04-08T19:23:11","slug":"wasserverbrauch","status":"publish","type":"page","link":"https:\/\/projekt1.movemusweb.at\/index.php\/wasserverbrauch\/","title":{"rendered":"Wasserverbrauch"},"content":{"rendered":"\t\t<div data-elementor-type=\"wp-page\" data-elementor-id=\"1432\" class=\"elementor elementor-1432\" data-elementor-post-type=\"page\">\n\t\t\t\t<div class=\"elementor-element elementor-element-49a1de0 e-con-full e-flex e-con e-parent\" data-id=\"49a1de0\" data-element_type=\"container\" data-e-type=\"container\" data-settings=\"{&quot;jet_parallax_layout_list&quot;:[]}\">\n\t\t<div class=\"elementor-element elementor-element-6dbded6 e-con-full e-flex e-con e-child\" data-id=\"6dbded6\" data-element_type=\"container\" data-e-type=\"container\" data-settings=\"{&quot;background_background&quot;:&quot;classic&quot;,&quot;jet_parallax_layout_list&quot;:[]}\">\n\t\t<div class=\"elementor-element elementor-element-39cb3e6 e-con-full e-flex e-con e-child\" data-id=\"39cb3e6\" data-element_type=\"container\" data-e-type=\"container\" data-settings=\"{&quot;jet_parallax_layout_list&quot;:[]}\">\n\t\t\t\t<div class=\"elementor-element elementor-element-1492124 elementor-widget elementor-widget-heading\" data-id=\"1492124\" data-element_type=\"widget\" data-e-type=\"widget\" data-widget_type=\"heading.default\">\n\t\t\t\t\t<h1 class=\"elementor-heading-title elementor-size-default\"><b>Wasser&shy;verbrauch<br> im\nHaushalt<\/b><\/h1>\t\t\t\t<\/div>\n\t\t\t\t<\/div>\n\t\t\t\t<\/div>\n\t\t\t\t<\/div>\n\t\t<div class=\"elementor-element elementor-element-fed0d62 e-con-full e-flex e-con e-parent\" data-id=\"fed0d62\" data-element_type=\"container\" data-e-type=\"container\" data-settings=\"{&quot;jet_parallax_layout_list&quot;:[]}\">\n\t\t<div class=\"elementor-element elementor-element-dfec1d0 e-con-full e-grid e-con e-child\" data-id=\"dfec1d0\" data-element_type=\"container\" data-e-type=\"container\" data-settings=\"{&quot;jet_parallax_layout_list&quot;:[]}\">\n\t\t<div class=\"elementor-element elementor-element-22ba188 e-con-full e-flex e-con e-child\" data-id=\"22ba188\" data-element_type=\"container\" data-e-type=\"container\" data-settings=\"{&quot;background_background&quot;:&quot;classic&quot;,&quot;jet_parallax_layout_list&quot;:[]}\">\n\t\t\t\t<\/div>\n\t\t<div class=\"elementor-element elementor-element-22609b7 e-con-full e-flex e-con e-child\" data-id=\"22609b7\" data-element_type=\"container\" data-e-type=\"container\" data-settings=\"{&quot;background_background&quot;:&quot;classic&quot;,&quot;jet_parallax_layout_list&quot;:[]}\">\n\t\t\t\t<div class=\"elementor-element elementor-element-3126da3 elementor-widget elementor-widget-heading\" data-id=\"3126da3\" data-element_type=\"widget\" data-e-type=\"widget\" data-widget_type=\"heading.default\">\n\t\t\t\t\t<h2 class=\"elementor-heading-title elementor-size-default\">Durchschnittlicher Wasserverbrauch in \u00d6sterreichs Haushalten pro Person und Tag: <u>ca. 130 Liter<\/u><\/h2>\t\t\t\t<\/div>\n\t\t\t\t<div class=\"elementor-element elementor-element-ee21c52 elementor-widget elementor-widget-text-editor\" data-id=\"ee21c52\" data-element_type=\"widget\" data-e-type=\"widget\" data-widget_type=\"text-editor.default\">\n\t\t\t\t\t\t\t\t\t<p>In den letzten Jahren hat der \u00f6sterreichische Wasserverbrauch leicht abgenommen, obwohl die Bev\u00f6lkerung stets w\u00e4chst. Dies liegt vor allem an modernen Haushaltsger\u00e4ten und Installationen. Die Grafik unten zeigt Beispiele f\u00fcr den durchschnittlichen Verbrauch bestimmter Wassernutzungen.<\/p>\t\t\t\t\t\t\t\t<\/div>\n\t\t\t\t<\/div>\n\t\t\t\t<\/div>\n\t\t\t\t<\/div>\n\t\t<div class=\"elementor-element elementor-element-ae967bb e-con-full e-flex e-con e-parent\" data-id=\"ae967bb\" data-element_type=\"container\" data-e-type=\"container\" data-settings=\"{&quot;jet_parallax_layout_list&quot;:[]}\">\n\t\t<div class=\"elementor-element elementor-element-978255d e-con-full e-grid e-con e-child\" data-id=\"978255d\" data-element_type=\"container\" data-e-type=\"container\" data-settings=\"{&quot;jet_parallax_layout_list&quot;:[]}\">\n\t\t<div class=\"elementor-element elementor-element-88bbede e-con-full e-flex e-con e-child\" data-id=\"88bbede\" data-element_type=\"container\" data-e-type=\"container\" data-settings=\"{&quot;background_background&quot;:&quot;classic&quot;,&quot;jet_parallax_layout_list&quot;:[]}\">\n\t\t\t\t<div class=\"elementor-element elementor-element-76497f6 elementor-widget elementor-widget-heading\" data-id=\"76497f6\" data-element_type=\"widget\" data-e-type=\"widget\" data-widget_type=\"heading.default\">\n\t\t\t\t\t<h3 class=\"elementor-heading-title elementor-size-default\">Wassersparen im Alltag\n<\/h3>\t\t\t\t<\/div>\n\t\t\t\t<div class=\"elementor-element elementor-element-2b7d187 elementor-widget elementor-widget-text-editor\" data-id=\"2b7d187\" data-element_type=\"widget\" data-e-type=\"widget\" data-widget_type=\"text-editor.default\">\n\t\t\t\t\t\t\t\t\t<p>Baden und Duschen (44 Liter) sowie die WC-Sp\u00fclung (40 Liter) stellen den gr\u00f6\u00dften Wasserverbrauch im Haushalt dar. Kochen und Trinken hingegen verbrauchen durchschnittlich nur 3 Liter Wasser pro Tag und Kopf.<\/p><p>Obwohl moderne Ger\u00e4te und Installationen beim Wasser sparen bereits helfen, sind hier noch ein paar Tipps, wie im eigenen Haushalt Wasser eingespart werden kann:<\/p>\t\t\t\t\t\t\t\t<\/div>\n\t\t\t\t<div class=\"elementor-element elementor-element-0ba7d77 elementor-icon-list--layout-traditional elementor-list-item-link-full_width elementor-widget elementor-widget-icon-list\" data-id=\"0ba7d77\" data-element_type=\"widget\" data-e-type=\"widget\" data-widget_type=\"icon-list.default\">\n\t\t\t\t\t\t\t<ul class=\"elementor-icon-list-items\">\n\t\t\t\t\t\t\t<li class=\"elementor-icon-list-item\">\n\t\t\t\t\t\t\t\t\t\t\t<span class=\"elementor-icon-list-icon\">\n\t\t\t\t\t\t\t<svg aria-hidden=\"true\" class=\"e-font-icon-svg e-fas-circle\" viewBox=\"0 0 512 512\" xmlns=\"http:\/\/www.w3.org\/2000\/svg\"><path d=\"M256 8C119 8 8 119 8 256s111 248 248 248 248-111 248-248S393 8 256 8z\"><\/path><\/svg>\t\t\t\t\t\t<\/span>\n\t\t\t\t\t\t\t\t\t\t<span class=\"elementor-icon-list-text\">Reparieren Sie tropfende Wasserh\u00e4hne und Sp\u00fclk\u00e4sten zeitnah \u2013 das schont Umwelt und Geldbeutel. Nutzen Sie Sp\u00fcl- und Waschmaschinen m\u00f6glichst voll beladen \u2013 das spart Wasser und Energie.<\/span>\n\t\t\t\t\t\t\t\t\t<\/li>\n\t\t\t\t\t\t\t\t<li class=\"elementor-icon-list-item\">\n\t\t\t\t\t\t\t\t\t\t\t<span class=\"elementor-icon-list-icon\">\n\t\t\t\t\t\t\t<svg aria-hidden=\"true\" class=\"e-font-icon-svg e-fas-circle\" viewBox=\"0 0 512 512\" xmlns=\"http:\/\/www.w3.org\/2000\/svg\"><path d=\"M256 8C119 8 8 119 8 256s111 248 248 248 248-111 248-248S393 8 256 8z\"><\/path><\/svg>\t\t\t\t\t\t<\/span>\n\t\t\t\t\t\t\t\t\t\t<span class=\"elementor-icon-list-text\">Drehen Sie den Wasserhahn zwischendurch ab, z.\u202fB. beim Z\u00e4hneputzen oder Gem\u00fcsewaschen \u2013 am besten in einer Sch\u00fcssel reinigen.<\/span>\n\t\t\t\t\t\t\t\t\t<\/li>\n\t\t\t\t\t\t\t\t<li class=\"elementor-icon-list-item\">\n\t\t\t\t\t\t\t\t\t\t\t<span class=\"elementor-icon-list-icon\">\n\t\t\t\t\t\t\t<svg aria-hidden=\"true\" class=\"e-font-icon-svg e-fas-circle\" viewBox=\"0 0 512 512\" xmlns=\"http:\/\/www.w3.org\/2000\/svg\"><path d=\"M256 8C119 8 8 119 8 256s111 248 248 248 248-111 248-248S393 8 256 8z\"><\/path><\/svg>\t\t\t\t\t\t<\/span>\n\t\t\t\t\t\t\t\t\t\t<span class=\"elementor-icon-list-text\">Gie\u00dfen Sie Ihre Pflanzen am besten morgens \u2013 so bleibt mehr Feuchtigkeit im Boden. Sparen Sie auch \u201evirtuelles Wasser\u201c: durch regionale, saisonale Lebensmittel, Secondhand-Kleidung und wiederverwendbare Taschen.<\/span>\n\t\t\t\t\t\t\t\t\t<\/li>\n\t\t\t\t\t\t<\/ul>\n\t\t\t\t\t\t<\/div>\n\t\t\t\t<\/div>\n\t\t<div class=\"elementor-element elementor-element-514277e e-con-full e-flex e-con e-child\" data-id=\"514277e\" data-element_type=\"container\" data-e-type=\"container\" data-settings=\"{&quot;background_background&quot;:&quot;classic&quot;,&quot;jet_parallax_layout_list&quot;:[]}\">\n\t\t\t\t<div class=\"elementor-element elementor-element-d5bf83c elementor-widget elementor-widget-heading\" data-id=\"d5bf83c\" data-element_type=\"widget\" data-e-type=\"widget\" data-widget_type=\"heading.default\">\n\t\t\t\t\t<h3 class=\"elementor-heading-title elementor-size-default\">Wasser&shy;bedarf in \u00d6ster&shy;reich<\/h3>\t\t\t\t<\/div>\n\t\t\t\t<div class=\"elementor-element elementor-element-7589ebd elementor-widget elementor-widget-text-editor\" data-id=\"7589ebd\" data-element_type=\"widget\" data-e-type=\"widget\" data-widget_type=\"text-editor.default\">\n\t\t\t\t\t\t\t\t\t<p>Betrachtet man den gesamten Wasserbedarf in \u00d6sterreich, so wird das meiste Wasser von Industrie und Gewerbe ben\u00f6tigt (ca. 70 %). 24 % wird f\u00fcr die Wasserversorgung von Haushalten aufgebracht und nur 4 % werden f\u00fcr die Landwirtschaft genutzt.<\/p>\t\t\t\t\t\t\t\t<\/div>\n\t\t\t\t<\/div>\n\t\t\t\t<\/div>\n\t\t\t\t<\/div>\n\t\t<div class=\"elementor-element elementor-element-7bd8e94 e-con-full e-flex e-con e-parent\" data-id=\"7bd8e94\" data-element_type=\"container\" data-e-type=\"container\" data-settings=\"{&quot;jet_parallax_layout_list&quot;:[]}\">\n\t\t<div class=\"elementor-element elementor-element-e6c178e e-con-full e-flex e-con e-child\" data-id=\"e6c178e\" data-element_type=\"container\" data-e-type=\"container\" data-settings=\"{&quot;background_background&quot;:&quot;classic&quot;,&quot;jet_parallax_layout_list&quot;:[]}\">\n\t\t\t\t<div class=\"elementor-element elementor-element-094f573 elementor-widget elementor-widget-image\" data-id=\"094f573\" data-element_type=\"widget\" data-e-type=\"widget\" data-widget_type=\"image.default\">\n\t\t\t\t\t\t\t\t\t\t\t\t\t\t\t<img fetchpriority=\"high\" decoding=\"async\" width=\"888\" height=\"793\" src=\"https:\/\/projekt1.movemusweb.at\/wp-content\/uploads\/2026\/04\/Wasserverband-Grafik-Wasserverbrauch-001.svg\" class=\"attachment-1536x1536 size-1536x1536 wp-image-1918\" alt=\"\" \/>\t\t\t\t\t\t\t\t\t\t\t\t\t\t\t<\/div>\n\t\t\t\t<\/div>\n\t\t\t\t<\/div>\n\t\t\t\t<\/div>\n\t\t","protected":false},"excerpt":{"rendered":"<p>Wasser&shy;verbrauch im Haushalt Durchschnittlicher Wasserverbrauch in \u00d6sterreichs Haushalten pro Person und Tag: ca. 130 Liter In den letzten Jahren hat der \u00f6sterreichische Wasserverbrauch leicht abgenommen, obwohl die Bev\u00f6lkerung stets w\u00e4chst. Dies liegt vor allem an modernen Haushaltsger\u00e4ten und Installationen. Die Grafik unten zeigt Beispiele f\u00fcr den durchschnittlichen Verbrauch bestimmter Wassernutzungen. Wassersparen im Alltag Baden und [&hellip;]<\/p>\n","protected":false},"author":1,"featured_media":0,"parent":0,"menu_order":0,"comment_status":"closed","ping_status":"closed","template":"","meta":{"footnotes":""},"class_list":["post-1432","page","type-page","status-publish","hentry"],"yoast_head":"<!-- This site is optimized with the Yoast SEO plugin v27.1.1 - https:\/\/yoast.com\/product\/yoast-seo-wordpress\/ -->\n<title>Wasserverbrauch - Wasserverband<\/title>\n<meta name=\"robots\" content=\"noindex, follow, max-snippet:-1, max-image-preview:large, max-video-preview:-1\" \/>\n<meta property=\"og:locale\" content=\"de_DE\" \/>\n<meta property=\"og:type\" content=\"article\" \/>\n<meta property=\"og:title\" content=\"Wasserverbrauch - Wasserverband\" \/>\n<meta property=\"og:description\" content=\"Wasser&shy;verbrauch im Haushalt Durchschnittlicher Wasserverbrauch in \u00d6sterreichs Haushalten pro Person und Tag: ca. 130 Liter In den letzten Jahren hat der \u00f6sterreichische Wasserverbrauch leicht abgenommen, obwohl die Bev\u00f6lkerung stets w\u00e4chst. Dies liegt vor allem an modernen Haushaltsger\u00e4ten und Installationen. Die Grafik unten zeigt Beispiele f\u00fcr den durchschnittlichen Verbrauch bestimmter Wassernutzungen. Wassersparen im Alltag Baden und [&hellip;]\" \/>\n<meta property=\"og:url\" content=\"https:\/\/projekt1.movemusweb.at\/index.php\/wasserverbrauch\/\" \/>\n<meta property=\"og:site_name\" content=\"Wasserverband\" \/>\n<meta property=\"article:modified_time\" content=\"2026-04-08T19:23:11+00:00\" \/>\n<meta name=\"twitter:card\" content=\"summary_large_image\" \/>\n<meta name=\"twitter:label1\" content=\"Gesch\u00e4tzte Lesezeit\" \/>\n\t<meta name=\"twitter:data1\" content=\"2\u00a0Minuten\" \/>\n<script type=\"application\/ld+json\" class=\"yoast-schema-graph\">{\"@context\":\"https:\/\/schema.org\",\"@graph\":[{\"@type\":\"WebPage\",\"@id\":\"https:\/\/projekt1.movemusweb.at\/index.php\/wasserverbrauch\/\",\"url\":\"https:\/\/projekt1.movemusweb.at\/index.php\/wasserverbrauch\/\",\"name\":\"Wasserverbrauch - Wasserverband\",\"isPartOf\":{\"@id\":\"https:\/\/projekt1.movemusweb.at\/#website\"},\"primaryImageOfPage\":{\"@id\":\"https:\/\/projekt1.movemusweb.at\/index.php\/wasserverbrauch\/#primaryimage\"},\"image\":{\"@id\":\"https:\/\/projekt1.movemusweb.at\/index.php\/wasserverbrauch\/#primaryimage\"},\"thumbnailUrl\":\"https:\/\/projekt1.movemusweb.at\/wp-content\/uploads\/2026\/04\/Wasserverband-Grafik-Wasserverbrauch-001.svg\",\"datePublished\":\"2026-04-02T23:23:32+00:00\",\"dateModified\":\"2026-04-08T19:23:11+00:00\",\"breadcrumb\":{\"@id\":\"https:\/\/projekt1.movemusweb.at\/index.php\/wasserverbrauch\/#breadcrumb\"},\"inLanguage\":\"de\",\"potentialAction\":[{\"@type\":\"ReadAction\",\"target\":[\"https:\/\/projekt1.movemusweb.at\/index.php\/wasserverbrauch\/\"]}]},{\"@type\":\"ImageObject\",\"inLanguage\":\"de\",\"@id\":\"https:\/\/projekt1.movemusweb.at\/index.php\/wasserverbrauch\/#primaryimage\",\"url\":\"https:\/\/projekt1.movemusweb.at\/wp-content\/uploads\/2026\/04\/Wasserverband-Grafik-Wasserverbrauch-001.svg\",\"contentUrl\":\"https:\/\/projekt1.movemusweb.at\/wp-content\/uploads\/2026\/04\/Wasserverband-Grafik-Wasserverbrauch-001.svg\",\"width\":888.264,\"height\":792.507},{\"@type\":\"BreadcrumbList\",\"@id\":\"https:\/\/projekt1.movemusweb.at\/index.php\/wasserverbrauch\/#breadcrumb\",\"itemListElement\":[{\"@type\":\"ListItem\",\"position\":1,\"name\":\"Startseite\",\"item\":\"https:\/\/projekt1.movemusweb.at\/\"},{\"@type\":\"ListItem\",\"position\":2,\"name\":\"Wasserverbrauch\"}]},{\"@type\":\"WebSite\",\"@id\":\"https:\/\/projekt1.movemusweb.at\/#website\",\"url\":\"https:\/\/projekt1.movemusweb.at\/\",\"name\":\"Wasserverband\",\"description\":\"Grazerfeld S\u00fcdost und Umland Graz\",\"potentialAction\":[{\"@type\":\"SearchAction\",\"target\":{\"@type\":\"EntryPoint\",\"urlTemplate\":\"https:\/\/projekt1.movemusweb.at\/?s={search_term_string}\"},\"query-input\":{\"@type\":\"PropertyValueSpecification\",\"valueRequired\":true,\"valueName\":\"search_term_string\"}}],\"inLanguage\":\"de\"}]}<\/script>\n<!-- \/ Yoast SEO plugin. -->","yoast_head_json":{"title":"Wasserverbrauch - Wasserverband","robots":{"index":"noindex","follow":"follow","max-snippet":"max-snippet:-1","max-image-preview":"max-image-preview:large","max-video-preview":"max-video-preview:-1"},"og_locale":"de_DE","og_type":"article","og_title":"Wasserverbrauch - Wasserverband","og_description":"Wasser&shy;verbrauch im Haushalt Durchschnittlicher Wasserverbrauch in \u00d6sterreichs Haushalten pro Person und Tag: ca. 130 Liter In den letzten Jahren hat der \u00f6sterreichische Wasserverbrauch leicht abgenommen, obwohl die Bev\u00f6lkerung stets w\u00e4chst. Dies liegt vor allem an modernen Haushaltsger\u00e4ten und Installationen. Die Grafik unten zeigt Beispiele f\u00fcr den durchschnittlichen Verbrauch bestimmter Wassernutzungen. Wassersparen im Alltag Baden und [&hellip;]","og_url":"https:\/\/projekt1.movemusweb.at\/index.php\/wasserverbrauch\/","og_site_name":"Wasserverband","article_modified_time":"2026-04-08T19:23:11+00:00","twitter_card":"summary_large_image","twitter_misc":{"Gesch\u00e4tzte Lesezeit":"2\u00a0Minuten"},"schema":{"@context":"https:\/\/schema.org","@graph":[{"@type":"WebPage","@id":"https:\/\/projekt1.movemusweb.at\/index.php\/wasserverbrauch\/","url":"https:\/\/projekt1.movemusweb.at\/index.php\/wasserverbrauch\/","name":"Wasserverbrauch - Wasserverband","isPartOf":{"@id":"https:\/\/projekt1.movemusweb.at\/#website"},"primaryImageOfPage":{"@id":"https:\/\/projekt1.movemusweb.at\/index.php\/wasserverbrauch\/#primaryimage"},"image":{"@id":"https:\/\/projekt1.movemusweb.at\/index.php\/wasserverbrauch\/#primaryimage"},"thumbnailUrl":"https:\/\/projekt1.movemusweb.at\/wp-content\/uploads\/2026\/04\/Wasserverband-Grafik-Wasserverbrauch-001.svg","datePublished":"2026-04-02T23:23:32+00:00","dateModified":"2026-04-08T19:23:11+00:00","breadcrumb":{"@id":"https:\/\/projekt1.movemusweb.at\/index.php\/wasserverbrauch\/#breadcrumb"},"inLanguage":"de","potentialAction":[{"@type":"ReadAction","target":["https:\/\/projekt1.movemusweb.at\/index.php\/wasserverbrauch\/"]}]},{"@type":"ImageObject","inLanguage":"de","@id":"https:\/\/projekt1.movemusweb.at\/index.php\/wasserverbrauch\/#primaryimage","url":"https:\/\/projekt1.movemusweb.at\/wp-content\/uploads\/2026\/04\/Wasserverband-Grafik-Wasserverbrauch-001.svg","contentUrl":"https:\/\/projekt1.movemusweb.at\/wp-content\/uploads\/2026\/04\/Wasserverband-Grafik-Wasserverbrauch-001.svg","width":888.264,"height":792.507},{"@type":"BreadcrumbList","@id":"https:\/\/projekt1.movemusweb.at\/index.php\/wasserverbrauch\/#breadcrumb","itemListElement":[{"@type":"ListItem","position":1,"name":"Startseite","item":"https:\/\/projekt1.movemusweb.at\/"},{"@type":"ListItem","position":2,"name":"Wasserverbrauch"}]},{"@type":"WebSite","@id":"https:\/\/projekt1.movemusweb.at\/#website","url":"https:\/\/projekt1.movemusweb.at\/","name":"Wasserverband","description":"Grazerfeld S\u00fcdost und Umland Graz","potentialAction":[{"@type":"SearchAction","target":{"@type":"EntryPoint","urlTemplate":"https:\/\/projekt1.movemusweb.at\/?s={search_term_string}"},"query-input":{"@type":"PropertyValueSpecification","valueRequired":true,"valueName":"search_term_string"}}],"inLanguage":"de"}]}},"_links":{"self":[{"href":"https:\/\/projekt1.movemusweb.at\/index.php\/wp-json\/wp\/v2\/pages\/1432","targetHints":{"allow":["GET"]}}],"collection":[{"href":"https:\/\/projekt1.movemusweb.at\/index.php\/wp-json\/wp\/v2\/pages"}],"about":[{"href":"https:\/\/projekt1.movemusweb.at\/index.php\/wp-json\/wp\/v2\/types\/page"}],"author":[{"embeddable":true,"href":"https:\/\/projekt1.movemusweb.at\/index.php\/wp-json\/wp\/v2\/users\/1"}],"replies":[{"embeddable":true,"href":"https:\/\/projekt1.movemusweb.at\/index.php\/wp-json\/wp\/v2\/comments?post=1432"}],"version-history":[{"count":37,"href":"https:\/\/projekt1.movemusweb.at\/index.php\/wp-json\/wp\/v2\/pages\/1432\/revisions"}],"predecessor-version":[{"id":1924,"href":"https:\/\/projekt1.movemusweb.at\/index.php\/wp-json\/wp\/v2\/pages\/1432\/revisions\/1924"}],"wp:attachment":[{"href":"https:\/\/projekt1.movemusweb.at\/index.php\/wp-json\/wp\/v2\/media?parent=1432"}],"curies":[{"name":"wp","href":"https:\/\/api.w.org\/{rel}","templated":true}]}}