{"id":1450,"date":"2026-04-02T23:53:46","date_gmt":"2026-04-02T23:53:46","guid":{"rendered":"https:\/\/projekt1.movemusweb.at\/?page_id=1450"},"modified":"2026-04-08T19:32:28","modified_gmt":"2026-04-08T19:32:28","slug":"wassersituation","status":"publish","type":"page","link":"https:\/\/projekt1.movemusweb.at\/index.php\/wassersituation\/","title":{"rendered":"Wassersituation"},"content":{"rendered":"\t\t<div data-elementor-type=\"wp-page\" data-elementor-id=\"1450\" class=\"elementor elementor-1450\" data-elementor-post-type=\"page\">\n\t\t\t\t<div class=\"elementor-element elementor-element-49a1de0 e-con-full e-flex e-con e-parent\" data-id=\"49a1de0\" data-element_type=\"container\" data-e-type=\"container\" data-settings=\"{&quot;jet_parallax_layout_list&quot;:[]}\">\n\t\t<div class=\"elementor-element elementor-element-6dbded6 e-con-full e-flex e-con e-child\" data-id=\"6dbded6\" data-element_type=\"container\" data-e-type=\"container\" data-settings=\"{&quot;background_background&quot;:&quot;classic&quot;,&quot;jet_parallax_layout_list&quot;:[]}\">\n\t\t<div class=\"elementor-element elementor-element-39cb3e6 e-con-full e-flex e-con e-child\" data-id=\"39cb3e6\" data-element_type=\"container\" data-e-type=\"container\" data-settings=\"{&quot;jet_parallax_layout_list&quot;:[]}\">\n\t\t\t\t<div class=\"elementor-element elementor-element-1492124 elementor-widget elementor-widget-heading\" data-id=\"1492124\" data-element_type=\"widget\" data-e-type=\"widget\" data-widget_type=\"heading.default\">\n\t\t\t\t\t<h1 class=\"elementor-heading-title elementor-size-default\"><b>Globale<br> Wasser&shy;situation<\/b><\/h1>\t\t\t\t<\/div>\n\t\t\t\t<\/div>\n\t\t\t\t<\/div>\n\t\t\t\t<\/div>\n\t\t<div class=\"elementor-element elementor-element-fed0d62 e-con-full e-flex e-con e-parent\" data-id=\"fed0d62\" data-element_type=\"container\" data-e-type=\"container\" data-settings=\"{&quot;jet_parallax_layout_list&quot;:[]}\">\n\t\t<div class=\"elementor-element elementor-element-dfec1d0 e-con-full e-grid e-con e-child\" data-id=\"dfec1d0\" data-element_type=\"container\" data-e-type=\"container\" data-settings=\"{&quot;jet_parallax_layout_list&quot;:[]}\">\n\t\t<div class=\"elementor-element elementor-element-22ba188 e-con-full e-flex e-con e-child\" data-id=\"22ba188\" data-element_type=\"container\" data-e-type=\"container\" data-settings=\"{&quot;background_background&quot;:&quot;classic&quot;,&quot;jet_parallax_layout_list&quot;:[]}\">\n\t\t\t\t<\/div>\n\t\t<div class=\"elementor-element elementor-element-22609b7 e-con-full e-flex e-con e-child\" data-id=\"22609b7\" data-element_type=\"container\" data-e-type=\"container\" data-settings=\"{&quot;background_background&quot;:&quot;classic&quot;,&quot;jet_parallax_layout_list&quot;:[]}\">\n\t\t\t\t<div class=\"elementor-element elementor-element-3126da3 elementor-widget elementor-widget-heading\" data-id=\"3126da3\" data-element_type=\"widget\" data-e-type=\"widget\" data-widget_type=\"heading.default\">\n\t\t\t\t\t<h2 class=\"elementor-heading-title elementor-size-default\">Rund 70 Prozent der Erdoberfl\u00e4che sind von Wasser bedeckt, doch das meiste davon ist salziges Meerwasser, das als Trinkwasser unbrauchbar ist.<\/h2>\t\t\t\t<\/div>\n\t\t\t\t<\/div>\n\t\t\t\t<\/div>\n\t\t\t\t<\/div>\n\t\t<div class=\"elementor-element elementor-element-ae967bb e-con-full e-flex e-con e-parent\" data-id=\"ae967bb\" data-element_type=\"container\" data-e-type=\"container\" data-settings=\"{&quot;jet_parallax_layout_list&quot;:[]}\">\n\t\t<div class=\"elementor-element elementor-element-88bbede e-con-full e-flex e-con e-child\" data-id=\"88bbede\" data-element_type=\"container\" data-e-type=\"container\" data-settings=\"{&quot;background_background&quot;:&quot;classic&quot;,&quot;jet_parallax_layout_list&quot;:[]}\">\n\t\t\t\t<div class=\"elementor-element elementor-element-2b7d187 elementor-widget elementor-widget-text-editor\" data-id=\"2b7d187\" data-element_type=\"widget\" data-e-type=\"widget\" data-widget_type=\"text-editor.default\">\n\t\t\t\t\t\t\t\t\t<p>Ein weiterer Teil ist in Polarkappen, Gletschern etc. gefroren und damit ebenfalls nicht verf\u00fcgbar. Die Menschheit muss daher mit einem Bruchteil von einem Prozent der weltweit vorhandenen Wassermenge ihren gesamten S\u00fc\u00dfwasserbedarf stillen \u2013 zum Trinken, zum Bew\u00e4ssern und f\u00fcr die Industrie.<\/p><p>Die weltweiten Wasservorkommen sind sehr ungleich verteilt. Schon heute haben rund 1,2 Milliarden Menschen, haupts\u00e4chlich in den Entwicklungsl\u00e4ndern, keinen Zugang zu sauberem Trinkwasser*. Bedenkt man zus\u00e4tzlich die Auswirkungen von Wasserverschmutzung, Klimawandel und wachsender Erdbev\u00f6lkerung, dann wird klar, dass der Mangel an S\u00fc\u00dfwasser eines der dringlichsten Probleme der Menschheit darstellt.<\/p><p>* Quelle: Water for the world foundation<\/p>\t\t\t\t\t\t\t\t<\/div>\n\t\t\t\t<\/div>\n\t\t\t\t<\/div>\n\t\t<div class=\"elementor-element elementor-element-420d0e4 e-con-full e-flex e-con e-parent\" data-id=\"420d0e4\" data-element_type=\"container\" data-e-type=\"container\" data-settings=\"{&quot;jet_parallax_layout_list&quot;:[]}\">\n\t\t<div class=\"elementor-element elementor-element-797309d e-con-full e-grid e-con e-child\" data-id=\"797309d\" data-element_type=\"container\" data-e-type=\"container\" data-settings=\"{&quot;jet_parallax_layout_list&quot;:[]}\">\n\t\t<div class=\"elementor-element elementor-element-2c7c344 e-con-full e-flex e-con e-child\" data-id=\"2c7c344\" data-element_type=\"container\" data-e-type=\"container\" data-settings=\"{&quot;background_background&quot;:&quot;classic&quot;,&quot;jet_parallax_layout_list&quot;:[]}\">\n\t\t\t\t<div class=\"elementor-element elementor-element-8cbe864 elementor-widget elementor-widget-heading\" data-id=\"8cbe864\" data-element_type=\"widget\" data-e-type=\"widget\" data-widget_type=\"heading.default\">\n\t\t\t\t\t<h3 class=\"elementor-heading-title elementor-size-default\">Regionale Wasser&shy;situation<\/h3>\t\t\t\t<\/div>\n\t\t\t\t<div class=\"elementor-element elementor-element-e71d570 elementor-widget elementor-widget-text-editor\" data-id=\"e71d570\" data-element_type=\"widget\" data-e-type=\"widget\" data-widget_type=\"text-editor.default\">\n\t\t\t\t\t\t\t\t\t<p>In der Steiermark stammen etwa 99 % des Trinkwassers aus Grund- und Quellwasser, weshalb Grundwasser eine zentrale Rolle spielt.<\/p><p>Das Grundwasservorkommen im Grazer Becken ist das gr\u00f6\u00dfte s\u00fcdlich von Graz und befindet sich 2025 in sehr guter Verfassung. Die rund 14 Meter m\u00e4chtigen wasserf\u00fchrenden Schichten dienen als verl\u00e4sslicher Speicher \u2013 auch w\u00e4hrend l\u00e4ngerer Trockenperioden. Nach den trockenen Jahren 2019 und 2020 hat sich der Grundwasserspiegel seit Fr\u00fchjahr 2023 dank regelm\u00e4\u00dfiger Regenf\u00e4lle deutlich erholt und lag im Mai 2025 vielerorts \u00fcber dem langj\u00e4hrigen Durchschnitt. In den Wasserschutzgebieten der Wasserverb\u00e4nde liegt der Grundwasserspiegel zudem zehn Meter \u00fcber dem Grundwasserstauer \u2013 ein solides Fundament f\u00fcr die regionale Versorgung.<\/p><p>Dennoch ist ein bewusster Umgang mit dieser wertvollen Ressource entscheidend: Langfristiger Schutz, nachhaltige Bewirtschaftung und verantwortungsvoller Wassergebrauch sind unerl\u00e4sslich, um die Trinkwasserversorgung auch k\u00fcnftig zu sichern.<\/p>\t\t\t\t\t\t\t\t<\/div>\n\t\t\t\t<\/div>\n\t\t<div class=\"elementor-element elementor-element-f98a6b2 e-con-full e-flex e-con e-child\" data-id=\"f98a6b2\" data-element_type=\"container\" data-e-type=\"container\" data-settings=\"{&quot;background_background&quot;:&quot;classic&quot;,&quot;jet_parallax_layout_list&quot;:[]}\">\n\t\t\t\t<div class=\"elementor-element elementor-element-12a99f4 elementor-widget elementor-widget-image\" data-id=\"12a99f4\" data-element_type=\"widget\" data-e-type=\"widget\" data-widget_type=\"image.default\">\n\t\t\t\t\t\t\t\t\t\t\t\t\t\t\t<img fetchpriority=\"high\" decoding=\"async\" width=\"888\" height=\"793\" src=\"https:\/\/projekt1.movemusweb.at\/wp-content\/uploads\/2026\/04\/Wasserverband-Grafik-Wasserverbrauch-001.svg\" class=\"attachment-1536x1536 size-1536x1536 wp-image-1918\" alt=\"\" \/>\t\t\t\t\t\t\t\t\t\t\t\t\t\t\t<\/div>\n\t\t\t\t<\/div>\n\t\t\t\t<\/div>\n\t\t\t\t<\/div>\n\t\t\t\t<\/div>\n\t\t","protected":false},"excerpt":{"rendered":"<p>Globale Wasser&shy;situation Rund 70 Prozent der Erdoberfl\u00e4che sind von Wasser bedeckt, doch das meiste davon ist salziges Meerwasser, das als Trinkwasser unbrauchbar ist. Ein weiterer Teil ist in Polarkappen, Gletschern etc. gefroren und damit ebenfalls nicht verf\u00fcgbar. Die Menschheit muss daher mit einem Bruchteil von einem Prozent der weltweit vorhandenen Wassermenge ihren gesamten S\u00fc\u00dfwasserbedarf stillen [&hellip;]<\/p>\n","protected":false},"author":1,"featured_media":0,"parent":0,"menu_order":0,"comment_status":"closed","ping_status":"closed","template":"","meta":{"footnotes":""},"class_list":["post-1450","page","type-page","status-publish","hentry"],"yoast_head":"<!-- This site is optimized with the Yoast SEO plugin v27.1.1 - https:\/\/yoast.com\/product\/yoast-seo-wordpress\/ -->\n<title>Wassersituation - Wasserverband<\/title>\n<meta name=\"robots\" content=\"noindex, follow, max-snippet:-1, max-image-preview:large, max-video-preview:-1\" \/>\n<meta property=\"og:locale\" content=\"de_DE\" \/>\n<meta property=\"og:type\" content=\"article\" \/>\n<meta property=\"og:title\" content=\"Wassersituation - Wasserverband\" \/>\n<meta property=\"og:description\" content=\"Globale Wasser&shy;situation Rund 70 Prozent der Erdoberfl\u00e4che sind von Wasser bedeckt, doch das meiste davon ist salziges Meerwasser, das als Trinkwasser unbrauchbar ist. Ein weiterer Teil ist in Polarkappen, Gletschern etc. gefroren und damit ebenfalls nicht verf\u00fcgbar. Die Menschheit muss daher mit einem Bruchteil von einem Prozent der weltweit vorhandenen Wassermenge ihren gesamten S\u00fc\u00dfwasserbedarf stillen [&hellip;]\" \/>\n<meta property=\"og:url\" content=\"https:\/\/projekt1.movemusweb.at\/index.php\/wassersituation\/\" \/>\n<meta property=\"og:site_name\" content=\"Wasserverband\" \/>\n<meta property=\"article:modified_time\" content=\"2026-04-08T19:32:28+00:00\" \/>\n<meta property=\"og:image\" content=\"https:\/\/projekt1.movemusweb.at\/wp-content\/uploads\/2026\/04\/Wasserverband-Grafik-Wasserverbrauch-001.svg\" \/>\n<meta name=\"twitter:card\" content=\"summary_large_image\" \/>\n<meta name=\"twitter:label1\" content=\"Gesch\u00e4tzte Lesezeit\" \/>\n\t<meta name=\"twitter:data1\" content=\"2\u00a0Minuten\" \/>\n<script type=\"application\/ld+json\" class=\"yoast-schema-graph\">{\"@context\":\"https:\/\/schema.org\",\"@graph\":[{\"@type\":\"WebPage\",\"@id\":\"https:\/\/projekt1.movemusweb.at\/index.php\/wassersituation\/\",\"url\":\"https:\/\/projekt1.movemusweb.at\/index.php\/wassersituation\/\",\"name\":\"Wassersituation - Wasserverband\",\"isPartOf\":{\"@id\":\"https:\/\/projekt1.movemusweb.at\/#website\"},\"primaryImageOfPage\":{\"@id\":\"https:\/\/projekt1.movemusweb.at\/index.php\/wassersituation\/#primaryimage\"},\"image\":{\"@id\":\"https:\/\/projekt1.movemusweb.at\/index.php\/wassersituation\/#primaryimage\"},\"thumbnailUrl\":\"https:\/\/projekt1.movemusweb.at\/wp-content\/uploads\/2026\/04\/Wasserverband-Grafik-Wasserverbrauch-001.svg\",\"datePublished\":\"2026-04-02T23:53:46+00:00\",\"dateModified\":\"2026-04-08T19:32:28+00:00\",\"breadcrumb\":{\"@id\":\"https:\/\/projekt1.movemusweb.at\/index.php\/wassersituation\/#breadcrumb\"},\"inLanguage\":\"de\",\"potentialAction\":[{\"@type\":\"ReadAction\",\"target\":[\"https:\/\/projekt1.movemusweb.at\/index.php\/wassersituation\/\"]}]},{\"@type\":\"ImageObject\",\"inLanguage\":\"de\",\"@id\":\"https:\/\/projekt1.movemusweb.at\/index.php\/wassersituation\/#primaryimage\",\"url\":\"https:\/\/projekt1.movemusweb.at\/wp-content\/uploads\/2026\/04\/Wasserverband-Grafik-Wasserverbrauch-001.svg\",\"contentUrl\":\"https:\/\/projekt1.movemusweb.at\/wp-content\/uploads\/2026\/04\/Wasserverband-Grafik-Wasserverbrauch-001.svg\",\"width\":888.264,\"height\":792.507},{\"@type\":\"BreadcrumbList\",\"@id\":\"https:\/\/projekt1.movemusweb.at\/index.php\/wassersituation\/#breadcrumb\",\"itemListElement\":[{\"@type\":\"ListItem\",\"position\":1,\"name\":\"Startseite\",\"item\":\"https:\/\/projekt1.movemusweb.at\/\"},{\"@type\":\"ListItem\",\"position\":2,\"name\":\"Wassersituation\"}]},{\"@type\":\"WebSite\",\"@id\":\"https:\/\/projekt1.movemusweb.at\/#website\",\"url\":\"https:\/\/projekt1.movemusweb.at\/\",\"name\":\"Wasserverband\",\"description\":\"Grazerfeld S\u00fcdost und Umland Graz\",\"potentialAction\":[{\"@type\":\"SearchAction\",\"target\":{\"@type\":\"EntryPoint\",\"urlTemplate\":\"https:\/\/projekt1.movemusweb.at\/?s={search_term_string}\"},\"query-input\":{\"@type\":\"PropertyValueSpecification\",\"valueRequired\":true,\"valueName\":\"search_term_string\"}}],\"inLanguage\":\"de\"}]}<\/script>\n<!-- \/ Yoast SEO plugin. -->","yoast_head_json":{"title":"Wassersituation - Wasserverband","robots":{"index":"noindex","follow":"follow","max-snippet":"max-snippet:-1","max-image-preview":"max-image-preview:large","max-video-preview":"max-video-preview:-1"},"og_locale":"de_DE","og_type":"article","og_title":"Wassersituation - Wasserverband","og_description":"Globale Wasser&shy;situation Rund 70 Prozent der Erdoberfl\u00e4che sind von Wasser bedeckt, doch das meiste davon ist salziges Meerwasser, das als Trinkwasser unbrauchbar ist. Ein weiterer Teil ist in Polarkappen, Gletschern etc. gefroren und damit ebenfalls nicht verf\u00fcgbar. Die Menschheit muss daher mit einem Bruchteil von einem Prozent der weltweit vorhandenen Wassermenge ihren gesamten S\u00fc\u00dfwasserbedarf stillen [&hellip;]","og_url":"https:\/\/projekt1.movemusweb.at\/index.php\/wassersituation\/","og_site_name":"Wasserverband","article_modified_time":"2026-04-08T19:32:28+00:00","og_image":[{"url":"https:\/\/projekt1.movemusweb.at\/wp-content\/uploads\/2026\/04\/Wasserverband-Grafik-Wasserverbrauch-001.svg","type":"","width":"","height":""}],"twitter_card":"summary_large_image","twitter_misc":{"Gesch\u00e4tzte Lesezeit":"2\u00a0Minuten"},"schema":{"@context":"https:\/\/schema.org","@graph":[{"@type":"WebPage","@id":"https:\/\/projekt1.movemusweb.at\/index.php\/wassersituation\/","url":"https:\/\/projekt1.movemusweb.at\/index.php\/wassersituation\/","name":"Wassersituation - Wasserverband","isPartOf":{"@id":"https:\/\/projekt1.movemusweb.at\/#website"},"primaryImageOfPage":{"@id":"https:\/\/projekt1.movemusweb.at\/index.php\/wassersituation\/#primaryimage"},"image":{"@id":"https:\/\/projekt1.movemusweb.at\/index.php\/wassersituation\/#primaryimage"},"thumbnailUrl":"https:\/\/projekt1.movemusweb.at\/wp-content\/uploads\/2026\/04\/Wasserverband-Grafik-Wasserverbrauch-001.svg","datePublished":"2026-04-02T23:53:46+00:00","dateModified":"2026-04-08T19:32:28+00:00","breadcrumb":{"@id":"https:\/\/projekt1.movemusweb.at\/index.php\/wassersituation\/#breadcrumb"},"inLanguage":"de","potentialAction":[{"@type":"ReadAction","target":["https:\/\/projekt1.movemusweb.at\/index.php\/wassersituation\/"]}]},{"@type":"ImageObject","inLanguage":"de","@id":"https:\/\/projekt1.movemusweb.at\/index.php\/wassersituation\/#primaryimage","url":"https:\/\/projekt1.movemusweb.at\/wp-content\/uploads\/2026\/04\/Wasserverband-Grafik-Wasserverbrauch-001.svg","contentUrl":"https:\/\/projekt1.movemusweb.at\/wp-content\/uploads\/2026\/04\/Wasserverband-Grafik-Wasserverbrauch-001.svg","width":888.264,"height":792.507},{"@type":"BreadcrumbList","@id":"https:\/\/projekt1.movemusweb.at\/index.php\/wassersituation\/#breadcrumb","itemListElement":[{"@type":"ListItem","position":1,"name":"Startseite","item":"https:\/\/projekt1.movemusweb.at\/"},{"@type":"ListItem","position":2,"name":"Wassersituation"}]},{"@type":"WebSite","@id":"https:\/\/projekt1.movemusweb.at\/#website","url":"https:\/\/projekt1.movemusweb.at\/","name":"Wasserverband","description":"Grazerfeld S\u00fcdost und Umland Graz","potentialAction":[{"@type":"SearchAction","target":{"@type":"EntryPoint","urlTemplate":"https:\/\/projekt1.movemusweb.at\/?s={search_term_string}"},"query-input":{"@type":"PropertyValueSpecification","valueRequired":true,"valueName":"search_term_string"}}],"inLanguage":"de"}]}},"_links":{"self":[{"href":"https:\/\/projekt1.movemusweb.at\/index.php\/wp-json\/wp\/v2\/pages\/1450","targetHints":{"allow":["GET"]}}],"collection":[{"href":"https:\/\/projekt1.movemusweb.at\/index.php\/wp-json\/wp\/v2\/pages"}],"about":[{"href":"https:\/\/projekt1.movemusweb.at\/index.php\/wp-json\/wp\/v2\/types\/page"}],"author":[{"embeddable":true,"href":"https:\/\/projekt1.movemusweb.at\/index.php\/wp-json\/wp\/v2\/users\/1"}],"replies":[{"embeddable":true,"href":"https:\/\/projekt1.movemusweb.at\/index.php\/wp-json\/wp\/v2\/comments?post=1450"}],"version-history":[{"count":31,"href":"https:\/\/projekt1.movemusweb.at\/index.php\/wp-json\/wp\/v2\/pages\/1450\/revisions"}],"predecessor-version":[{"id":1933,"href":"https:\/\/projekt1.movemusweb.at\/index.php\/wp-json\/wp\/v2\/pages\/1450\/revisions\/1933"}],"wp:attachment":[{"href":"https:\/\/projekt1.movemusweb.at\/index.php\/wp-json\/wp\/v2\/media?parent=1450"}],"curies":[{"name":"wp","href":"https:\/\/api.w.org\/{rel}","templated":true}]}}