{"id":1452,"date":"2026-04-02T23:39:01","date_gmt":"2026-04-02T23:39:01","guid":{"rendered":"https:\/\/projekt1.movemusweb.at\/?page_id=1452"},"modified":"2026-04-08T11:55:26","modified_gmt":"2026-04-08T11:55:26","slug":"gesund-durch-wasser","status":"publish","type":"page","link":"https:\/\/projekt1.movemusweb.at\/index.php\/gesund-durch-wasser\/","title":{"rendered":"Gesund durch Wasser"},"content":{"rendered":"\t\t<div data-elementor-type=\"wp-page\" data-elementor-id=\"1452\" class=\"elementor elementor-1452\" data-elementor-post-type=\"page\">\n\t\t\t\t<div class=\"elementor-element elementor-element-49a1de0 e-con-full e-flex e-con e-parent\" data-id=\"49a1de0\" data-element_type=\"container\" data-e-type=\"container\" data-settings=\"{&quot;jet_parallax_layout_list&quot;:[]}\">\n\t\t<div class=\"elementor-element elementor-element-6dbded6 e-con-full e-flex e-con e-child\" data-id=\"6dbded6\" data-element_type=\"container\" data-e-type=\"container\" data-settings=\"{&quot;background_background&quot;:&quot;classic&quot;,&quot;jet_parallax_layout_list&quot;:[]}\">\n\t\t<div class=\"elementor-element elementor-element-39cb3e6 e-con-full e-flex e-con e-child\" data-id=\"39cb3e6\" data-element_type=\"container\" data-e-type=\"container\" data-settings=\"{&quot;jet_parallax_layout_list&quot;:[]}\">\n\t\t\t\t<div class=\"elementor-element elementor-element-1492124 elementor-widget elementor-widget-heading\" data-id=\"1492124\" data-element_type=\"widget\" data-e-type=\"widget\" data-widget_type=\"heading.default\">\n\t\t\t\t\t<h1 class=\"elementor-heading-title elementor-size-default\"><b>Gesund<br>durch<br>Wasser<\/b><\/h1>\t\t\t\t<\/div>\n\t\t\t\t<\/div>\n\t\t\t\t<\/div>\n\t\t\t\t<\/div>\n\t\t<div class=\"elementor-element elementor-element-fed0d62 e-con-full e-flex e-con e-parent\" data-id=\"fed0d62\" data-element_type=\"container\" data-e-type=\"container\" data-settings=\"{&quot;jet_parallax_layout_list&quot;:[]}\">\n\t\t<div class=\"elementor-element elementor-element-dfec1d0 e-con-full e-grid e-con e-child\" data-id=\"dfec1d0\" data-element_type=\"container\" data-e-type=\"container\" data-settings=\"{&quot;jet_parallax_layout_list&quot;:[]}\">\n\t\t<div class=\"elementor-element elementor-element-22609b7 e-con-full e-flex e-con e-child\" data-id=\"22609b7\" data-element_type=\"container\" data-e-type=\"container\" data-settings=\"{&quot;background_background&quot;:&quot;classic&quot;,&quot;jet_parallax_layout_list&quot;:[]}\">\n\t\t\t\t<div class=\"elementor-element elementor-element-ee21c52 elementor-widget elementor-widget-text-editor\" data-id=\"ee21c52\" data-element_type=\"widget\" data-e-type=\"widget\" data-widget_type=\"text-editor.default\">\n\t\t\t\t\t\t\t\t\t<p>Ohne Wasser kein Leben: W\u00e4hrend Menschen viele Tage ohne feste Nahrung auskommen k\u00f6nnen, f\u00fchrt Wassermangel bereits nach kurzer Zeit zum Tod. Das ist auch nicht weiter verwunderlich \u2013 immerhin besteht der K\u00f6rper eines Erwachsenen zu rund 70 Prozent aus Wasser, das Gehirn sogar zu 90 Prozent! Wasser ist f\u00fcr die optimale Blutzirkulation entscheidend, da es Giftstoffe der Zellen entsorgt und neue N\u00e4hrstoffe zuf\u00fchrt.<\/p><p>Doch Wasser wirkt nicht nur vorbeugend, sondern bei vielen Krankheiten sogar heilsam \u2013 zum Beispiel bei Herz-Kreislauferkrankungen, Kopfschmerzen, Asthma, Rheuma, R\u00fcckenschmerzen und vielen anderen Leiden.<\/p><p>Achten Sie bewusst auf Ihre Wasserzufuhr \u2013 und setzen Sie auf Qualit\u00e4t. Denn gesund durch Wasser zu leben bedeutet, die Kraft dieses kostbaren Elements f\u00fcr sich zu nutzen \u2013 jeden Tag.<\/p>\t\t\t\t\t\t\t\t<\/div>\n\t\t\t\t<\/div>\n\t\t<div class=\"elementor-element elementor-element-22ba188 e-con-full e-flex e-con e-child\" data-id=\"22ba188\" data-element_type=\"container\" data-e-type=\"container\" data-settings=\"{&quot;background_background&quot;:&quot;classic&quot;,&quot;jet_parallax_layout_list&quot;:[]}\">\n\t\t\t\t<\/div>\n\t\t\t\t<\/div>\n\t\t\t\t<\/div>\n\t\t<div class=\"elementor-element elementor-element-ae967bb e-con-full e-flex e-con e-parent\" data-id=\"ae967bb\" data-element_type=\"container\" data-e-type=\"container\" data-settings=\"{&quot;jet_parallax_layout_list&quot;:[]}\">\n\t\t<div class=\"elementor-element elementor-element-978255d e-con-full e-grid e-con e-child\" data-id=\"978255d\" data-element_type=\"container\" data-e-type=\"container\" data-settings=\"{&quot;jet_parallax_layout_list&quot;:[]}\">\n\t\t<div class=\"elementor-element elementor-element-88850a0 e-con-full e-flex e-con e-child\" data-id=\"88850a0\" data-element_type=\"container\" data-e-type=\"container\" data-settings=\"{&quot;background_background&quot;:&quot;classic&quot;,&quot;jet_parallax_layout_list&quot;:[]}\">\n\t\t\t\t<\/div>\n\t\t<div class=\"elementor-element elementor-element-88bbede e-con-full e-flex e-con e-child\" data-id=\"88bbede\" data-element_type=\"container\" data-e-type=\"container\" data-settings=\"{&quot;background_background&quot;:&quot;classic&quot;,&quot;jet_parallax_layout_list&quot;:[]}\">\n\t\t\t\t<div class=\"elementor-element elementor-element-76497f6 elementor-widget elementor-widget-heading\" data-id=\"76497f6\" data-element_type=\"widget\" data-e-type=\"widget\" data-widget_type=\"heading.default\">\n\t\t\t\t\t<h3 class=\"elementor-heading-title elementor-size-default\">Wer zu wenig trinkt, schadet seinem K\u00f6rper:<\/h3>\t\t\t\t<\/div>\n\t\t\t\t<div class=\"elementor-element elementor-element-2b7d187 elementor-widget elementor-widget-text-editor\" data-id=\"2b7d187\" data-element_type=\"widget\" data-e-type=\"widget\" data-widget_type=\"text-editor.default\">\n\t\t\t\t\t\t\t\t\tEin bis zwei Liter Fl\u00fcssigkeit pro Tag (bei Sport oder Durchfall auch mehr!) sorgen f\u00fcr Wohlbefinden, f\u00f6rdern die Konzentrationsf\u00e4higkeit, halten Haut und Gef\u00e4\u00dfe elastisch, st\u00e4rken das Bindegewebe, regen den Stoffwechsel an, lockern Verspannungen, kr\u00e4ftigen die Muskeln und verbessern die Immunabwehr. Der mit Abstand beste Durstl\u00f6scher ist in unseren Breiten pures Leitungswasser!\t\t\t\t\t\t\t\t<\/div>\n\t\t\t\t<\/div>\n\t\t\t\t<\/div>\n\t\t\t\t<\/div>\n\t\t<div class=\"elementor-element elementor-element-7512aa7 e-con-full e-flex e-con e-parent\" data-id=\"7512aa7\" data-element_type=\"container\" data-e-type=\"container\" data-settings=\"{&quot;jet_parallax_layout_list&quot;:[]}\">\n\t\t<div class=\"elementor-element elementor-element-a7d2329 e-con-full e-grid e-con e-child\" data-id=\"a7d2329\" data-element_type=\"container\" data-e-type=\"container\" data-settings=\"{&quot;jet_parallax_layout_list&quot;:[]}\">\n\t\t<div class=\"elementor-element elementor-element-3a8fa29 e-con-full e-flex e-con e-child\" data-id=\"3a8fa29\" data-element_type=\"container\" data-e-type=\"container\" data-settings=\"{&quot;background_background&quot;:&quot;classic&quot;,&quot;jet_parallax_layout_list&quot;:[]}\">\n\t\t\t\t<div class=\"elementor-element elementor-element-be3e9ad elementor-widget elementor-widget-heading\" data-id=\"be3e9ad\" data-element_type=\"widget\" data-e-type=\"widget\" data-widget_type=\"heading.default\">\n\t\t\t\t\t<h3 class=\"elementor-heading-title elementor-size-default\">Schon Pfarrer Kneipp wusste:<\/h3>\t\t\t\t<\/div>\n\t\t\t\t<div class=\"elementor-element elementor-element-ee7bad1 elementor-widget elementor-widget-text-editor\" data-id=\"ee7bad1\" data-element_type=\"widget\" data-e-type=\"widget\" data-widget_type=\"text-editor.default\">\n\t\t\t\t\t\t\t\t\t<p>\u201eIst das Wasser f\u00fcr den gesunden Menschen ein vorz\u00fcgliches Mittel, seine Gesundheit und Kraft zu erhalten, so ist es auch in der Krankheit das erste Heilmittel; es ist das nat\u00fcrlichste, einfachste, wohlfeilste und, wenn recht angewendet, das sicherste Mittel.\u201c<\/p>\t\t\t\t\t\t\t\t<\/div>\n\t\t\t\t<\/div>\n\t\t<div class=\"elementor-element elementor-element-0f07ccc e-con-full e-flex e-con e-child\" data-id=\"0f07ccc\" data-element_type=\"container\" data-e-type=\"container\" data-settings=\"{&quot;background_background&quot;:&quot;classic&quot;,&quot;jet_parallax_layout_list&quot;:[]}\">\n\t\t\t\t<\/div>\n\t\t\t\t<\/div>\n\t\t\t\t<\/div>\n\t\t<div class=\"elementor-element elementor-element-91c021c e-con-full e-flex e-con e-parent\" data-id=\"91c021c\" data-element_type=\"container\" data-e-type=\"container\" data-settings=\"{&quot;jet_parallax_layout_list&quot;:[]}\">\n\t\t<div class=\"elementor-element elementor-element-6f86a87 e-con-full e-grid e-con e-child\" data-id=\"6f86a87\" data-element_type=\"container\" data-e-type=\"container\" data-settings=\"{&quot;jet_parallax_layout_list&quot;:[]}\">\n\t\t<div class=\"elementor-element elementor-element-50fff6d e-con-full e-flex e-con e-child\" data-id=\"50fff6d\" data-element_type=\"container\" data-e-type=\"container\" data-settings=\"{&quot;background_background&quot;:&quot;classic&quot;,&quot;jet_parallax_layout_list&quot;:[]}\">\n\t\t\t\t<\/div>\n\t\t<div class=\"elementor-element elementor-element-f705481 e-con-full e-flex e-con e-child\" data-id=\"f705481\" data-element_type=\"container\" data-e-type=\"container\" data-settings=\"{&quot;background_background&quot;:&quot;classic&quot;,&quot;jet_parallax_layout_list&quot;:[]}\">\n\t\t\t\t<div class=\"elementor-element elementor-element-c318143 elementor-widget elementor-widget-heading\" data-id=\"c318143\" data-element_type=\"widget\" data-e-type=\"widget\" data-widget_type=\"heading.default\">\n\t\t\t\t\t<h3 class=\"elementor-heading-title elementor-size-default\">Regionaler Genuss:<\/h3>\t\t\t\t<\/div>\n\t\t\t\t<div class=\"elementor-element elementor-element-cab5d60 elementor-widget elementor-widget-text-editor\" data-id=\"cab5d60\" data-element_type=\"widget\" data-e-type=\"widget\" data-widget_type=\"text-editor.default\">\n\t\t\t\t\t\t\t\t\t<p>Das Trinkwasser im Grazer Feld stammt aus hochwertigen Grundwasservorkommen, die besonders gesch\u00fctzt und nachhaltig bewirtschaftet werden. Es zeichnet sich durch seine Reinheit und Mineralstoffbalance aus \u2013 ein nat\u00fcrlicher Genuss direkt aus der Region.<\/p><p>Und das Beste: Dieses hochwertige Trinkwasser wird t\u00e4glich frisch und zuverl\u00e4ssig frei Haus geliefert \u2013 direkt aus der Leitung.<\/p>\t\t\t\t\t\t\t\t<\/div>\n\t\t\t\t<\/div>\n\t\t\t\t<\/div>\n\t\t\t\t<\/div>\n\t\t\t\t<\/div>\n\t\t","protected":false},"excerpt":{"rendered":"<p>GesunddurchWasser Ohne Wasser kein Leben: W\u00e4hrend Menschen viele Tage ohne feste Nahrung auskommen k\u00f6nnen, f\u00fchrt Wassermangel bereits nach kurzer Zeit zum Tod. Das ist auch nicht weiter verwunderlich \u2013 immerhin besteht der K\u00f6rper eines Erwachsenen zu rund 70 Prozent aus Wasser, das Gehirn sogar zu 90 Prozent! Wasser ist f\u00fcr die optimale Blutzirkulation entscheidend, da [&hellip;]<\/p>\n","protected":false},"author":1,"featured_media":0,"parent":0,"menu_order":0,"comment_status":"closed","ping_status":"closed","template":"","meta":{"footnotes":""},"class_list":["post-1452","page","type-page","status-publish","hentry"],"yoast_head":"<!-- This site is optimized with the Yoast SEO plugin v27.1.1 - https:\/\/yoast.com\/product\/yoast-seo-wordpress\/ -->\n<title>Gesund durch Wasser - Wasserverband<\/title>\n<meta name=\"robots\" content=\"noindex, follow, max-snippet:-1, max-image-preview:large, max-video-preview:-1\" \/>\n<meta property=\"og:locale\" content=\"de_DE\" \/>\n<meta property=\"og:type\" content=\"article\" \/>\n<meta property=\"og:title\" content=\"Gesund durch Wasser - Wasserverband\" \/>\n<meta property=\"og:description\" content=\"GesunddurchWasser Ohne Wasser kein Leben: W\u00e4hrend Menschen viele Tage ohne feste Nahrung auskommen k\u00f6nnen, f\u00fchrt Wassermangel bereits nach kurzer Zeit zum Tod. Das ist auch nicht weiter verwunderlich \u2013 immerhin besteht der K\u00f6rper eines Erwachsenen zu rund 70 Prozent aus Wasser, das Gehirn sogar zu 90 Prozent! Wasser ist f\u00fcr die optimale Blutzirkulation entscheidend, da [&hellip;]\" \/>\n<meta property=\"og:url\" content=\"https:\/\/projekt1.movemusweb.at\/index.php\/gesund-durch-wasser\/\" \/>\n<meta property=\"og:site_name\" content=\"Wasserverband\" \/>\n<meta property=\"article:modified_time\" content=\"2026-04-08T11:55:26+00:00\" \/>\n<meta name=\"twitter:card\" content=\"summary_large_image\" \/>\n<meta name=\"twitter:label1\" content=\"Gesch\u00e4tzte Lesezeit\" \/>\n\t<meta name=\"twitter:data1\" content=\"2\u00a0Minuten\" \/>\n<script type=\"application\/ld+json\" class=\"yoast-schema-graph\">{\"@context\":\"https:\/\/schema.org\",\"@graph\":[{\"@type\":\"WebPage\",\"@id\":\"https:\/\/projekt1.movemusweb.at\/index.php\/gesund-durch-wasser\/\",\"url\":\"https:\/\/projekt1.movemusweb.at\/index.php\/gesund-durch-wasser\/\",\"name\":\"Gesund durch Wasser - Wasserverband\",\"isPartOf\":{\"@id\":\"https:\/\/projekt1.movemusweb.at\/#website\"},\"datePublished\":\"2026-04-02T23:39:01+00:00\",\"dateModified\":\"2026-04-08T11:55:26+00:00\",\"breadcrumb\":{\"@id\":\"https:\/\/projekt1.movemusweb.at\/index.php\/gesund-durch-wasser\/#breadcrumb\"},\"inLanguage\":\"de\",\"potentialAction\":[{\"@type\":\"ReadAction\",\"target\":[\"https:\/\/projekt1.movemusweb.at\/index.php\/gesund-durch-wasser\/\"]}]},{\"@type\":\"BreadcrumbList\",\"@id\":\"https:\/\/projekt1.movemusweb.at\/index.php\/gesund-durch-wasser\/#breadcrumb\",\"itemListElement\":[{\"@type\":\"ListItem\",\"position\":1,\"name\":\"Startseite\",\"item\":\"https:\/\/projekt1.movemusweb.at\/\"},{\"@type\":\"ListItem\",\"position\":2,\"name\":\"Gesund durch Wasser\"}]},{\"@type\":\"WebSite\",\"@id\":\"https:\/\/projekt1.movemusweb.at\/#website\",\"url\":\"https:\/\/projekt1.movemusweb.at\/\",\"name\":\"Wasserverband\",\"description\":\"Grazerfeld S\u00fcdost und Umland Graz\",\"potentialAction\":[{\"@type\":\"SearchAction\",\"target\":{\"@type\":\"EntryPoint\",\"urlTemplate\":\"https:\/\/projekt1.movemusweb.at\/?s={search_term_string}\"},\"query-input\":{\"@type\":\"PropertyValueSpecification\",\"valueRequired\":true,\"valueName\":\"search_term_string\"}}],\"inLanguage\":\"de\"}]}<\/script>\n<!-- \/ Yoast SEO plugin. -->","yoast_head_json":{"title":"Gesund durch Wasser - Wasserverband","robots":{"index":"noindex","follow":"follow","max-snippet":"max-snippet:-1","max-image-preview":"max-image-preview:large","max-video-preview":"max-video-preview:-1"},"og_locale":"de_DE","og_type":"article","og_title":"Gesund durch Wasser - Wasserverband","og_description":"GesunddurchWasser Ohne Wasser kein Leben: W\u00e4hrend Menschen viele Tage ohne feste Nahrung auskommen k\u00f6nnen, f\u00fchrt Wassermangel bereits nach kurzer Zeit zum Tod. Das ist auch nicht weiter verwunderlich \u2013 immerhin besteht der K\u00f6rper eines Erwachsenen zu rund 70 Prozent aus Wasser, das Gehirn sogar zu 90 Prozent! Wasser ist f\u00fcr die optimale Blutzirkulation entscheidend, da [&hellip;]","og_url":"https:\/\/projekt1.movemusweb.at\/index.php\/gesund-durch-wasser\/","og_site_name":"Wasserverband","article_modified_time":"2026-04-08T11:55:26+00:00","twitter_card":"summary_large_image","twitter_misc":{"Gesch\u00e4tzte Lesezeit":"2\u00a0Minuten"},"schema":{"@context":"https:\/\/schema.org","@graph":[{"@type":"WebPage","@id":"https:\/\/projekt1.movemusweb.at\/index.php\/gesund-durch-wasser\/","url":"https:\/\/projekt1.movemusweb.at\/index.php\/gesund-durch-wasser\/","name":"Gesund durch Wasser - Wasserverband","isPartOf":{"@id":"https:\/\/projekt1.movemusweb.at\/#website"},"datePublished":"2026-04-02T23:39:01+00:00","dateModified":"2026-04-08T11:55:26+00:00","breadcrumb":{"@id":"https:\/\/projekt1.movemusweb.at\/index.php\/gesund-durch-wasser\/#breadcrumb"},"inLanguage":"de","potentialAction":[{"@type":"ReadAction","target":["https:\/\/projekt1.movemusweb.at\/index.php\/gesund-durch-wasser\/"]}]},{"@type":"BreadcrumbList","@id":"https:\/\/projekt1.movemusweb.at\/index.php\/gesund-durch-wasser\/#breadcrumb","itemListElement":[{"@type":"ListItem","position":1,"name":"Startseite","item":"https:\/\/projekt1.movemusweb.at\/"},{"@type":"ListItem","position":2,"name":"Gesund durch Wasser"}]},{"@type":"WebSite","@id":"https:\/\/projekt1.movemusweb.at\/#website","url":"https:\/\/projekt1.movemusweb.at\/","name":"Wasserverband","description":"Grazerfeld S\u00fcdost und Umland Graz","potentialAction":[{"@type":"SearchAction","target":{"@type":"EntryPoint","urlTemplate":"https:\/\/projekt1.movemusweb.at\/?s={search_term_string}"},"query-input":{"@type":"PropertyValueSpecification","valueRequired":true,"valueName":"search_term_string"}}],"inLanguage":"de"}]}},"_links":{"self":[{"href":"https:\/\/projekt1.movemusweb.at\/index.php\/wp-json\/wp\/v2\/pages\/1452","targetHints":{"allow":["GET"]}}],"collection":[{"href":"https:\/\/projekt1.movemusweb.at\/index.php\/wp-json\/wp\/v2\/pages"}],"about":[{"href":"https:\/\/projekt1.movemusweb.at\/index.php\/wp-json\/wp\/v2\/types\/page"}],"author":[{"embeddable":true,"href":"https:\/\/projekt1.movemusweb.at\/index.php\/wp-json\/wp\/v2\/users\/1"}],"replies":[{"embeddable":true,"href":"https:\/\/projekt1.movemusweb.at\/index.php\/wp-json\/wp\/v2\/comments?post=1452"}],"version-history":[{"count":16,"href":"https:\/\/projekt1.movemusweb.at\/index.php\/wp-json\/wp\/v2\/pages\/1452\/revisions"}],"predecessor-version":[{"id":1806,"href":"https:\/\/projekt1.movemusweb.at\/index.php\/wp-json\/wp\/v2\/pages\/1452\/revisions\/1806"}],"wp:attachment":[{"href":"https:\/\/projekt1.movemusweb.at\/index.php\/wp-json\/wp\/v2\/media?parent=1452"}],"curies":[{"name":"wp","href":"https:\/\/api.w.org\/{rel}","templated":true}]}}