{"id":1454,"date":"2026-04-02T23:40:01","date_gmt":"2026-04-02T23:40:01","guid":{"rendered":"https:\/\/projekt1.movemusweb.at\/?page_id=1454"},"modified":"2026-04-14T18:53:38","modified_gmt":"2026-04-14T18:53:38","slug":"gefahren-durch-hygienemaengel","status":"publish","type":"page","link":"https:\/\/projekt1.movemusweb.at\/index.php\/gefahren-durch-hygienemaengel\/","title":{"rendered":"Gefahren durch Hygienem\u00e4ngel"},"content":{"rendered":"\t\t<div data-elementor-type=\"wp-page\" data-elementor-id=\"1454\" class=\"elementor elementor-1454\" data-elementor-post-type=\"page\">\n\t\t\t\t<div class=\"elementor-element elementor-element-49a1de0 e-con-full e-flex e-con e-parent\" data-id=\"49a1de0\" data-element_type=\"container\" data-e-type=\"container\" data-settings=\"{&quot;jet_parallax_layout_list&quot;:[]}\">\n\t\t<div class=\"elementor-element elementor-element-6dbded6 e-con-full e-flex e-con e-child\" data-id=\"6dbded6\" data-element_type=\"container\" data-e-type=\"container\" data-settings=\"{&quot;background_background&quot;:&quot;classic&quot;,&quot;jet_parallax_layout_list&quot;:[]}\">\n\t\t<div class=\"elementor-element elementor-element-39cb3e6 e-con-full e-flex e-con e-child\" data-id=\"39cb3e6\" data-element_type=\"container\" data-e-type=\"container\" data-settings=\"{&quot;jet_parallax_layout_list&quot;:[]}\">\n\t\t\t\t<div class=\"elementor-element elementor-element-1492124 elementor-widget elementor-widget-heading\" data-id=\"1492124\" data-element_type=\"widget\" data-e-type=\"widget\" data-widget_type=\"heading.default\">\n\t\t\t\t\t<h1 class=\"elementor-heading-title elementor-size-default\"><b>Gefahren<br> durch <br>Hygiene&shy;m\u00e4ngel<\/b><\/h1>\t\t\t\t<\/div>\n\t\t\t\t<\/div>\n\t\t\t\t<\/div>\n\t\t\t\t<\/div>\n\t\t<div class=\"elementor-element elementor-element-fed0d62 e-con-full e-flex e-con e-parent\" data-id=\"fed0d62\" data-element_type=\"container\" data-e-type=\"container\" data-settings=\"{&quot;jet_parallax_layout_list&quot;:[]}\">\n\t\t<div class=\"elementor-element elementor-element-dfec1d0 e-con-full e-grid e-con e-child\" data-id=\"dfec1d0\" data-element_type=\"container\" data-e-type=\"container\" data-settings=\"{&quot;jet_parallax_layout_list&quot;:[]}\">\n\t\t<div class=\"elementor-element elementor-element-22609b7 e-con-full e-flex e-con e-child\" data-id=\"22609b7\" data-element_type=\"container\" data-e-type=\"container\" data-settings=\"{&quot;background_background&quot;:&quot;classic&quot;,&quot;jet_parallax_layout_list&quot;:[]}\">\n\t\t\t\t<div class=\"elementor-element elementor-element-ee21c52 elementor-widget elementor-widget-text-editor\" data-id=\"ee21c52\" data-element_type=\"widget\" data-e-type=\"widget\" data-widget_type=\"text-editor.default\">\n\t\t\t\t\t\t\t\t\t<p>Jedes Jahr sterben mehr als f\u00fcnf Millionen Menschen an Krankheiten, die durch verschmutztes Trinkwasser verursacht werden, wie z.B. an Cholera oder Ruhr. Fast 90 Prozent aller Durchfallerkrankungen werden durch verunreinigtes Wasser bzw. fehlende Abwasserreinigung verursacht. Durchf\u00e4lle sind eine der h\u00e4ufigsten Todesursachen bei Kindern unter f\u00fcnf Jahren*. Auch andere gef\u00e4hrliche Massenerkrankungen k\u00f6nnen durch mangelhaftes Trinkwasser ausgel\u00f6st werden, wie z.B. Paratyphus, Hepatitis A und Kinderl\u00e4hmung.<\/p><p>Die Ausbreitung von Krankheiten durch verunreinigtes Wasser scheint heute eher ein Problem von armen L\u00e4ndern zu sein. Doch auch in unseren Breiten kam es bis in die Neuzeit immer wieder zum Ausbruch von Seuchen \u00fcber das Trinkwassersystem. Dar\u00fcber hinaus gibt es Krankheitserreger, die sich unsere heutigen technischen Gegebenheiten und Geb\u00e4udeinstallationen zu Nutze machen, wie zum Beispiel Legionellen. Nur durch die konsequente Einhaltung der vorgeschriebenen Hygienema\u00dfnahmen bei der Gewinnung, Aufbereitung, Speicherung und Verbreitung von Trinkwasser ist die Sicherheit der Bev\u00f6lkerung gew\u00e4hrleistet.<\/p><p>* Quelle: Water for the world foundation<\/p>\t\t\t\t\t\t\t\t<\/div>\n\t\t\t\t<\/div>\n\t\t<div class=\"elementor-element elementor-element-22ba188 e-con-full e-flex e-con e-child\" data-id=\"22ba188\" data-element_type=\"container\" data-e-type=\"container\" data-settings=\"{&quot;background_background&quot;:&quot;classic&quot;,&quot;jet_parallax_layout_list&quot;:[]}\">\n\t\t\t\t<\/div>\n\t\t\t\t<\/div>\n\t\t\t\t<\/div>\n\t\t<div class=\"elementor-element elementor-element-ae967bb e-con-full e-flex e-con e-parent\" data-id=\"ae967bb\" data-element_type=\"container\" data-e-type=\"container\" data-settings=\"{&quot;jet_parallax_layout_list&quot;:[]}\">\n\t\t<div class=\"elementor-element elementor-element-978255d e-con-full e-grid e-con e-child\" data-id=\"978255d\" data-element_type=\"container\" data-e-type=\"container\" data-settings=\"{&quot;jet_parallax_layout_list&quot;:[]}\">\n\t\t<div class=\"elementor-element elementor-element-a4c5311 e-con-full e-flex e-con e-child\" data-id=\"a4c5311\" data-element_type=\"container\" data-e-type=\"container\" data-settings=\"{&quot;background_background&quot;:&quot;classic&quot;,&quot;jet_parallax_layout_list&quot;:[]}\">\n\t\t\t\t<\/div>\n\t\t<div class=\"elementor-element elementor-element-88bbede e-con-full e-flex e-con e-child\" data-id=\"88bbede\" data-element_type=\"container\" data-e-type=\"container\" data-settings=\"{&quot;background_background&quot;:&quot;classic&quot;,&quot;jet_parallax_layout_list&quot;:[]}\">\n\t\t\t\t<div class=\"elementor-element elementor-element-76497f6 elementor-widget elementor-widget-heading\" data-id=\"76497f6\" data-element_type=\"widget\" data-e-type=\"widget\" data-widget_type=\"heading.default\">\n\t\t\t\t\t<h3 class=\"elementor-heading-title elementor-size-default\">Wichtig!<\/h3>\t\t\t\t<\/div>\n\t\t\t\t<div class=\"elementor-element elementor-element-2b7d187 elementor-widget elementor-widget-text-editor\" data-id=\"2b7d187\" data-element_type=\"widget\" data-e-type=\"widget\" data-widget_type=\"text-editor.default\">\n\t\t\t\t\t\t\t\t\tDer Wasserbetreiber ist f\u00fcr die Wasserqualit\u00e4t nur bis zur \u00dcbergabe an den Abnehmer verantwortlich.\n\nAb der \u00dcbergabestelle (meist die Wasserz\u00e4hleranlage) tr\u00e4gt der Betreiber der Hausanlage die Verantwortung! M\u00e4ngel in Rohrleitungen, schlecht gewartete bzw. zu niedrig eingestellte Boiler (unter 60\u00b0C) k\u00f6nnen die Qualit\u00e4t massiv beeintr\u00e4chtigen oder sogar zur Brutst\u00e4tte von Krankheitserregern werden!\t\t\t\t\t\t\t\t<\/div>\n\t\t\t\t<\/div>\n\t\t\t\t<\/div>\n\t\t\t\t<\/div>\n\t\t\t\t<\/div>\n\t\t","protected":false},"excerpt":{"rendered":"<p>Gefahren durch Hygiene&shy;m\u00e4ngel Jedes Jahr sterben mehr als f\u00fcnf Millionen Menschen an Krankheiten, die durch verschmutztes Trinkwasser verursacht werden, wie z.B. an Cholera oder Ruhr. Fast 90 Prozent aller Durchfallerkrankungen werden durch verunreinigtes Wasser bzw. fehlende Abwasserreinigung verursacht. Durchf\u00e4lle sind eine der h\u00e4ufigsten Todesursachen bei Kindern unter f\u00fcnf Jahren*. Auch andere gef\u00e4hrliche Massenerkrankungen k\u00f6nnen durch [&hellip;]<\/p>\n","protected":false},"author":1,"featured_media":0,"parent":0,"menu_order":0,"comment_status":"closed","ping_status":"closed","template":"","meta":{"footnotes":""},"class_list":["post-1454","page","type-page","status-publish","hentry"],"yoast_head":"<!-- This site is optimized with the Yoast SEO plugin v27.1.1 - https:\/\/yoast.com\/product\/yoast-seo-wordpress\/ -->\n<title>Gefahren durch Hygienem\u00e4ngel - Wasserverband<\/title>\n<meta name=\"robots\" content=\"noindex, follow, max-snippet:-1, max-image-preview:large, max-video-preview:-1\" \/>\n<meta property=\"og:locale\" content=\"de_DE\" \/>\n<meta property=\"og:type\" content=\"article\" \/>\n<meta property=\"og:title\" content=\"Gefahren durch Hygienem\u00e4ngel - Wasserverband\" \/>\n<meta property=\"og:description\" content=\"Gefahren durch Hygiene&shy;m\u00e4ngel Jedes Jahr sterben mehr als f\u00fcnf Millionen Menschen an Krankheiten, die durch verschmutztes Trinkwasser verursacht werden, wie z.B. an Cholera oder Ruhr. Fast 90 Prozent aller Durchfallerkrankungen werden durch verunreinigtes Wasser bzw. fehlende Abwasserreinigung verursacht. Durchf\u00e4lle sind eine der h\u00e4ufigsten Todesursachen bei Kindern unter f\u00fcnf Jahren*. Auch andere gef\u00e4hrliche Massenerkrankungen k\u00f6nnen durch [&hellip;]\" \/>\n<meta property=\"og:url\" content=\"https:\/\/projekt1.movemusweb.at\/index.php\/gefahren-durch-hygienemaengel\/\" \/>\n<meta property=\"og:site_name\" content=\"Wasserverband\" \/>\n<meta property=\"article:modified_time\" content=\"2026-04-14T18:53:38+00:00\" \/>\n<meta name=\"twitter:card\" content=\"summary_large_image\" \/>\n<meta name=\"twitter:label1\" content=\"Gesch\u00e4tzte Lesezeit\" \/>\n\t<meta name=\"twitter:data1\" content=\"2\u00a0Minuten\" \/>\n<script type=\"application\/ld+json\" class=\"yoast-schema-graph\">{\"@context\":\"https:\/\/schema.org\",\"@graph\":[{\"@type\":\"WebPage\",\"@id\":\"https:\/\/projekt1.movemusweb.at\/index.php\/gefahren-durch-hygienemaengel\/\",\"url\":\"https:\/\/projekt1.movemusweb.at\/index.php\/gefahren-durch-hygienemaengel\/\",\"name\":\"Gefahren durch Hygienem\u00e4ngel - Wasserverband\",\"isPartOf\":{\"@id\":\"https:\/\/projekt1.movemusweb.at\/#website\"},\"datePublished\":\"2026-04-02T23:40:01+00:00\",\"dateModified\":\"2026-04-14T18:53:38+00:00\",\"breadcrumb\":{\"@id\":\"https:\/\/projekt1.movemusweb.at\/index.php\/gefahren-durch-hygienemaengel\/#breadcrumb\"},\"inLanguage\":\"de\",\"potentialAction\":[{\"@type\":\"ReadAction\",\"target\":[\"https:\/\/projekt1.movemusweb.at\/index.php\/gefahren-durch-hygienemaengel\/\"]}]},{\"@type\":\"BreadcrumbList\",\"@id\":\"https:\/\/projekt1.movemusweb.at\/index.php\/gefahren-durch-hygienemaengel\/#breadcrumb\",\"itemListElement\":[{\"@type\":\"ListItem\",\"position\":1,\"name\":\"Startseite\",\"item\":\"https:\/\/projekt1.movemusweb.at\/\"},{\"@type\":\"ListItem\",\"position\":2,\"name\":\"Gefahren durch Hygienem\u00e4ngel\"}]},{\"@type\":\"WebSite\",\"@id\":\"https:\/\/projekt1.movemusweb.at\/#website\",\"url\":\"https:\/\/projekt1.movemusweb.at\/\",\"name\":\"Wasserverband\",\"description\":\"Grazerfeld S\u00fcdost und Umland Graz\",\"potentialAction\":[{\"@type\":\"SearchAction\",\"target\":{\"@type\":\"EntryPoint\",\"urlTemplate\":\"https:\/\/projekt1.movemusweb.at\/?s={search_term_string}\"},\"query-input\":{\"@type\":\"PropertyValueSpecification\",\"valueRequired\":true,\"valueName\":\"search_term_string\"}}],\"inLanguage\":\"de\"}]}<\/script>\n<!-- \/ Yoast SEO plugin. -->","yoast_head_json":{"title":"Gefahren durch Hygienem\u00e4ngel - Wasserverband","robots":{"index":"noindex","follow":"follow","max-snippet":"max-snippet:-1","max-image-preview":"max-image-preview:large","max-video-preview":"max-video-preview:-1"},"og_locale":"de_DE","og_type":"article","og_title":"Gefahren durch Hygienem\u00e4ngel - Wasserverband","og_description":"Gefahren durch Hygiene&shy;m\u00e4ngel Jedes Jahr sterben mehr als f\u00fcnf Millionen Menschen an Krankheiten, die durch verschmutztes Trinkwasser verursacht werden, wie z.B. an Cholera oder Ruhr. Fast 90 Prozent aller Durchfallerkrankungen werden durch verunreinigtes Wasser bzw. fehlende Abwasserreinigung verursacht. Durchf\u00e4lle sind eine der h\u00e4ufigsten Todesursachen bei Kindern unter f\u00fcnf Jahren*. Auch andere gef\u00e4hrliche Massenerkrankungen k\u00f6nnen durch [&hellip;]","og_url":"https:\/\/projekt1.movemusweb.at\/index.php\/gefahren-durch-hygienemaengel\/","og_site_name":"Wasserverband","article_modified_time":"2026-04-14T18:53:38+00:00","twitter_card":"summary_large_image","twitter_misc":{"Gesch\u00e4tzte Lesezeit":"2\u00a0Minuten"},"schema":{"@context":"https:\/\/schema.org","@graph":[{"@type":"WebPage","@id":"https:\/\/projekt1.movemusweb.at\/index.php\/gefahren-durch-hygienemaengel\/","url":"https:\/\/projekt1.movemusweb.at\/index.php\/gefahren-durch-hygienemaengel\/","name":"Gefahren durch Hygienem\u00e4ngel - Wasserverband","isPartOf":{"@id":"https:\/\/projekt1.movemusweb.at\/#website"},"datePublished":"2026-04-02T23:40:01+00:00","dateModified":"2026-04-14T18:53:38+00:00","breadcrumb":{"@id":"https:\/\/projekt1.movemusweb.at\/index.php\/gefahren-durch-hygienemaengel\/#breadcrumb"},"inLanguage":"de","potentialAction":[{"@type":"ReadAction","target":["https:\/\/projekt1.movemusweb.at\/index.php\/gefahren-durch-hygienemaengel\/"]}]},{"@type":"BreadcrumbList","@id":"https:\/\/projekt1.movemusweb.at\/index.php\/gefahren-durch-hygienemaengel\/#breadcrumb","itemListElement":[{"@type":"ListItem","position":1,"name":"Startseite","item":"https:\/\/projekt1.movemusweb.at\/"},{"@type":"ListItem","position":2,"name":"Gefahren durch Hygienem\u00e4ngel"}]},{"@type":"WebSite","@id":"https:\/\/projekt1.movemusweb.at\/#website","url":"https:\/\/projekt1.movemusweb.at\/","name":"Wasserverband","description":"Grazerfeld S\u00fcdost und Umland Graz","potentialAction":[{"@type":"SearchAction","target":{"@type":"EntryPoint","urlTemplate":"https:\/\/projekt1.movemusweb.at\/?s={search_term_string}"},"query-input":{"@type":"PropertyValueSpecification","valueRequired":true,"valueName":"search_term_string"}}],"inLanguage":"de"}]}},"_links":{"self":[{"href":"https:\/\/projekt1.movemusweb.at\/index.php\/wp-json\/wp\/v2\/pages\/1454","targetHints":{"allow":["GET"]}}],"collection":[{"href":"https:\/\/projekt1.movemusweb.at\/index.php\/wp-json\/wp\/v2\/pages"}],"about":[{"href":"https:\/\/projekt1.movemusweb.at\/index.php\/wp-json\/wp\/v2\/types\/page"}],"author":[{"embeddable":true,"href":"https:\/\/projekt1.movemusweb.at\/index.php\/wp-json\/wp\/v2\/users\/1"}],"replies":[{"embeddable":true,"href":"https:\/\/projekt1.movemusweb.at\/index.php\/wp-json\/wp\/v2\/comments?post=1454"}],"version-history":[{"count":14,"href":"https:\/\/projekt1.movemusweb.at\/index.php\/wp-json\/wp\/v2\/pages\/1454\/revisions"}],"predecessor-version":[{"id":2044,"href":"https:\/\/projekt1.movemusweb.at\/index.php\/wp-json\/wp\/v2\/pages\/1454\/revisions\/2044"}],"wp:attachment":[{"href":"https:\/\/projekt1.movemusweb.at\/index.php\/wp-json\/wp\/v2\/media?parent=1454"}],"curies":[{"name":"wp","href":"https:\/\/api.w.org\/{rel}","templated":true}]}}