{"id":1500,"date":"2026-04-03T11:26:45","date_gmt":"2026-04-03T11:26:45","guid":{"rendered":"https:\/\/projekt1.movemusweb.at\/?page_id=1500"},"modified":"2026-04-08T12:11:16","modified_gmt":"2026-04-08T12:11:16","slug":"wasser-macht-schule","status":"publish","type":"page","link":"https:\/\/projekt1.movemusweb.at\/index.php\/wasser-macht-schule\/","title":{"rendered":"Wasser macht Schule"},"content":{"rendered":"\t\t<div data-elementor-type=\"wp-page\" data-elementor-id=\"1500\" class=\"elementor elementor-1500\" data-elementor-post-type=\"page\">\n\t\t\t\t<div class=\"elementor-element elementor-element-49a1de0 e-con-full e-flex e-con e-parent\" data-id=\"49a1de0\" data-element_type=\"container\" data-e-type=\"container\" data-settings=\"{&quot;jet_parallax_layout_list&quot;:[]}\">\n\t\t<div class=\"elementor-element elementor-element-6dbded6 e-con-full e-flex e-con e-child\" data-id=\"6dbded6\" data-element_type=\"container\" data-e-type=\"container\" data-settings=\"{&quot;background_background&quot;:&quot;classic&quot;,&quot;jet_parallax_layout_list&quot;:[]}\">\n\t\t<div class=\"elementor-element elementor-element-39cb3e6 e-con-full e-flex e-con e-child\" data-id=\"39cb3e6\" data-element_type=\"container\" data-e-type=\"container\" data-settings=\"{&quot;jet_parallax_layout_list&quot;:[]}\">\n\t\t\t\t<div class=\"elementor-element elementor-element-1492124 elementor-widget elementor-widget-heading\" data-id=\"1492124\" data-element_type=\"widget\" data-e-type=\"widget\" data-widget_type=\"heading.default\">\n\t\t\t\t\t<h1 class=\"elementor-heading-title elementor-size-default\"><b>Wasser<br> macht<br> Schule<\/b><\/h1>\t\t\t\t<\/div>\n\t\t\t\t<\/div>\n\t\t\t\t<\/div>\n\t\t\t\t<\/div>\n\t\t<div class=\"elementor-element elementor-element-fed0d62 e-con-full e-flex e-con e-parent\" data-id=\"fed0d62\" data-element_type=\"container\" data-e-type=\"container\" data-settings=\"{&quot;jet_parallax_layout_list&quot;:[]}\">\n\t\t<div class=\"elementor-element elementor-element-dfec1d0 e-con-full e-grid e-con e-child\" data-id=\"dfec1d0\" data-element_type=\"container\" data-e-type=\"container\" data-settings=\"{&quot;jet_parallax_layout_list&quot;:[]}\">\n\t\t<div class=\"elementor-element elementor-element-22609b7 e-con-full e-flex e-con e-child\" data-id=\"22609b7\" data-element_type=\"container\" data-e-type=\"container\" data-settings=\"{&quot;background_background&quot;:&quot;classic&quot;,&quot;jet_parallax_layout_list&quot;:[]}\">\n\t\t\t\t<div class=\"elementor-element elementor-element-3126da3 elementor-widget elementor-widget-heading\" data-id=\"3126da3\" data-element_type=\"widget\" data-e-type=\"widget\" data-widget_type=\"heading.default\">\n\t\t\t\t\t<h2 class=\"elementor-heading-title elementor-size-default\">Um unseren Kindern das Thema Wasser und den nach&shy;haltigen Umgang mit dem kostbaren Gut n\u00e4her zu bringen, bieten wir Schulklassen aus unserem Verbands&shy;gebiet lehrreiche F\u00fchrungen durch unseren Standort an. Es wurden Lehrmappen entwickelt, die alle Inhalte trans&shy;portieren, die ein Kind wissen sollte. Eine zentrale Rolle nimmt Fridolin ein. Er ist unser Wasser&shy;m\u00e4nnchen, das den Kindern das Wichtigste vermittelt.<\/h2>\t\t\t\t<\/div>\n\t\t\t\t<\/div>\n\t\t<div class=\"elementor-element elementor-element-22ba188 e-con-full e-flex e-con e-child\" data-id=\"22ba188\" data-element_type=\"container\" data-e-type=\"container\" data-settings=\"{&quot;background_background&quot;:&quot;classic&quot;,&quot;jet_parallax_layout_list&quot;:[]}\">\n\t\t\t\t<\/div>\n\t\t\t\t<\/div>\n\t\t\t\t<\/div>\n\t\t<div class=\"elementor-element elementor-element-ae967bb e-con-full e-flex e-con e-parent\" data-id=\"ae967bb\" data-element_type=\"container\" data-e-type=\"container\" data-settings=\"{&quot;jet_parallax_layout_list&quot;:[]}\">\n\t\t<div class=\"elementor-element elementor-element-978255d e-con-full e-grid e-con e-child\" data-id=\"978255d\" data-element_type=\"container\" data-e-type=\"container\" data-settings=\"{&quot;jet_parallax_layout_list&quot;:[]}\">\n\t\t<div class=\"elementor-element elementor-element-55f0eb2 e-con-full e-flex e-con e-child\" data-id=\"55f0eb2\" data-element_type=\"container\" data-e-type=\"container\" data-settings=\"{&quot;background_background&quot;:&quot;classic&quot;,&quot;jet_parallax_layout_list&quot;:[]}\">\n\t\t\t\t<div class=\"elementor-element elementor-element-c360ef4 elementor-widget elementor-widget-image\" data-id=\"c360ef4\" data-element_type=\"widget\" data-e-type=\"widget\" data-widget_type=\"image.default\">\n\t\t\t\t\t\t\t\t\t\t\t\t\t\t\t<img fetchpriority=\"high\" decoding=\"async\" width=\"447\" height=\"618\" src=\"https:\/\/projekt1.movemusweb.at\/wp-content\/uploads\/2026\/04\/Fridolin-001.svg\" class=\"attachment-large size-large wp-image-1505\" alt=\"\" \/>\t\t\t\t\t\t\t\t\t\t\t\t\t\t\t<\/div>\n\t\t\t\t<\/div>\n\t\t<div class=\"elementor-element elementor-element-7dc46b2 e-con-full e-flex e-con e-child\" data-id=\"7dc46b2\" data-element_type=\"container\" data-e-type=\"container\" data-settings=\"{&quot;background_background&quot;:&quot;classic&quot;,&quot;jet_parallax_layout_list&quot;:[]}\">\n\t\t\t\t<div class=\"elementor-element elementor-element-095d463 elementor-widget elementor-widget-heading\" data-id=\"095d463\" data-element_type=\"widget\" data-e-type=\"widget\" data-widget_type=\"heading.default\">\n\t\t\t\t\t<h3 class=\"elementor-heading-title elementor-size-default\">Wer ist Fridolin?<\/h3>\t\t\t\t<\/div>\n\t\t\t\t<div class=\"elementor-element elementor-element-ee21c52 elementor-widget elementor-widget-text-editor\" data-id=\"ee21c52\" data-element_type=\"widget\" data-e-type=\"widget\" data-widget_type=\"text-editor.default\">\n\t\t\t\t\t\t\t\t\t<p>Wo kommt eigentlich das Wasser her? Ist es selbstverst\u00e4ndlich, dass man das Wasser aus der Leitung trinken kann? Um Fragen wie diese auch f\u00fcr die Kleinsten zu beantworten, haben es sich die Wasserverb\u00e4nde Grazerfeld S\u00fcdost und Umland Graz zum Ziel gesetzt, Kindern das allgemeine Verst\u00e4ndis zum Thema Wasser zu vermitteln sowie u\u0308ber die vielf\u00e4ltigen Aufgaben des regionalen Wasserversorgers zu informieren.<\/p><p>Aus diesem Grund wurde die umfangreiche Projektwoche \u201eWasser macht Schule\u201c fu\u0308r die 3. und 4. Schulstufe der Volksschule konzipiert und umgesetzt. Die Inhalte wurden gemeinsam mit Volkschullehrern erarbeitet und kindgerecht gestaltet. In fu\u0308nf Kapiteln erkl\u00e4rt \u201eFridolin\u201c, der kleine Wassertropfen, alle wichtigen Infos zum Wasserkreislauf, der Wassergewinnung und Wasserspeicherung, bis hin zur Wasserkontrolle sowie der immensen Bedeutung von Wasser.<\/p>\t\t\t\t\t\t\t\t<\/div>\n\t\t\t\t<\/div>\n\t\t\t\t<\/div>\n\t\t\t\t<\/div>\n\t\t<div class=\"elementor-element elementor-element-4f448ea e-con-full e-flex e-con e-parent\" data-id=\"4f448ea\" data-element_type=\"container\" data-e-type=\"container\" data-settings=\"{&quot;jet_parallax_layout_list&quot;:[]}\">\n\t\t<div class=\"elementor-element elementor-element-695e86e e-con-full e-grid e-con e-child\" data-id=\"695e86e\" data-element_type=\"container\" data-e-type=\"container\" data-settings=\"{&quot;jet_parallax_layout_list&quot;:[]}\">\n\t\t<div class=\"elementor-element elementor-element-ef98097 e-con-full e-flex e-con e-child\" data-id=\"ef98097\" data-element_type=\"container\" data-e-type=\"container\" data-settings=\"{&quot;background_background&quot;:&quot;classic&quot;,&quot;jet_parallax_layout_list&quot;:[]}\">\n\t\t\t\t<div class=\"elementor-element elementor-element-1429168 elementor-widget elementor-widget-heading\" data-id=\"1429168\" data-element_type=\"widget\" data-e-type=\"widget\" data-widget_type=\"heading.default\">\n\t\t\t\t\t<h2 class=\"elementor-heading-title elementor-size-default\">Ablauf<\/h2>\t\t\t\t<\/div>\n\t\t\t\t<div class=\"elementor-element elementor-element-405e7bb elementor-widget elementor-widget-text-editor\" data-id=\"405e7bb\" data-element_type=\"widget\" data-e-type=\"widget\" data-widget_type=\"text-editor.default\">\n\t\t\t\t\t\t\t\t\t<p>Dazu gibt es eigene Animationsvideos \u201eFridolins Wasserreise\u201c, in denen die Themen \u201eder Wasserkreislauf\u201c, \u201eWasser bei dir zuhause\u201c und \u201eWasser ist gesund\u201c ganz leicht erkl\u00e4rt werden.<\/p><p>Die Projektwoche agiert F\u00e4cher\u00fcbergreifend (Sachunterricht, Deutsch, Mathematik, Englisch, Bildnerische Erziehung, Bewegung und Sport) und \u00fcberzeugt durch interaktiven und abwechslungsreichen on- und offline Unterricht. Highlight der Projektwoche ist der Besuch beim Wasserverband Grazerfeld S\u00fcdost und Umland Graz sowie das Erinnerungsgeschenk f\u00fcr jedes Kind.<\/p><p>Mit unseren Lehrinhalten freuen wir uns, Ihnen und Ihren Schu\u0308lerInnen einen spannenden Einblick in die komplexe Welt des Trinkwassers geben zu k\u00f6nnen und wu\u0308nschen viel Freude im Unterricht!<\/p>\t\t\t\t\t\t\t\t<\/div>\n\t\t\t\t<\/div>\n\t\t<div class=\"elementor-element elementor-element-e3c55f4 e-con-full e-grid e-con e-child\" data-id=\"e3c55f4\" data-element_type=\"container\" data-e-type=\"container\" data-settings=\"{&quot;jet_parallax_layout_list&quot;:[]}\">\n\t\t<div class=\"elementor-element elementor-element-6a1d868 e-con-full e-flex e-con e-child\" data-id=\"6a1d868\" data-element_type=\"container\" data-e-type=\"container\" data-settings=\"{&quot;background_background&quot;:&quot;classic&quot;,&quot;jet_parallax_layout_list&quot;:[]}\">\n\t\t\t\t<div class=\"elementor-element elementor-element-9a6a3c4 elementor-widget elementor-widget-jet-listing-grid\" data-id=\"9a6a3c4\" data-element_type=\"widget\" data-e-type=\"widget\" data-settings=\"{&quot;columns&quot;:&quot;1&quot;}\" data-widget_type=\"jet-listing-grid.default\">\n\t\t\t\t\t<div class=\"jet-listing-grid jet-listing\"><div class=\"jet-listing-grid__items grid-col-desk-1 grid-col-tablet-1 grid-col-mobile-1 jet-listing-grid--1081\" data-queried-id=\"1500|WP_Post\" data-nav=\"{&quot;enabled&quot;:false,&quot;type&quot;:null,&quot;more_el&quot;:null,&quot;query&quot;:[],&quot;widget_settings&quot;:{&quot;lisitng_id&quot;:1081,&quot;posts_num&quot;:1,&quot;columns&quot;:1,&quot;columns_tablet&quot;:1,&quot;columns_mobile&quot;:1,&quot;column_min_width&quot;:240,&quot;column_min_width_tablet&quot;:240,&quot;column_min_width_mobile&quot;:240,&quot;inline_columns_css&quot;:false,&quot;is_archive_template&quot;:&quot;&quot;,&quot;post_status&quot;:[&quot;publish&quot;],&quot;use_random_posts_num&quot;:&quot;&quot;,&quot;max_posts_num&quot;:9,&quot;not_found_message&quot;:&quot;No data was found&quot;,&quot;is_masonry&quot;:false,&quot;equal_columns_height&quot;:&quot;&quot;,&quot;use_load_more&quot;:&quot;&quot;,&quot;load_more_id&quot;:&quot;&quot;,&quot;load_more_type&quot;:&quot;click&quot;,&quot;load_more_offset&quot;:{&quot;unit&quot;:&quot;px&quot;,&quot;size&quot;:0,&quot;sizes&quot;:[]},&quot;use_custom_post_types&quot;:&quot;&quot;,&quot;custom_post_types&quot;:[],&quot;hide_widget_if&quot;:&quot;&quot;,&quot;carousel_enabled&quot;:&quot;&quot;,&quot;slides_to_scroll&quot;:&quot;1&quot;,&quot;arrows&quot;:&quot;true&quot;,&quot;arrow_icon&quot;:&quot;fa fa-angle-left&quot;,&quot;dots&quot;:&quot;&quot;,&quot;autoplay&quot;:&quot;true&quot;,&quot;pause_on_hover&quot;:&quot;true&quot;,&quot;autoplay_speed&quot;:5000,&quot;infinite&quot;:&quot;true&quot;,&quot;center_mode&quot;:&quot;&quot;,&quot;effect&quot;:&quot;slide&quot;,&quot;speed&quot;:500,&quot;inject_alternative_items&quot;:&quot;&quot;,&quot;injection_items&quot;:[],&quot;scroll_slider_enabled&quot;:&quot;&quot;,&quot;scroll_slider_on&quot;:[&quot;desktop&quot;,&quot;tablet&quot;,&quot;mobile&quot;],&quot;custom_query&quot;:false,&quot;custom_query_id&quot;:&quot;&quot;,&quot;_element_id&quot;:&quot;&quot;,&quot;collapse_first_last_gap&quot;:false,&quot;list_tag_selection&quot;:&quot;&quot;,&quot;list_items_wrapper_tag&quot;:&quot;div&quot;,&quot;list_item_tag&quot;:&quot;div&quot;,&quot;empty_items_wrapper_tag&quot;:&quot;div&quot;}}\" data-page=\"1\" data-pages=\"1\" data-listing-source=\"posts\" data-listing-id=\"1081\" data-query-id=\"\"><div class=\"jet-listing-grid__item jet-listing-dynamic-post-1507\" data-post-id=\"1507\"  >\t\t<div data-elementor-type=\"jet-listing-items\" data-elementor-id=\"1081\" class=\"elementor elementor-1081\" data-elementor-post-type=\"jet-engine\">\n\t\t\t\t<div class=\"elementor-element elementor-element-6cd8aa6 e-con-full e-flex e-con e-parent\" data-id=\"6cd8aa6\" data-element_type=\"container\" data-e-type=\"container\" data-settings=\"{&quot;jet_parallax_layout_list&quot;:[]}\">\n\t\t\t\t<div class=\"elementor-element elementor-element-1b0d2c9 elementor-widget elementor-widget-jet-button\" data-id=\"1b0d2c9\" data-element_type=\"widget\" data-e-type=\"widget\" data-widget_type=\"jet-button.default\">\n\t\t\t\t<div class=\"elementor-widget-container\">\n\t\t\t\t\t<div class=\"elementor-jet-button jet-elements\"><div class=\"jet-button__container\">\n\t<a class=\"jet-button__instance jet-button__instance--icon-top hover-effect-0\" href=\"https:\/\/projekt1.movemusweb.at\/wp-content\/uploads\/2026\/04\/WASSERVERBAND_Lehrmappe-Steirischer-Wasserverband_WEB.pdf\" target=\"_blank\">\n\t\t<div class=\"jet-button__plane jet-button__plane-normal\"><\/div>\n\t\t<div class=\"jet-button__plane jet-button__plane-hover\"><\/div>\n\t\t<div class=\"jet-button__state jet-button__state-normal\">\n\t\t\t<span class=\"jet-button__icon jet-elements-icon\"><svg xmlns=\"http:\/\/www.w3.org\/2000\/svg\" xmlns:xlink=\"http:\/\/www.w3.org\/1999\/xlink\" id=\"Ebene_1\" x=\"0px\" y=\"0px\" viewBox=\"0 0 56.7 56.7\" style=\"enable-background:new 0 0 56.7 56.7;\" xml:space=\"preserve\"><style type=\"text\/css\">\t.st0{fill:#FFFFFF;}<\/style><path class=\"st0\" d=\"M40.2,28.8c0.4-0.4,0.4-1,0-1.4c-0.2-0.2-0.4-0.3-0.7-0.3s-0.5,0.1-0.7,0.3L29.3,37V9.7c0-0.5-0.4-1-1-1 c-0.5,0-1,0.4-1,1V37l-9.5-9.5c-0.2-0.2-0.4-0.3-0.7-0.3s-0.5,0.1-0.7,0.3c-0.2,0.2-0.3,0.4-0.3,0.7c0,0.3,0.1,0.5,0.3,0.7 l11.2,11.2c0.2,0.2,0.4,0.3,0.7,0.3c0.3,0,0.5-0.1,0.7-0.3L40.2,28.8z M47.8,44.9v-5.8c0-0.5-0.4-1-1-1c-0.5,0-1,0.4-1,1v5.8 c0,0.6-0.5,1.1-1.1,1.1H11.9c-0.6,0-1.1-0.5-1.1-1.1v-5.8c0-0.5-0.4-1-1-1c-0.5,0-1,0.4-1,1v5.8c0,1.7,1.4,3.1,3.1,3.1h32.9 C46.5,48,47.8,46.6,47.8,44.9\"><\/path><\/svg><\/span><span class=\"jet-button__label\">Projektmappe digital zum herunterladen<\/span>\t\t<\/div>\n\t\t<div class=\"jet-button__state jet-button__state-hover\">\n\t\t\t<span class=\"jet-button__icon jet-elements-icon\"><svg xmlns=\"http:\/\/www.w3.org\/2000\/svg\" xmlns:xlink=\"http:\/\/www.w3.org\/1999\/xlink\" id=\"Ebene_1\" x=\"0px\" y=\"0px\" viewBox=\"0 0 56.7 56.7\" style=\"enable-background:new 0 0 56.7 56.7;\" xml:space=\"preserve\"><style type=\"text\/css\">\t.st0{fill:#FFFFFF;}<\/style><path class=\"st0\" d=\"M40.2,28.8c0.4-0.4,0.4-1,0-1.4c-0.2-0.2-0.4-0.3-0.7-0.3s-0.5,0.1-0.7,0.3L29.3,37V9.7c0-0.5-0.4-1-1-1 c-0.5,0-1,0.4-1,1V37l-9.5-9.5c-0.2-0.2-0.4-0.3-0.7-0.3s-0.5,0.1-0.7,0.3c-0.2,0.2-0.3,0.4-0.3,0.7c0,0.3,0.1,0.5,0.3,0.7 l11.2,11.2c0.2,0.2,0.4,0.3,0.7,0.3c0.3,0,0.5-0.1,0.7-0.3L40.2,28.8z M47.8,44.9v-5.8c0-0.5-0.4-1-1-1c-0.5,0-1,0.4-1,1v5.8 c0,0.6-0.5,1.1-1.1,1.1H11.9c-0.6,0-1.1-0.5-1.1-1.1v-5.8c0-0.5-0.4-1-1-1c-0.5,0-1,0.4-1,1v5.8c0,1.7,1.4,3.1,3.1,3.1h32.9 C46.5,48,47.8,46.6,47.8,44.9\"><\/path><\/svg><\/span><span class=\"jet-button__label\">Projektmappe digital zum herunterladen<\/span>\t\t<\/div>\n\t<\/a>\n<\/div>\n<\/div>\t\t\t\t<\/div>\n\t\t\t\t<\/div>\n\t\t\t\t<\/div>\n\t\t\t\t<\/div>\n\t\t<\/div><\/div><\/div>\t\t\t\t<\/div>\n\t\t\t\t<\/div>\n\t\t<div class=\"elementor-element elementor-element-9d1dfe2 e-con-full e-flex e-con e-child\" data-id=\"9d1dfe2\" data-element_type=\"container\" data-e-type=\"container\" data-settings=\"{&quot;background_background&quot;:&quot;classic&quot;,&quot;jet_parallax_layout_list&quot;:[]}\">\n\t\t\t\t<\/div>\n\t\t\t\t<\/div>\n\t\t\t\t<\/div>\n\t\t\t\t<\/div>\n\t\t<div class=\"elementor-element elementor-element-1ee40ff e-con-full e-flex e-con e-parent\" data-id=\"1ee40ff\" data-element_type=\"container\" data-e-type=\"container\" data-settings=\"{&quot;jet_parallax_layout_list&quot;:[]}\">\n\t\t<div class=\"elementor-element elementor-element-b7fb1cf e-con-full e-flex e-con e-child\" data-id=\"b7fb1cf\" data-element_type=\"container\" data-e-type=\"container\" data-settings=\"{&quot;background_background&quot;:&quot;classic&quot;,&quot;jet_parallax_layout_list&quot;:[]}\">\n\t\t\t\t<\/div>\n\t\t\t\t<\/div>\n\t\t\t\t<\/div>\n\t\t","protected":false},"excerpt":{"rendered":"<p>Wasser macht Schule Um unseren Kindern das Thema Wasser und den nach&shy;haltigen Umgang mit dem kostbaren Gut n\u00e4her zu bringen, bieten wir Schulklassen aus unserem Verbands&shy;gebiet lehrreiche F\u00fchrungen durch unseren Standort an. Es wurden Lehrmappen entwickelt, die alle Inhalte trans&shy;portieren, die ein Kind wissen sollte. Eine zentrale Rolle nimmt Fridolin ein. Er ist unser Wasser&shy;m\u00e4nnchen, [&hellip;]<\/p>\n","protected":false},"author":1,"featured_media":0,"parent":0,"menu_order":0,"comment_status":"closed","ping_status":"closed","template":"","meta":{"footnotes":""},"class_list":["post-1500","page","type-page","status-publish","hentry"],"yoast_head":"<!-- This site is optimized with the Yoast SEO plugin v27.1.1 - https:\/\/yoast.com\/product\/yoast-seo-wordpress\/ -->\n<title>Wasser macht Schule - Wasserverband<\/title>\n<meta name=\"robots\" content=\"noindex, follow, max-snippet:-1, max-image-preview:large, max-video-preview:-1\" \/>\n<meta property=\"og:locale\" content=\"de_DE\" \/>\n<meta property=\"og:type\" content=\"article\" \/>\n<meta property=\"og:title\" content=\"Wasser macht Schule - Wasserverband\" \/>\n<meta property=\"og:description\" content=\"Wasser macht Schule Um unseren Kindern das Thema Wasser und den nach&shy;haltigen Umgang mit dem kostbaren Gut n\u00e4her zu bringen, bieten wir Schulklassen aus unserem Verbands&shy;gebiet lehrreiche F\u00fchrungen durch unseren Standort an. Es wurden Lehrmappen entwickelt, die alle Inhalte trans&shy;portieren, die ein Kind wissen sollte. Eine zentrale Rolle nimmt Fridolin ein. Er ist unser Wasser&shy;m\u00e4nnchen, [&hellip;]\" \/>\n<meta property=\"og:url\" content=\"https:\/\/projekt1.movemusweb.at\/index.php\/wasser-macht-schule\/\" \/>\n<meta property=\"og:site_name\" content=\"Wasserverband\" \/>\n<meta property=\"article:modified_time\" content=\"2026-04-08T12:11:16+00:00\" \/>\n<meta name=\"twitter:card\" content=\"summary_large_image\" \/>\n<meta name=\"twitter:label1\" content=\"Gesch\u00e4tzte Lesezeit\" \/>\n\t<meta name=\"twitter:data1\" content=\"1\u00a0Minute\" \/>\n<script type=\"application\/ld+json\" class=\"yoast-schema-graph\">{\"@context\":\"https:\/\/schema.org\",\"@graph\":[{\"@type\":\"WebPage\",\"@id\":\"https:\/\/projekt1.movemusweb.at\/index.php\/wasser-macht-schule\/\",\"url\":\"https:\/\/projekt1.movemusweb.at\/index.php\/wasser-macht-schule\/\",\"name\":\"Wasser macht Schule - Wasserverband\",\"isPartOf\":{\"@id\":\"https:\/\/projekt1.movemusweb.at\/#website\"},\"primaryImageOfPage\":{\"@id\":\"https:\/\/projekt1.movemusweb.at\/index.php\/wasser-macht-schule\/#primaryimage\"},\"image\":{\"@id\":\"https:\/\/projekt1.movemusweb.at\/index.php\/wasser-macht-schule\/#primaryimage\"},\"thumbnailUrl\":\"https:\/\/projekt1.movemusweb.at\/wp-content\/uploads\/2026\/04\/Fridolin-001.svg\",\"datePublished\":\"2026-04-03T11:26:45+00:00\",\"dateModified\":\"2026-04-08T12:11:16+00:00\",\"breadcrumb\":{\"@id\":\"https:\/\/projekt1.movemusweb.at\/index.php\/wasser-macht-schule\/#breadcrumb\"},\"inLanguage\":\"de\",\"potentialAction\":[{\"@type\":\"ReadAction\",\"target\":[\"https:\/\/projekt1.movemusweb.at\/index.php\/wasser-macht-schule\/\"]}]},{\"@type\":\"ImageObject\",\"inLanguage\":\"de\",\"@id\":\"https:\/\/projekt1.movemusweb.at\/index.php\/wasser-macht-schule\/#primaryimage\",\"url\":\"https:\/\/projekt1.movemusweb.at\/wp-content\/uploads\/2026\/04\/Fridolin-001.svg\",\"contentUrl\":\"https:\/\/projekt1.movemusweb.at\/wp-content\/uploads\/2026\/04\/Fridolin-001.svg\",\"width\":447.3,\"height\":617.9},{\"@type\":\"BreadcrumbList\",\"@id\":\"https:\/\/projekt1.movemusweb.at\/index.php\/wasser-macht-schule\/#breadcrumb\",\"itemListElement\":[{\"@type\":\"ListItem\",\"position\":1,\"name\":\"Startseite\",\"item\":\"https:\/\/projekt1.movemusweb.at\/\"},{\"@type\":\"ListItem\",\"position\":2,\"name\":\"Wasser macht Schule\"}]},{\"@type\":\"WebSite\",\"@id\":\"https:\/\/projekt1.movemusweb.at\/#website\",\"url\":\"https:\/\/projekt1.movemusweb.at\/\",\"name\":\"Wasserverband\",\"description\":\"Grazerfeld S\u00fcdost und Umland Graz\",\"potentialAction\":[{\"@type\":\"SearchAction\",\"target\":{\"@type\":\"EntryPoint\",\"urlTemplate\":\"https:\/\/projekt1.movemusweb.at\/?s={search_term_string}\"},\"query-input\":{\"@type\":\"PropertyValueSpecification\",\"valueRequired\":true,\"valueName\":\"search_term_string\"}}],\"inLanguage\":\"de\"}]}<\/script>\n<!-- \/ Yoast SEO plugin. -->","yoast_head_json":{"title":"Wasser macht Schule - Wasserverband","robots":{"index":"noindex","follow":"follow","max-snippet":"max-snippet:-1","max-image-preview":"max-image-preview:large","max-video-preview":"max-video-preview:-1"},"og_locale":"de_DE","og_type":"article","og_title":"Wasser macht Schule - Wasserverband","og_description":"Wasser macht Schule Um unseren Kindern das Thema Wasser und den nach&shy;haltigen Umgang mit dem kostbaren Gut n\u00e4her zu bringen, bieten wir Schulklassen aus unserem Verbands&shy;gebiet lehrreiche F\u00fchrungen durch unseren Standort an. Es wurden Lehrmappen entwickelt, die alle Inhalte trans&shy;portieren, die ein Kind wissen sollte. Eine zentrale Rolle nimmt Fridolin ein. Er ist unser Wasser&shy;m\u00e4nnchen, [&hellip;]","og_url":"https:\/\/projekt1.movemusweb.at\/index.php\/wasser-macht-schule\/","og_site_name":"Wasserverband","article_modified_time":"2026-04-08T12:11:16+00:00","twitter_card":"summary_large_image","twitter_misc":{"Gesch\u00e4tzte Lesezeit":"1\u00a0Minute"},"schema":{"@context":"https:\/\/schema.org","@graph":[{"@type":"WebPage","@id":"https:\/\/projekt1.movemusweb.at\/index.php\/wasser-macht-schule\/","url":"https:\/\/projekt1.movemusweb.at\/index.php\/wasser-macht-schule\/","name":"Wasser macht Schule - Wasserverband","isPartOf":{"@id":"https:\/\/projekt1.movemusweb.at\/#website"},"primaryImageOfPage":{"@id":"https:\/\/projekt1.movemusweb.at\/index.php\/wasser-macht-schule\/#primaryimage"},"image":{"@id":"https:\/\/projekt1.movemusweb.at\/index.php\/wasser-macht-schule\/#primaryimage"},"thumbnailUrl":"https:\/\/projekt1.movemusweb.at\/wp-content\/uploads\/2026\/04\/Fridolin-001.svg","datePublished":"2026-04-03T11:26:45+00:00","dateModified":"2026-04-08T12:11:16+00:00","breadcrumb":{"@id":"https:\/\/projekt1.movemusweb.at\/index.php\/wasser-macht-schule\/#breadcrumb"},"inLanguage":"de","potentialAction":[{"@type":"ReadAction","target":["https:\/\/projekt1.movemusweb.at\/index.php\/wasser-macht-schule\/"]}]},{"@type":"ImageObject","inLanguage":"de","@id":"https:\/\/projekt1.movemusweb.at\/index.php\/wasser-macht-schule\/#primaryimage","url":"https:\/\/projekt1.movemusweb.at\/wp-content\/uploads\/2026\/04\/Fridolin-001.svg","contentUrl":"https:\/\/projekt1.movemusweb.at\/wp-content\/uploads\/2026\/04\/Fridolin-001.svg","width":447.3,"height":617.9},{"@type":"BreadcrumbList","@id":"https:\/\/projekt1.movemusweb.at\/index.php\/wasser-macht-schule\/#breadcrumb","itemListElement":[{"@type":"ListItem","position":1,"name":"Startseite","item":"https:\/\/projekt1.movemusweb.at\/"},{"@type":"ListItem","position":2,"name":"Wasser macht Schule"}]},{"@type":"WebSite","@id":"https:\/\/projekt1.movemusweb.at\/#website","url":"https:\/\/projekt1.movemusweb.at\/","name":"Wasserverband","description":"Grazerfeld S\u00fcdost und Umland Graz","potentialAction":[{"@type":"SearchAction","target":{"@type":"EntryPoint","urlTemplate":"https:\/\/projekt1.movemusweb.at\/?s={search_term_string}"},"query-input":{"@type":"PropertyValueSpecification","valueRequired":true,"valueName":"search_term_string"}}],"inLanguage":"de"}]}},"_links":{"self":[{"href":"https:\/\/projekt1.movemusweb.at\/index.php\/wp-json\/wp\/v2\/pages\/1500","targetHints":{"allow":["GET"]}}],"collection":[{"href":"https:\/\/projekt1.movemusweb.at\/index.php\/wp-json\/wp\/v2\/pages"}],"about":[{"href":"https:\/\/projekt1.movemusweb.at\/index.php\/wp-json\/wp\/v2\/types\/page"}],"author":[{"embeddable":true,"href":"https:\/\/projekt1.movemusweb.at\/index.php\/wp-json\/wp\/v2\/users\/1"}],"replies":[{"embeddable":true,"href":"https:\/\/projekt1.movemusweb.at\/index.php\/wp-json\/wp\/v2\/comments?post=1500"}],"version-history":[{"count":22,"href":"https:\/\/projekt1.movemusweb.at\/index.php\/wp-json\/wp\/v2\/pages\/1500\/revisions"}],"predecessor-version":[{"id":1824,"href":"https:\/\/projekt1.movemusweb.at\/index.php\/wp-json\/wp\/v2\/pages\/1500\/revisions\/1824"}],"wp:attachment":[{"href":"https:\/\/projekt1.movemusweb.at\/index.php\/wp-json\/wp\/v2\/media?parent=1500"}],"curies":[{"name":"wp","href":"https:\/\/api.w.org\/{rel}","templated":true}]}}