{"id":372,"date":"2026-03-18T18:50:26","date_gmt":"2026-03-18T18:50:26","guid":{"rendered":"https:\/\/projekt1.movemusweb.at\/?page_id=372"},"modified":"2026-04-08T19:42:48","modified_gmt":"2026-04-08T19:42:48","slug":"aufgaben-und-zielsetzung","status":"publish","type":"page","link":"https:\/\/projekt1.movemusweb.at\/index.php\/aufgaben-und-zielsetzung\/","title":{"rendered":"Aufgaben &#038; Zielsetzung"},"content":{"rendered":"\t\t<div data-elementor-type=\"wp-page\" data-elementor-id=\"372\" class=\"elementor elementor-372\" data-elementor-post-type=\"page\">\n\t\t\t\t<div class=\"elementor-element elementor-element-49a1de0 e-con-full e-flex e-con e-parent\" data-id=\"49a1de0\" data-element_type=\"container\" data-e-type=\"container\" data-settings=\"{&quot;jet_parallax_layout_list&quot;:[]}\">\n\t\t<div class=\"elementor-element elementor-element-6dbded6 e-con-full e-flex e-con e-child\" data-id=\"6dbded6\" data-element_type=\"container\" data-e-type=\"container\" data-settings=\"{&quot;background_background&quot;:&quot;classic&quot;,&quot;jet_parallax_layout_list&quot;:[]}\">\n\t\t<div class=\"elementor-element elementor-element-39cb3e6 e-con-full e-flex e-con e-child\" data-id=\"39cb3e6\" data-element_type=\"container\" data-e-type=\"container\" data-settings=\"{&quot;jet_parallax_layout_list&quot;:[]}\">\n\t\t\t\t<div class=\"elementor-element elementor-element-1492124 elementor-widget elementor-widget-heading\" data-id=\"1492124\" data-element_type=\"widget\" data-e-type=\"widget\" data-widget_type=\"heading.default\">\n\t\t\t\t\t<h1 class=\"elementor-heading-title elementor-size-default\"><b>Aufgaben<br> und<br> Zielsetzung<\/b><\/h1>\t\t\t\t<\/div>\n\t\t\t\t<\/div>\n\t\t\t\t<\/div>\n\t\t\t\t<\/div>\n\t\t<div class=\"elementor-element elementor-element-fed0d62 e-con-full e-flex e-con e-parent\" data-id=\"fed0d62\" data-element_type=\"container\" data-e-type=\"container\" data-settings=\"{&quot;jet_parallax_layout_list&quot;:[]}\">\n\t\t<div class=\"elementor-element elementor-element-dfec1d0 e-con-full e-grid e-con e-child\" data-id=\"dfec1d0\" data-element_type=\"container\" data-e-type=\"container\" data-settings=\"{&quot;jet_parallax_layout_list&quot;:[]}\">\n\t\t<div class=\"elementor-element elementor-element-22609b7 e-con-full e-flex e-con e-child\" data-id=\"22609b7\" data-element_type=\"container\" data-e-type=\"container\" data-settings=\"{&quot;background_background&quot;:&quot;classic&quot;,&quot;jet_parallax_layout_list&quot;:[]}\">\n\t\t\t\t<div class=\"elementor-element elementor-element-3126da3 elementor-widget elementor-widget-heading\" data-id=\"3126da3\" data-element_type=\"widget\" data-e-type=\"widget\" data-widget_type=\"heading.default\">\n\t\t\t\t\t<h2 class=\"elementor-heading-title elementor-size-default\">Die Wasserverb\u00e4nde versorgen deren Mitglieder mit sauberem Grundwasser und stellen die daf\u00fcr n\u00f6tigen technischen wie personellen Ressourcen zur Verf\u00fcgung. Sie decken ein breites Spektrum von T\u00e4tigkeiten ab, die sich in drei Kernbereiche gliedern:<\/h2>\t\t\t\t<\/div>\n\t\t\t\t<\/div>\n\t\t<div class=\"elementor-element elementor-element-22ba188 e-con-full e-flex e-con e-child\" data-id=\"22ba188\" data-element_type=\"container\" data-e-type=\"container\" data-settings=\"{&quot;background_background&quot;:&quot;classic&quot;,&quot;jet_parallax_layout_list&quot;:[]}\">\n\t\t\t\t<\/div>\n\t\t\t\t<\/div>\n\t\t\t\t<\/div>\n\t\t<div class=\"elementor-element elementor-element-ae967bb e-con-full e-flex e-con e-parent\" data-id=\"ae967bb\" data-element_type=\"container\" data-e-type=\"container\" data-settings=\"{&quot;jet_parallax_layout_list&quot;:[]}\">\n\t\t<div class=\"elementor-element elementor-element-978255d e-con-full e-grid e-con e-child\" data-id=\"978255d\" data-element_type=\"container\" data-e-type=\"container\" data-settings=\"{&quot;jet_parallax_layout_list&quot;:[]}\">\n\t\t<div class=\"elementor-element elementor-element-7dc46b2 e-con-full e-flex e-con e-child\" data-id=\"7dc46b2\" data-element_type=\"container\" data-e-type=\"container\" data-settings=\"{&quot;background_background&quot;:&quot;classic&quot;,&quot;jet_parallax_layout_list&quot;:[]}\">\n\t\t\t\t<div class=\"elementor-element elementor-element-095d463 elementor-widget elementor-widget-heading\" data-id=\"095d463\" data-element_type=\"widget\" data-e-type=\"widget\" data-widget_type=\"heading.default\">\n\t\t\t\t\t<h3 class=\"elementor-heading-title elementor-size-default\">1 \/ Sicherung und Erschlies\u00adsung der Ressource Wasser<\/h3>\t\t\t\t<\/div>\n\t\t\t\t<div class=\"elementor-element elementor-element-ee21c52 elementor-widget elementor-widget-text-editor\" data-id=\"ee21c52\" data-element_type=\"widget\" data-e-type=\"widget\" data-widget_type=\"text-editor.default\">\n\t\t\t\t\t\t\t\t\t<p>Eine der zentralen Herausforderungen des Wasserverbandes ist die Erweiterung von Brunnenanlagen und die Neuerschlie\u00dfung zus\u00e4tzlicher Grundwasserressourcen. Damit einher geht die Errichtung entsprechender Schutzzonen. Derzeit bildet das Wasserwerk in G\u00f6ssendorf in Verbindung mit der umliegenden Schutzzone das Herzst\u00fcck der Wasserversorgung in unserem Verband.<\/p>\t\t\t\t\t\t\t\t<\/div>\n\t\t\t\t<\/div>\n\t\t<div class=\"elementor-element elementor-element-88bbede e-con-full e-flex e-con e-child\" data-id=\"88bbede\" data-element_type=\"container\" data-e-type=\"container\" data-settings=\"{&quot;background_background&quot;:&quot;classic&quot;,&quot;jet_parallax_layout_list&quot;:[]}\">\n\t\t\t\t<div class=\"elementor-element elementor-element-76497f6 elementor-widget elementor-widget-heading\" data-id=\"76497f6\" data-element_type=\"widget\" data-e-type=\"widget\" data-widget_type=\"heading.default\">\n\t\t\t\t\t<h3 class=\"elementor-heading-title elementor-size-default\">2 \/ Erhal\u00adtung und laufender Betrieb der Infra\u00adstruktur<\/h3>\t\t\t\t<\/div>\n\t\t\t\t<div class=\"elementor-element elementor-element-2b7d187 elementor-widget elementor-widget-text-editor\" data-id=\"2b7d187\" data-element_type=\"widget\" data-e-type=\"widget\" data-widget_type=\"text-editor.default\">\n\t\t\t\t\t\t\t\t\tDie permanente und st\u00f6rungsfreie Verteilung von hochwertigem Trinkwasser in unserem Einzugsgebiet geh\u00f6rt tagt\u00e4glich zu unserer Aufgabe. Um dieser Aufgabe erfolgreich nachgehen zu k\u00f6nnen, sorgt ein erfahrenes und gut ausgebildetes Team f\u00fcr die einwandfreie Funktion der n\u00f6tigen Infrastruktur und f\u00fcr die laufende \u00dcberpr\u00fcfung der Wasserqualit\u00e4t. Die Versorgungssicherheit kann au\u00dferdem durch laufende Investitionen in die Funktionst\u00fcchtigkeit und die Werterhaltung unserer Anlagen gew\u00e4hrleistet werden.\t\t\t\t\t\t\t\t<\/div>\n\t\t\t\t<\/div>\n\t\t<div class=\"elementor-element elementor-element-514277e e-con-full e-flex e-con e-child\" data-id=\"514277e\" data-element_type=\"container\" data-e-type=\"container\" data-settings=\"{&quot;background_background&quot;:&quot;classic&quot;,&quot;jet_parallax_layout_list&quot;:[]}\">\n\t\t\t\t<div class=\"elementor-element elementor-element-d5bf83c elementor-widget elementor-widget-heading\" data-id=\"d5bf83c\" data-element_type=\"widget\" data-e-type=\"widget\" data-widget_type=\"heading.default\">\n\t\t\t\t\t<h3 class=\"elementor-heading-title elementor-size-default\">3 \/ Vorsorge und Absicherung\n<\/h3>\t\t\t\t<\/div>\n\t\t\t\t<div class=\"elementor-element elementor-element-7589ebd elementor-widget elementor-widget-text-editor\" data-id=\"7589ebd\" data-element_type=\"widget\" data-e-type=\"widget\" data-widget_type=\"text-editor.default\">\n\t\t\t\t\t\t\t\t\tAuch in Krisensituationen muss die Wasserversorgung aufrechterhalten werden! Um Versorgungsengp\u00e4ssen vorzubeugen, setzen wir auf \u00fcberregionale Transportleitungen und die Bew\u00e4ltigung von Durchleitungserfordernissen durch unsere Infrastruktur. Die \u00fcberregionale Vernetzung und Zusammenarbeit \u2013 nicht nur mit den direkt angrenzenden Wasserversorgern \u2013 ist daher von gro\u00dfer Wichtigkeit.\t\t\t\t\t\t\t\t<\/div>\n\t\t\t\t<\/div>\n\t\t\t\t<\/div>\n\t\t\t\t<\/div>\n\t\t<div class=\"elementor-element elementor-element-1ee40ff e-con-full e-flex e-con e-parent\" data-id=\"1ee40ff\" data-element_type=\"container\" data-e-type=\"container\" data-settings=\"{&quot;jet_parallax_layout_list&quot;:[]}\">\n\t\t<div class=\"elementor-element elementor-element-b7fb1cf e-con-full e-flex e-con e-child\" data-id=\"b7fb1cf\" data-element_type=\"container\" data-e-type=\"container\" data-settings=\"{&quot;background_background&quot;:&quot;classic&quot;,&quot;jet_parallax_layout_list&quot;:[]}\">\n\t\t\t\t<div class=\"elementor-element elementor-element-1395bc2 elementor-widget elementor-widget-heading\" data-id=\"1395bc2\" data-element_type=\"widget\" data-e-type=\"widget\" data-widget_type=\"heading.default\">\n\t\t\t\t\t<h2 class=\"elementor-heading-title elementor-size-default\"><b>Aufgaben<br> und Pflichten<\/b><\/h2>\t\t\t\t<\/div>\n\t\t\t\t<\/div>\n\t\t\t\t<\/div>\n\t\t<div class=\"elementor-element elementor-element-b5a59f0 e-con-full e-flex e-con e-parent\" data-id=\"b5a59f0\" data-element_type=\"container\" data-e-type=\"container\" data-settings=\"{&quot;jet_parallax_layout_list&quot;:[]}\">\n\t\t<div class=\"elementor-element elementor-element-d71da15 e-con-full e-grid e-con e-child\" data-id=\"d71da15\" data-element_type=\"container\" data-e-type=\"container\" data-settings=\"{&quot;jet_parallax_layout_list&quot;:[]}\">\n\t\t<div class=\"elementor-element elementor-element-d874346 e-con-full e-flex e-con e-child\" data-id=\"d874346\" data-element_type=\"container\" data-e-type=\"container\" data-settings=\"{&quot;background_background&quot;:&quot;classic&quot;,&quot;jet_parallax_layout_list&quot;:[]}\">\n\t\t\t\t<div class=\"elementor-element elementor-element-2494cbd elementor-widget elementor-widget-text-editor\" data-id=\"2494cbd\" data-element_type=\"widget\" data-e-type=\"widget\" data-widget_type=\"text-editor.default\">\n\t\t\t\t\t\t\t\t\t<p>Wasserbetreiber \u2013 und damit auch die Wasserverb\u00e4nde Grazerfeld S\u00fcdost und Umland Graz \u2013 unterliegen sehr strengen nationalen und internationalen Regelungen (Lebensmittelkodex, Trinkwasserverordnung, EU-Hygienepaket etc.). Diese Vorgaben regeln unter anderem die Eigenkontrolle durch den Betreiber, amtliche Kontrollen, Parameter f\u00fcr Trinkwasser, Untersuchungsh\u00e4ufigkeit und Notfallvorsorge.<\/p><p>Unter dem Begriff \u201eEigenkontrolle\u201c fasst die Trinkwasserverordnung zahlreiche Vorsorgema\u00dfnahmen zusammen, die vom Betreiber einer Wasserversorgungsanlage getroffen werden m\u00fcssen. Dar\u00fcber hinaus gibt es Kontrollen, die nur von externen und gesetzlich autorisierten Einrichtungen vorgenommen werden d\u00fcrfen.<\/p>\t\t\t\t\t\t\t\t<\/div>\n\t\t\t\t<\/div>\n\t\t<div class=\"elementor-element elementor-element-33078e3 e-con-full e-flex e-con e-child\" data-id=\"33078e3\" data-element_type=\"container\" data-e-type=\"container\" data-settings=\"{&quot;background_background&quot;:&quot;classic&quot;,&quot;jet_parallax_layout_list&quot;:[]}\">\n\t\t\t\t<\/div>\n\t\t\t\t<\/div>\n\t\t\t\t<\/div>\n\t\t<div class=\"elementor-element elementor-element-607bcae e-con-full e-flex e-con e-parent\" data-id=\"607bcae\" data-element_type=\"container\" data-e-type=\"container\" data-settings=\"{&quot;jet_parallax_layout_list&quot;:[]}\">\n\t\t<div class=\"elementor-element elementor-element-6b47993 e-con-full e-grid e-con e-child\" data-id=\"6b47993\" data-element_type=\"container\" data-e-type=\"container\" data-settings=\"{&quot;jet_parallax_layout_list&quot;:[]}\">\n\t\t<div class=\"elementor-element elementor-element-a84e8bb e-con-full e-flex e-con e-child\" data-id=\"a84e8bb\" data-element_type=\"container\" data-e-type=\"container\" data-settings=\"{&quot;background_background&quot;:&quot;classic&quot;,&quot;jet_parallax_layout_list&quot;:[]}\">\n\t\t\t\t<\/div>\n\t\t<div class=\"elementor-element elementor-element-962eb22 e-con-full e-flex e-con e-child\" data-id=\"962eb22\" data-element_type=\"container\" data-e-type=\"container\" data-settings=\"{&quot;background_background&quot;:&quot;classic&quot;,&quot;jet_parallax_layout_list&quot;:[]}\">\n\t\t\t\t<div class=\"elementor-element elementor-element-27b6fff elementor-widget elementor-widget-heading\" data-id=\"27b6fff\" data-element_type=\"widget\" data-e-type=\"widget\" data-widget_type=\"heading.default\">\n\t\t\t\t\t<h3 class=\"elementor-heading-title elementor-size-default\">Die gesetzlich geregelte Eigenkontrolle umfasst folgende Aufgaben:<\/h3>\t\t\t\t<\/div>\n\t\t\t\t<div class=\"elementor-element elementor-element-8bdfd0d elementor-icon-list--layout-traditional elementor-list-item-link-full_width elementor-widget elementor-widget-icon-list\" data-id=\"8bdfd0d\" data-element_type=\"widget\" data-e-type=\"widget\" data-widget_type=\"icon-list.default\">\n\t\t\t\t\t\t\t<ul class=\"elementor-icon-list-items\">\n\t\t\t\t\t\t\t<li class=\"elementor-icon-list-item\">\n\t\t\t\t\t\t\t\t\t\t\t<span class=\"elementor-icon-list-icon\">\n\t\t\t\t\t\t\t<svg aria-hidden=\"true\" class=\"e-font-icon-svg e-fas-circle\" viewBox=\"0 0 512 512\" xmlns=\"http:\/\/www.w3.org\/2000\/svg\"><path d=\"M256 8C119 8 8 119 8 256s111 248 248 248 248-111 248-248S393 8 256 8z\"><\/path><\/svg>\t\t\t\t\t\t<\/span>\n\t\t\t\t\t\t\t\t\t\t<span class=\"elementor-icon-list-text\"><b>Errichtung, Wartung und Instandhaltung<\/b><br>Die Betreuung und Wartung unserer Wasserversorgungsanlagen erfolgt durch speziell ausgebildete \u201eWassermeister\u201c. Diese werden regelm\u00e4\u00dfig aus- und weitergebildet, um rechtlich und technisch stets auf dem aktuellen Stand zu sein.<\/span>\n\t\t\t\t\t\t\t\t\t<\/li>\n\t\t\t\t\t\t\t\t<li class=\"elementor-icon-list-item\">\n\t\t\t\t\t\t\t\t\t\t\t<span class=\"elementor-icon-list-icon\">\n\t\t\t\t\t\t\t<svg aria-hidden=\"true\" class=\"e-font-icon-svg e-fas-circle\" viewBox=\"0 0 512 512\" xmlns=\"http:\/\/www.w3.org\/2000\/svg\"><path d=\"M256 8C119 8 8 119 8 256s111 248 248 248 248-111 248-248S393 8 256 8z\"><\/path><\/svg>\t\t\t\t\t\t<\/span>\n\t\t\t\t\t\t\t\t\t\t<span class=\"elementor-icon-list-text\"><b>Trinkwasseruntersuchung und Dokumentation<\/b><br> Mit Bescheid vom Amt der Steierm\u00e4rkischen Landesregierung ist ein genaues Untersuchungsprogramm der Brunnen in Kalsdorf festgelegt. Alle Untersuchungen werden im Auftrag des Wasserlabors der Holding Graz - Kommunale Dienstleistungen GmbH durchgef\u00fchrt. Diese Einrichtung ist ein gesetzlich autorisiertes Labor f\u00fcr Trink- und Mineralwasser.<\/span>\n\t\t\t\t\t\t\t\t\t<\/li>\n\t\t\t\t\t\t\t\t<li class=\"elementor-icon-list-item\">\n\t\t\t\t\t\t\t\t\t\t\t<span class=\"elementor-icon-list-icon\">\n\t\t\t\t\t\t\t<svg aria-hidden=\"true\" class=\"e-font-icon-svg e-fas-circle\" viewBox=\"0 0 512 512\" xmlns=\"http:\/\/www.w3.org\/2000\/svg\"><path d=\"M256 8C119 8 8 119 8 256s111 248 248 248 248-111 248-248S393 8 256 8z\"><\/path><\/svg>\t\t\t\t\t\t<\/span>\n\t\t\t\t\t\t\t\t\t\t<span class=\"elementor-icon-list-text\">Die Trinkwasserverordnung schreibt auch Untersuchungen beim Endverbraucher vor. Im Einvernehmen mit der zust\u00e4ndigen Fachabteilung (Gesundheitswesen - Amt der Steierm\u00e4rkischen Landesregierung) werden in jeder Mitgliedsgemeinde Proben entnommen.<\/span>\n\t\t\t\t\t\t\t\t\t<\/li>\n\t\t\t\t\t\t<\/ul>\n\t\t\t\t\t\t<\/div>\n\t\t\t\t<\/div>\n\t\t\t\t<\/div>\n\t\t\t\t<\/div>\n\t\t\t\t<\/div>\n\t\t","protected":false},"excerpt":{"rendered":"<p>Aufgaben und Zielsetzung Die Wasserverb\u00e4nde versorgen deren Mitglieder mit sauberem Grundwasser und stellen die daf\u00fcr n\u00f6tigen technischen wie personellen Ressourcen zur Verf\u00fcgung. Sie decken ein breites Spektrum von T\u00e4tigkeiten ab, die sich in drei Kernbereiche gliedern: 1 \/ Sicherung und Erschlies\u00adsung der Ressource Wasser Eine der zentralen Herausforderungen des Wasserverbandes ist die Erweiterung von Brunnenanlagen [&hellip;]<\/p>\n","protected":false},"author":1,"featured_media":0,"parent":0,"menu_order":0,"comment_status":"closed","ping_status":"closed","template":"","meta":{"footnotes":""},"class_list":["post-372","page","type-page","status-publish","hentry"],"yoast_head":"<!-- This site is optimized with the Yoast SEO plugin v27.1.1 - https:\/\/yoast.com\/product\/yoast-seo-wordpress\/ -->\n<title>Aufgaben &amp; Zielsetzung - Wasserverband<\/title>\n<meta name=\"robots\" content=\"noindex, follow, max-snippet:-1, max-image-preview:large, max-video-preview:-1\" \/>\n<meta property=\"og:locale\" content=\"de_DE\" \/>\n<meta property=\"og:type\" content=\"article\" \/>\n<meta property=\"og:title\" content=\"Aufgaben &amp; Zielsetzung - Wasserverband\" \/>\n<meta property=\"og:description\" content=\"Aufgaben und Zielsetzung Die Wasserverb\u00e4nde versorgen deren Mitglieder mit sauberem Grundwasser und stellen die daf\u00fcr n\u00f6tigen technischen wie personellen Ressourcen zur Verf\u00fcgung. Sie decken ein breites Spektrum von T\u00e4tigkeiten ab, die sich in drei Kernbereiche gliedern: 1 \/ Sicherung und Erschlies\u00adsung der Ressource Wasser Eine der zentralen Herausforderungen des Wasserverbandes ist die Erweiterung von Brunnenanlagen [&hellip;]\" \/>\n<meta property=\"og:url\" content=\"https:\/\/projekt1.movemusweb.at\/index.php\/aufgaben-und-zielsetzung\/\" \/>\n<meta property=\"og:site_name\" content=\"Wasserverband\" \/>\n<meta property=\"article:modified_time\" content=\"2026-04-08T19:42:48+00:00\" \/>\n<meta name=\"twitter:card\" content=\"summary_large_image\" \/>\n<meta name=\"twitter:label1\" content=\"Gesch\u00e4tzte Lesezeit\" \/>\n\t<meta name=\"twitter:data1\" content=\"3\u00a0Minuten\" \/>\n<script type=\"application\/ld+json\" class=\"yoast-schema-graph\">{\"@context\":\"https:\/\/schema.org\",\"@graph\":[{\"@type\":\"WebPage\",\"@id\":\"https:\/\/projekt1.movemusweb.at\/index.php\/aufgaben-und-zielsetzung\/\",\"url\":\"https:\/\/projekt1.movemusweb.at\/index.php\/aufgaben-und-zielsetzung\/\",\"name\":\"Aufgaben & Zielsetzung - Wasserverband\",\"isPartOf\":{\"@id\":\"https:\/\/projekt1.movemusweb.at\/#website\"},\"datePublished\":\"2026-03-18T18:50:26+00:00\",\"dateModified\":\"2026-04-08T19:42:48+00:00\",\"breadcrumb\":{\"@id\":\"https:\/\/projekt1.movemusweb.at\/index.php\/aufgaben-und-zielsetzung\/#breadcrumb\"},\"inLanguage\":\"de\",\"potentialAction\":[{\"@type\":\"ReadAction\",\"target\":[\"https:\/\/projekt1.movemusweb.at\/index.php\/aufgaben-und-zielsetzung\/\"]}]},{\"@type\":\"BreadcrumbList\",\"@id\":\"https:\/\/projekt1.movemusweb.at\/index.php\/aufgaben-und-zielsetzung\/#breadcrumb\",\"itemListElement\":[{\"@type\":\"ListItem\",\"position\":1,\"name\":\"Startseite\",\"item\":\"https:\/\/projekt1.movemusweb.at\/\"},{\"@type\":\"ListItem\",\"position\":2,\"name\":\"Aufgaben &#038; Zielsetzung\"}]},{\"@type\":\"WebSite\",\"@id\":\"https:\/\/projekt1.movemusweb.at\/#website\",\"url\":\"https:\/\/projekt1.movemusweb.at\/\",\"name\":\"Wasserverband\",\"description\":\"Grazerfeld S\u00fcdost und Umland Graz\",\"potentialAction\":[{\"@type\":\"SearchAction\",\"target\":{\"@type\":\"EntryPoint\",\"urlTemplate\":\"https:\/\/projekt1.movemusweb.at\/?s={search_term_string}\"},\"query-input\":{\"@type\":\"PropertyValueSpecification\",\"valueRequired\":true,\"valueName\":\"search_term_string\"}}],\"inLanguage\":\"de\"}]}<\/script>\n<!-- \/ Yoast SEO plugin. -->","yoast_head_json":{"title":"Aufgaben & Zielsetzung - Wasserverband","robots":{"index":"noindex","follow":"follow","max-snippet":"max-snippet:-1","max-image-preview":"max-image-preview:large","max-video-preview":"max-video-preview:-1"},"og_locale":"de_DE","og_type":"article","og_title":"Aufgaben & Zielsetzung - Wasserverband","og_description":"Aufgaben und Zielsetzung Die Wasserverb\u00e4nde versorgen deren Mitglieder mit sauberem Grundwasser und stellen die daf\u00fcr n\u00f6tigen technischen wie personellen Ressourcen zur Verf\u00fcgung. Sie decken ein breites Spektrum von T\u00e4tigkeiten ab, die sich in drei Kernbereiche gliedern: 1 \/ Sicherung und Erschlies\u00adsung der Ressource Wasser Eine der zentralen Herausforderungen des Wasserverbandes ist die Erweiterung von Brunnenanlagen [&hellip;]","og_url":"https:\/\/projekt1.movemusweb.at\/index.php\/aufgaben-und-zielsetzung\/","og_site_name":"Wasserverband","article_modified_time":"2026-04-08T19:42:48+00:00","twitter_card":"summary_large_image","twitter_misc":{"Gesch\u00e4tzte Lesezeit":"3\u00a0Minuten"},"schema":{"@context":"https:\/\/schema.org","@graph":[{"@type":"WebPage","@id":"https:\/\/projekt1.movemusweb.at\/index.php\/aufgaben-und-zielsetzung\/","url":"https:\/\/projekt1.movemusweb.at\/index.php\/aufgaben-und-zielsetzung\/","name":"Aufgaben & Zielsetzung - Wasserverband","isPartOf":{"@id":"https:\/\/projekt1.movemusweb.at\/#website"},"datePublished":"2026-03-18T18:50:26+00:00","dateModified":"2026-04-08T19:42:48+00:00","breadcrumb":{"@id":"https:\/\/projekt1.movemusweb.at\/index.php\/aufgaben-und-zielsetzung\/#breadcrumb"},"inLanguage":"de","potentialAction":[{"@type":"ReadAction","target":["https:\/\/projekt1.movemusweb.at\/index.php\/aufgaben-und-zielsetzung\/"]}]},{"@type":"BreadcrumbList","@id":"https:\/\/projekt1.movemusweb.at\/index.php\/aufgaben-und-zielsetzung\/#breadcrumb","itemListElement":[{"@type":"ListItem","position":1,"name":"Startseite","item":"https:\/\/projekt1.movemusweb.at\/"},{"@type":"ListItem","position":2,"name":"Aufgaben &#038; Zielsetzung"}]},{"@type":"WebSite","@id":"https:\/\/projekt1.movemusweb.at\/#website","url":"https:\/\/projekt1.movemusweb.at\/","name":"Wasserverband","description":"Grazerfeld S\u00fcdost und Umland Graz","potentialAction":[{"@type":"SearchAction","target":{"@type":"EntryPoint","urlTemplate":"https:\/\/projekt1.movemusweb.at\/?s={search_term_string}"},"query-input":{"@type":"PropertyValueSpecification","valueRequired":true,"valueName":"search_term_string"}}],"inLanguage":"de"}]}},"_links":{"self":[{"href":"https:\/\/projekt1.movemusweb.at\/index.php\/wp-json\/wp\/v2\/pages\/372","targetHints":{"allow":["GET"]}}],"collection":[{"href":"https:\/\/projekt1.movemusweb.at\/index.php\/wp-json\/wp\/v2\/pages"}],"about":[{"href":"https:\/\/projekt1.movemusweb.at\/index.php\/wp-json\/wp\/v2\/types\/page"}],"author":[{"embeddable":true,"href":"https:\/\/projekt1.movemusweb.at\/index.php\/wp-json\/wp\/v2\/users\/1"}],"replies":[{"embeddable":true,"href":"https:\/\/projekt1.movemusweb.at\/index.php\/wp-json\/wp\/v2\/comments?post=372"}],"version-history":[{"count":41,"href":"https:\/\/projekt1.movemusweb.at\/index.php\/wp-json\/wp\/v2\/pages\/372\/revisions"}],"predecessor-version":[{"id":1942,"href":"https:\/\/projekt1.movemusweb.at\/index.php\/wp-json\/wp\/v2\/pages\/372\/revisions\/1942"}],"wp:attachment":[{"href":"https:\/\/projekt1.movemusweb.at\/index.php\/wp-json\/wp\/v2\/media?parent=372"}],"curies":[{"name":"wp","href":"https:\/\/api.w.org\/{rel}","templated":true}]}}