{"id":412,"date":"2026-03-20T12:56:56","date_gmt":"2026-03-20T12:56:56","guid":{"rendered":"https:\/\/projekt1.movemusweb.at\/?page_id=412"},"modified":"2026-04-08T17:01:00","modified_gmt":"2026-04-08T17:01:00","slug":"gfso-wirtschaftliche-verantwortung","status":"publish","type":"page","link":"https:\/\/projekt1.movemusweb.at\/index.php\/gfso-wirtschaftliche-verantwortung\/","title":{"rendered":"GFSO Wirtschaftliche Verantwortung"},"content":{"rendered":"\t\t<div data-elementor-type=\"wp-page\" data-elementor-id=\"412\" class=\"elementor elementor-412\" data-elementor-post-type=\"page\">\n\t\t\t\t<div class=\"elementor-element elementor-element-49a1de0 e-con-full e-flex e-con e-parent\" data-id=\"49a1de0\" data-element_type=\"container\" data-e-type=\"container\" data-settings=\"{&quot;jet_parallax_layout_list&quot;:[]}\">\n\t\t<div class=\"elementor-element elementor-element-6dbded6 e-con-full e-flex e-con e-child\" data-id=\"6dbded6\" data-element_type=\"container\" data-e-type=\"container\" data-settings=\"{&quot;background_background&quot;:&quot;classic&quot;,&quot;jet_parallax_layout_list&quot;:[]}\">\n\t\t<div class=\"elementor-element elementor-element-39cb3e6 e-con-full e-flex e-con e-child\" data-id=\"39cb3e6\" data-element_type=\"container\" data-e-type=\"container\" data-settings=\"{&quot;jet_parallax_layout_list&quot;:[]}\">\n\t\t\t\t<div class=\"elementor-element elementor-element-1492124 elementor-widget elementor-widget-heading\" data-id=\"1492124\" data-element_type=\"widget\" data-e-type=\"widget\" data-widget_type=\"heading.default\">\n\t\t\t\t\t<h1 class=\"elementor-heading-title elementor-size-default\"><b>Wirtschaft\u00adliche<br> Verant\u00adwortung<\/b><\/h1>\t\t\t\t<\/div>\n\t\t\t\t<\/div>\n\t\t\t\t<\/div>\n\t\t\t\t<\/div>\n\t\t<div class=\"elementor-element elementor-element-fed0d62 e-con-full e-flex e-con e-parent\" data-id=\"fed0d62\" data-element_type=\"container\" data-e-type=\"container\" data-settings=\"{&quot;jet_parallax_layout_list&quot;:[]}\">\n\t\t<div class=\"elementor-element elementor-element-dfec1d0 e-con-full e-grid e-con e-child\" data-id=\"dfec1d0\" data-element_type=\"container\" data-e-type=\"container\" data-settings=\"{&quot;jet_parallax_layout_list&quot;:[]}\">\n\t\t<div class=\"elementor-element elementor-element-22609b7 e-con-full e-flex e-con e-child\" data-id=\"22609b7\" data-element_type=\"container\" data-e-type=\"container\" data-settings=\"{&quot;background_background&quot;:&quot;classic&quot;,&quot;jet_parallax_layout_list&quot;:[]}\">\n\t\t\t\t<div class=\"elementor-element elementor-element-3126da3 elementor-widget elementor-widget-heading\" data-id=\"3126da3\" data-element_type=\"widget\" data-e-type=\"widget\" data-widget_type=\"heading.default\">\n\t\t\t\t\t<h2 class=\"elementor-heading-title elementor-size-default\">Neben den viel\u00adf\u00e4ltigen T\u00e4tig\u00adkeiten unseres Wasser\u00adverbandes, legen wir gro\u00dfen Wert auf den wirt\u00adschaftlich verant\u00adwortungs\u00adbewussten Umgang mit unseren finan\u00adziellen Ressourcen und die effiziente Verwendung der Mittel, die uns aus der Abrechnung des genutzten Wassers \u201ezuflie\u00dfen\u201c.<\/h2>\t\t\t\t<\/div>\n\t\t\t\t<\/div>\n\t\t<div class=\"elementor-element elementor-element-22ba188 e-con-full e-flex e-con e-child\" data-id=\"22ba188\" data-element_type=\"container\" data-e-type=\"container\" data-settings=\"{&quot;background_background&quot;:&quot;classic&quot;,&quot;jet_parallax_layout_list&quot;:[]}\">\n\t\t\t\t<\/div>\n\t\t\t\t<\/div>\n\t\t\t\t<\/div>\n\t\t<div class=\"elementor-element elementor-element-b5a59f0 e-con-full e-flex e-con e-parent\" data-id=\"b5a59f0\" data-element_type=\"container\" data-e-type=\"container\" data-settings=\"{&quot;jet_parallax_layout_list&quot;:[]}\">\n\t\t<div class=\"elementor-element elementor-element-d71da15 e-con-full e-grid e-con e-child\" data-id=\"d71da15\" data-element_type=\"container\" data-e-type=\"container\" data-settings=\"{&quot;jet_parallax_layout_list&quot;:[]}\">\n\t\t<div class=\"elementor-element elementor-element-d874346 e-con-full e-flex e-con e-child\" data-id=\"d874346\" data-element_type=\"container\" data-e-type=\"container\" data-settings=\"{&quot;background_background&quot;:&quot;classic&quot;,&quot;jet_parallax_layout_list&quot;:[]}\">\n\t\t\t\t<div class=\"elementor-element elementor-element-2494cbd elementor-widget elementor-widget-text-editor\" data-id=\"2494cbd\" data-element_type=\"widget\" data-e-type=\"widget\" data-widget_type=\"text-editor.default\">\n\t\t\t\t\t\t\t\t\t<p>Aus diesem verantwortungsvollen Umgang ergibt sich letztlich ein langfristig stabiler Wasserpreis. Die nachhaltige und effiziente Kostenplanung ist uns auch als K\u00f6rperschaft \u00f6ffentlichen Rechts wichtig, weshalb wir in diesem Zusammenhang nach privatwirtschaftlichen Gesichtspunkten fungieren. Langfristige Investitionen in die Werterhaltung und den Ausbau unserer Anlagen sowie der Infrastruktur sind nur mittels verf\u00fcgbarer Kreditmittel und unseren j\u00e4hrlichen Einnahmen m\u00f6glich.<\/p><p>Der Wasserverband weist insgesamt 27 betriebsinterne Kostenstellen auf, welche digital und in Echtzeit \u2013 am Handy \u2013 gebucht werden. Wird ein Z\u00e4hlertausch vorgenommen, dokumentiert das Handy der Mitarbeiterin \/ des Mitarbeiters direkt den Zeitaufwand. Dadurch wird zum einen die interne Kontrolle gew\u00e4hrleistet und zum anderen effizienteres Arbeiten m\u00f6glich.<\/p>\t\t\t\t\t\t\t\t<\/div>\n\t\t\t\t<\/div>\n\t\t\t\t<\/div>\n\t\t\t\t<\/div>\n\t\t<div class=\"elementor-element elementor-element-607bcae e-con-full e-flex e-con e-parent\" data-id=\"607bcae\" data-element_type=\"container\" data-e-type=\"container\" data-settings=\"{&quot;jet_parallax_layout_list&quot;:[]}\">\n\t\t<div class=\"elementor-element elementor-element-6b47993 e-con-full e-grid e-con e-child\" data-id=\"6b47993\" data-element_type=\"container\" data-e-type=\"container\" data-settings=\"{&quot;jet_parallax_layout_list&quot;:[]}\">\n\t\t<div class=\"elementor-element elementor-element-a84e8bb e-con-full e-flex e-con e-child\" data-id=\"a84e8bb\" data-element_type=\"container\" data-e-type=\"container\" data-settings=\"{&quot;background_background&quot;:&quot;classic&quot;,&quot;jet_parallax_layout_list&quot;:[]}\">\n\t\t\t\t<\/div>\n\t\t<div class=\"elementor-element elementor-element-962eb22 e-con-full e-flex e-con e-child\" data-id=\"962eb22\" data-element_type=\"container\" data-e-type=\"container\" data-settings=\"{&quot;background_background&quot;:&quot;classic&quot;,&quot;jet_parallax_layout_list&quot;:[]}\">\n\t\t\t\t<div class=\"elementor-element elementor-element-27b6fff elementor-widget elementor-widget-heading\" data-id=\"27b6fff\" data-element_type=\"widget\" data-e-type=\"widget\" data-widget_type=\"heading.default\">\n\t\t\t\t\t<h3 class=\"elementor-heading-title elementor-size-default\">Kostenstellen in Stunden<\/h3>\t\t\t\t<\/div>\n\t\t\t\t<div class=\"elementor-element elementor-element-3b7acbd elementor-widget elementor-widget-text-editor\" data-id=\"3b7acbd\" data-element_type=\"widget\" data-e-type=\"widget\" data-widget_type=\"text-editor.default\">\n\t\t\t\t\t\t\t\t\t<p>Aus dem Diagramm l\u00e4sst sich ablesen, dass der Gro\u00dfteil der verbuchten Zeit in den Ausbau des Leitungsnetzes und in die Instandhaltung dessen flie\u00dft. Die jeweiligen gebuchten Kostenstellen k\u00f6nnen bis hin zur Mitarbeiterin \/ zum Mitarbeiter nachverfolgt werden. Dadurch kann Zeit besser eingeteilt und unsere Arbeit zielgerichtet durchgef\u00fchrt werden.<\/p>\t\t\t\t\t\t\t\t<\/div>\n\t\t\t\t<div class=\"elementor-element elementor-element-89b3ff1 elementor-widget elementor-widget-jet-pie-chart\" data-id=\"89b3ff1\" data-element_type=\"widget\" data-e-type=\"widget\" data-widget_type=\"jet-pie-chart.default\">\n\t\t\t\t<div class=\"elementor-widget-container\">\n\t\t\t\t\t<div class=\"elementor-jet-pie-chart jet-elements\"><div class=\"jet-pie-chart-title-container\"><h5 class=\"jet-pie-chart-title\"><\/h5><\/div>\n\t\t<div class=\"jet-pie-chart-container\" data-chart=\"{&quot;datasets&quot;:[{&quot;data&quot;:[98,1888,2611,789],&quot;backgroundColor&quot;:[&quot;#000000&quot;,&quot;#FFFFFF&quot;,&quot;#27548D&quot;,&quot;#C8C8C8&quot;],&quot;borderWidth&quot;:0,&quot;borderColor&quot;:&quot;#ffffff&quot;,&quot;hoverBorderColor&quot;:&quot;#ffffff&quot;}],&quot;labels&quot;:[&quot;Sonstiges 98 h&quot;,&quot;Ausbau 1.888 h&quot;,&quot;Instandhaltung 2.611 h&quot;,&quot;Reparatur 789 h&quot;]}\" data-options=\"{&quot;animation&quot;:{&quot;duration&quot;:1000,&quot;easing&quot;:&quot;easeInOutQuart&quot;,&quot;animateScale&quot;:false},&quot;legend&quot;:{&quot;display&quot;:true,&quot;position&quot;:&quot;bottom&quot;,&quot;reverse&quot;:false,&quot;align&quot;:&quot;center&quot;,&quot;labels&quot;:{&quot;boxWidth&quot;:20,&quot;fontFamily&quot;:&quot;Lato&quot;,&quot;fontSize&quot;:18,&quot;fontStyle&quot;:&quot;normal bold&quot;,&quot;fontColor&quot;:&quot;#27548D&quot;}},&quot;tooltips&quot;:{&quot;enabled&quot;:false}}\" data-tooltip=\"\">\n\t\t\t<canvas class=\"jet-pie-chart\" role=\"img\"><\/canvas>\n\t\t<\/div>\n\n\t\t<\/div>\t\t\t\t<\/div>\n\t\t\t\t<\/div>\n\t\t\t\t<\/div>\n\t\t\t\t<\/div>\n\t\t\t\t<\/div>\n\t\t<div class=\"elementor-element elementor-element-ae967bb e-con-full elementor-hidden-desktop elementor-hidden-tablet elementor-hidden-mobile e-flex e-con e-parent\" data-id=\"ae967bb\" data-element_type=\"container\" data-e-type=\"container\" data-settings=\"{&quot;jet_parallax_layout_list&quot;:[]}\">\n\t\t<div class=\"elementor-element elementor-element-978255d e-con-full e-grid e-con e-child\" data-id=\"978255d\" data-element_type=\"container\" data-e-type=\"container\" data-settings=\"{&quot;jet_parallax_layout_list&quot;:[]}\">\n\t\t<div class=\"elementor-element elementor-element-7dc46b2 e-con-full e-flex e-con e-child\" data-id=\"7dc46b2\" data-element_type=\"container\" data-e-type=\"container\" data-settings=\"{&quot;background_background&quot;:&quot;classic&quot;,&quot;jet_parallax_layout_list&quot;:[]}\">\n\t\t\t\t<div class=\"elementor-element elementor-element-095d463 elementor-widget elementor-widget-heading\" data-id=\"095d463\" data-element_type=\"widget\" data-e-type=\"widget\" data-widget_type=\"heading.default\">\n\t\t\t\t\t<h4 class=\"elementor-heading-title elementor-size-default\">Wasserverband Grazerfeld S\u00fcdost<\/h4>\t\t\t\t<\/div>\n\t\t\t\t<\/div>\n\t\t<div class=\"elementor-element elementor-element-88bbede e-con-full e-flex e-con e-child\" data-id=\"88bbede\" data-element_type=\"container\" data-e-type=\"container\" data-settings=\"{&quot;background_background&quot;:&quot;classic&quot;,&quot;jet_parallax_layout_list&quot;:[]}\">\n\t\t\t\t<div class=\"elementor-element elementor-element-76497f6 elementor-widget elementor-widget-heading\" data-id=\"76497f6\" data-element_type=\"widget\" data-e-type=\"widget\" data-widget_type=\"heading.default\">\n\t\t\t\t\t<h4 class=\"elementor-heading-title elementor-size-default\">Wasserverband Umland Graz\n\n<\/h4>\t\t\t\t<\/div>\n\t\t\t\t<div class=\"elementor-element elementor-element-38f656e elementor-widget elementor-widget-jet-pie-chart\" data-id=\"38f656e\" data-element_type=\"widget\" data-e-type=\"widget\" data-widget_type=\"jet-pie-chart.default\">\n\t\t\t\t<div class=\"elementor-widget-container\">\n\t\t\t\t\t<div class=\"elementor-jet-pie-chart jet-elements\"><div class=\"jet-pie-chart-title-container\"><h5 class=\"jet-pie-chart-title\"><\/h5><\/div>\n\t\t<div class=\"jet-pie-chart-container\" data-chart=\"{&quot;datasets&quot;:[{&quot;data&quot;:[90,144,593,1675,159],&quot;backgroundColor&quot;:[&quot;#000000&quot;,&quot;#777776&quot;,&quot;#FFFFFF&quot;,&quot;#27548D&quot;,&quot;#C8C8C8&quot;],&quot;borderWidth&quot;:0,&quot;borderColor&quot;:&quot;#ffffff&quot;,&quot;hoverBorderColor&quot;:&quot;#ffffff&quot;}],&quot;labels&quot;:[&quot;Sonstiges 90 h&quot;,&quot;Dienstleistung Gemeinde 144 h &quot;,&quot;Ausbau 593 h&quot;,&quot;Instandhaltung 1.675 h&quot;,&quot;Reparatur 159 h&quot;]}\" data-options=\"{&quot;animation&quot;:{&quot;duration&quot;:1000,&quot;easing&quot;:&quot;easeOutQuart&quot;,&quot;animateScale&quot;:false},&quot;legend&quot;:{&quot;display&quot;:true,&quot;position&quot;:&quot;bottom&quot;,&quot;reverse&quot;:false,&quot;align&quot;:&quot;center&quot;,&quot;labels&quot;:{&quot;boxWidth&quot;:20,&quot;fontFamily&quot;:&quot;Lato&quot;,&quot;fontSize&quot;:18,&quot;fontStyle&quot;:&quot;normal bold&quot;,&quot;fontColor&quot;:&quot;#27548D&quot;}},&quot;tooltips&quot;:{&quot;enabled&quot;:false}}\" data-tooltip=\"\">\n\t\t\t<canvas class=\"jet-pie-chart\" role=\"img\"><\/canvas>\n\t\t<\/div>\n\n\t\t<\/div>\t\t\t\t<\/div>\n\t\t\t\t<\/div>\n\t\t\t\t<\/div>\n\t\t\t\t<\/div>\n\t\t\t\t<\/div>\n\t\t\t\t<\/div>\n\t\t","protected":false},"excerpt":{"rendered":"<p>Wirtschaft\u00adliche Verant\u00adwortung Neben den viel\u00adf\u00e4ltigen T\u00e4tig\u00adkeiten unseres Wasser\u00adverbandes, legen wir gro\u00dfen Wert auf den wirt\u00adschaftlich verant\u00adwortungs\u00adbewussten Umgang mit unseren finan\u00adziellen Ressourcen und die effiziente Verwendung der Mittel, die uns aus der Abrechnung des genutzten Wassers \u201ezuflie\u00dfen\u201c. Aus diesem verantwortungsvollen Umgang ergibt sich letztlich ein langfristig stabiler Wasserpreis. Die nachhaltige und effiziente Kostenplanung ist uns auch [&hellip;]<\/p>\n","protected":false},"author":1,"featured_media":0,"parent":0,"menu_order":0,"comment_status":"closed","ping_status":"closed","template":"","meta":{"footnotes":""},"class_list":["post-412","page","type-page","status-publish","hentry"],"yoast_head":"<!-- This site is optimized with the Yoast SEO plugin v27.1.1 - https:\/\/yoast.com\/product\/yoast-seo-wordpress\/ -->\n<title>GFSO Wirtschaftliche Verantwortung - Wasserverband<\/title>\n<meta name=\"robots\" content=\"noindex, follow, max-snippet:-1, max-image-preview:large, max-video-preview:-1\" \/>\n<meta property=\"og:locale\" content=\"de_DE\" \/>\n<meta property=\"og:type\" content=\"article\" \/>\n<meta property=\"og:title\" content=\"GFSO Wirtschaftliche Verantwortung - Wasserverband\" \/>\n<meta property=\"og:description\" content=\"Wirtschaft\u00adliche Verant\u00adwortung Neben den viel\u00adf\u00e4ltigen T\u00e4tig\u00adkeiten unseres Wasser\u00adverbandes, legen wir gro\u00dfen Wert auf den wirt\u00adschaftlich verant\u00adwortungs\u00adbewussten Umgang mit unseren finan\u00adziellen Ressourcen und die effiziente Verwendung der Mittel, die uns aus der Abrechnung des genutzten Wassers \u201ezuflie\u00dfen\u201c. Aus diesem verantwortungsvollen Umgang ergibt sich letztlich ein langfristig stabiler Wasserpreis. Die nachhaltige und effiziente Kostenplanung ist uns auch [&hellip;]\" \/>\n<meta property=\"og:url\" content=\"https:\/\/projekt1.movemusweb.at\/index.php\/gfso-wirtschaftliche-verantwortung\/\" \/>\n<meta property=\"og:site_name\" content=\"Wasserverband\" \/>\n<meta property=\"article:modified_time\" content=\"2026-04-08T17:01:00+00:00\" \/>\n<meta name=\"twitter:card\" content=\"summary_large_image\" \/>\n<script type=\"application\/ld+json\" class=\"yoast-schema-graph\">{\"@context\":\"https:\/\/schema.org\",\"@graph\":[{\"@type\":\"WebPage\",\"@id\":\"https:\/\/projekt1.movemusweb.at\/index.php\/gfso-wirtschaftliche-verantwortung\/\",\"url\":\"https:\/\/projekt1.movemusweb.at\/index.php\/gfso-wirtschaftliche-verantwortung\/\",\"name\":\"GFSO Wirtschaftliche Verantwortung - Wasserverband\",\"isPartOf\":{\"@id\":\"https:\/\/projekt1.movemusweb.at\/#website\"},\"datePublished\":\"2026-03-20T12:56:56+00:00\",\"dateModified\":\"2026-04-08T17:01:00+00:00\",\"breadcrumb\":{\"@id\":\"https:\/\/projekt1.movemusweb.at\/index.php\/gfso-wirtschaftliche-verantwortung\/#breadcrumb\"},\"inLanguage\":\"de\",\"potentialAction\":[{\"@type\":\"ReadAction\",\"target\":[\"https:\/\/projekt1.movemusweb.at\/index.php\/gfso-wirtschaftliche-verantwortung\/\"]}]},{\"@type\":\"BreadcrumbList\",\"@id\":\"https:\/\/projekt1.movemusweb.at\/index.php\/gfso-wirtschaftliche-verantwortung\/#breadcrumb\",\"itemListElement\":[{\"@type\":\"ListItem\",\"position\":1,\"name\":\"Startseite\",\"item\":\"https:\/\/projekt1.movemusweb.at\/\"},{\"@type\":\"ListItem\",\"position\":2,\"name\":\"GFSO Wirtschaftliche Verantwortung\"}]},{\"@type\":\"WebSite\",\"@id\":\"https:\/\/projekt1.movemusweb.at\/#website\",\"url\":\"https:\/\/projekt1.movemusweb.at\/\",\"name\":\"Wasserverband\",\"description\":\"Grazerfeld S\u00fcdost und Umland Graz\",\"potentialAction\":[{\"@type\":\"SearchAction\",\"target\":{\"@type\":\"EntryPoint\",\"urlTemplate\":\"https:\/\/projekt1.movemusweb.at\/?s={search_term_string}\"},\"query-input\":{\"@type\":\"PropertyValueSpecification\",\"valueRequired\":true,\"valueName\":\"search_term_string\"}}],\"inLanguage\":\"de\"}]}<\/script>\n<!-- \/ Yoast SEO plugin. -->","yoast_head_json":{"title":"GFSO Wirtschaftliche Verantwortung - Wasserverband","robots":{"index":"noindex","follow":"follow","max-snippet":"max-snippet:-1","max-image-preview":"max-image-preview:large","max-video-preview":"max-video-preview:-1"},"og_locale":"de_DE","og_type":"article","og_title":"GFSO Wirtschaftliche Verantwortung - Wasserverband","og_description":"Wirtschaft\u00adliche Verant\u00adwortung Neben den viel\u00adf\u00e4ltigen T\u00e4tig\u00adkeiten unseres Wasser\u00adverbandes, legen wir gro\u00dfen Wert auf den wirt\u00adschaftlich verant\u00adwortungs\u00adbewussten Umgang mit unseren finan\u00adziellen Ressourcen und die effiziente Verwendung der Mittel, die uns aus der Abrechnung des genutzten Wassers \u201ezuflie\u00dfen\u201c. Aus diesem verantwortungsvollen Umgang ergibt sich letztlich ein langfristig stabiler Wasserpreis. Die nachhaltige und effiziente Kostenplanung ist uns auch [&hellip;]","og_url":"https:\/\/projekt1.movemusweb.at\/index.php\/gfso-wirtschaftliche-verantwortung\/","og_site_name":"Wasserverband","article_modified_time":"2026-04-08T17:01:00+00:00","twitter_card":"summary_large_image","schema":{"@context":"https:\/\/schema.org","@graph":[{"@type":"WebPage","@id":"https:\/\/projekt1.movemusweb.at\/index.php\/gfso-wirtschaftliche-verantwortung\/","url":"https:\/\/projekt1.movemusweb.at\/index.php\/gfso-wirtschaftliche-verantwortung\/","name":"GFSO Wirtschaftliche Verantwortung - Wasserverband","isPartOf":{"@id":"https:\/\/projekt1.movemusweb.at\/#website"},"datePublished":"2026-03-20T12:56:56+00:00","dateModified":"2026-04-08T17:01:00+00:00","breadcrumb":{"@id":"https:\/\/projekt1.movemusweb.at\/index.php\/gfso-wirtschaftliche-verantwortung\/#breadcrumb"},"inLanguage":"de","potentialAction":[{"@type":"ReadAction","target":["https:\/\/projekt1.movemusweb.at\/index.php\/gfso-wirtschaftliche-verantwortung\/"]}]},{"@type":"BreadcrumbList","@id":"https:\/\/projekt1.movemusweb.at\/index.php\/gfso-wirtschaftliche-verantwortung\/#breadcrumb","itemListElement":[{"@type":"ListItem","position":1,"name":"Startseite","item":"https:\/\/projekt1.movemusweb.at\/"},{"@type":"ListItem","position":2,"name":"GFSO Wirtschaftliche Verantwortung"}]},{"@type":"WebSite","@id":"https:\/\/projekt1.movemusweb.at\/#website","url":"https:\/\/projekt1.movemusweb.at\/","name":"Wasserverband","description":"Grazerfeld S\u00fcdost und Umland Graz","potentialAction":[{"@type":"SearchAction","target":{"@type":"EntryPoint","urlTemplate":"https:\/\/projekt1.movemusweb.at\/?s={search_term_string}"},"query-input":{"@type":"PropertyValueSpecification","valueRequired":true,"valueName":"search_term_string"}}],"inLanguage":"de"}]}},"_links":{"self":[{"href":"https:\/\/projekt1.movemusweb.at\/index.php\/wp-json\/wp\/v2\/pages\/412","targetHints":{"allow":["GET"]}}],"collection":[{"href":"https:\/\/projekt1.movemusweb.at\/index.php\/wp-json\/wp\/v2\/pages"}],"about":[{"href":"https:\/\/projekt1.movemusweb.at\/index.php\/wp-json\/wp\/v2\/types\/page"}],"author":[{"embeddable":true,"href":"https:\/\/projekt1.movemusweb.at\/index.php\/wp-json\/wp\/v2\/users\/1"}],"replies":[{"embeddable":true,"href":"https:\/\/projekt1.movemusweb.at\/index.php\/wp-json\/wp\/v2\/comments?post=412"}],"version-history":[{"count":23,"href":"https:\/\/projekt1.movemusweb.at\/index.php\/wp-json\/wp\/v2\/pages\/412\/revisions"}],"predecessor-version":[{"id":1867,"href":"https:\/\/projekt1.movemusweb.at\/index.php\/wp-json\/wp\/v2\/pages\/412\/revisions\/1867"}],"wp:attachment":[{"href":"https:\/\/projekt1.movemusweb.at\/index.php\/wp-json\/wp\/v2\/media?parent=412"}],"curies":[{"name":"wp","href":"https:\/\/api.w.org\/{rel}","templated":true}]}}