{"id":453,"date":"2026-03-20T13:14:46","date_gmt":"2026-03-20T13:14:46","guid":{"rendered":"https:\/\/projekt1.movemusweb.at\/?page_id=453"},"modified":"2026-04-08T20:33:14","modified_gmt":"2026-04-08T20:33:14","slug":"innovation-und-digitalisierung","status":"publish","type":"page","link":"https:\/\/projekt1.movemusweb.at\/index.php\/innovation-und-digitalisierung\/","title":{"rendered":"Innovation &#038; Digitalisierung"},"content":{"rendered":"\t\t<div data-elementor-type=\"wp-page\" data-elementor-id=\"453\" class=\"elementor elementor-453\" data-elementor-post-type=\"page\">\n\t\t\t\t<div class=\"elementor-element elementor-element-49a1de0 e-con-full e-flex e-con e-parent\" data-id=\"49a1de0\" data-element_type=\"container\" data-e-type=\"container\" data-settings=\"{&quot;jet_parallax_layout_list&quot;:[]}\">\n\t\t<div class=\"elementor-element elementor-element-6dbded6 e-con-full e-flex e-con e-child\" data-id=\"6dbded6\" data-element_type=\"container\" data-e-type=\"container\" data-settings=\"{&quot;background_background&quot;:&quot;classic&quot;,&quot;jet_parallax_layout_list&quot;:[]}\">\n\t\t<div class=\"elementor-element elementor-element-39cb3e6 e-con-full e-flex e-con e-child\" data-id=\"39cb3e6\" data-element_type=\"container\" data-e-type=\"container\" data-settings=\"{&quot;jet_parallax_layout_list&quot;:[]}\">\n\t\t\t\t<div class=\"elementor-element elementor-element-1492124 elementor-widget elementor-widget-heading\" data-id=\"1492124\" data-element_type=\"widget\" data-e-type=\"widget\" data-widget_type=\"heading.default\">\n\t\t\t\t\t<h1 class=\"elementor-heading-title elementor-size-default\"><b> Digitali&shy;sierung <\/b><\/h1>\t\t\t\t<\/div>\n\t\t\t\t<\/div>\n\t\t\t\t<\/div>\n\t\t\t\t<\/div>\n\t\t<div class=\"elementor-element elementor-element-fed0d62 e-con-full e-flex e-con e-parent\" data-id=\"fed0d62\" data-element_type=\"container\" data-e-type=\"container\" data-settings=\"{&quot;jet_parallax_layout_list&quot;:[]}\">\n\t\t<div class=\"elementor-element elementor-element-dfec1d0 e-con-full e-grid e-con e-child\" data-id=\"dfec1d0\" data-element_type=\"container\" data-e-type=\"container\" data-settings=\"{&quot;jet_parallax_layout_list&quot;:[]}\">\n\t\t<div class=\"elementor-element elementor-element-22609b7 e-con-full e-flex e-con e-child\" data-id=\"22609b7\" data-element_type=\"container\" data-e-type=\"container\" data-settings=\"{&quot;background_background&quot;:&quot;classic&quot;,&quot;jet_parallax_layout_list&quot;:[]}\">\n\t\t\t\t<div class=\"elementor-element elementor-element-3126da3 elementor-widget elementor-widget-heading\" data-id=\"3126da3\" data-element_type=\"widget\" data-e-type=\"widget\" data-widget_type=\"heading.default\">\n\t\t\t\t\t<h2 class=\"elementor-heading-title elementor-size-default\">Digitalisierung in der Wasser&shy;versorgung \u2013 nachhaltig und zukunfts&shy;orientiert. Wir haben den Anspruch, nachhaltig und ressourcen&shy;schonend zu arbeiten. Deshalb setzen wir auf moderne Technologien und integrieren in Haushalten zunehmend digitale Wasserz\u00e4hler. Diese erm\u00f6glichen eine pr\u00e4zisere Erfassung des Verbrauchs und der Wartung, was unseren Kundinnen und Kunden dabei hilft, ihren Wasser&shy;verbrauch zu reduzieren und einen bewussteren Umgang mit der Ressource Wasser zu entwickeln.<\/h2>\t\t\t\t<\/div>\n\t\t\t\t<\/div>\n\t\t<div class=\"elementor-element elementor-element-22ba188 e-con-full e-flex e-con e-child\" data-id=\"22ba188\" data-element_type=\"container\" data-e-type=\"container\" data-settings=\"{&quot;background_background&quot;:&quot;classic&quot;,&quot;jet_parallax_layout_list&quot;:[]}\">\n\t\t\t\t<\/div>\n\t\t\t\t<\/div>\n\t\t\t\t<\/div>\n\t\t<div class=\"elementor-element elementor-element-ae967bb e-con-full e-flex e-con e-parent\" data-id=\"ae967bb\" data-element_type=\"container\" data-e-type=\"container\" data-settings=\"{&quot;jet_parallax_layout_list&quot;:[]}\">\n\t\t<div class=\"elementor-element elementor-element-7dc46b2 e-con-full e-flex e-con e-child\" data-id=\"7dc46b2\" data-element_type=\"container\" data-e-type=\"container\" data-settings=\"{&quot;background_background&quot;:&quot;classic&quot;,&quot;jet_parallax_layout_list&quot;:[]}\">\n\t\t\t\t<div class=\"elementor-element elementor-element-095d463 elementor-widget elementor-widget-heading\" data-id=\"095d463\" data-element_type=\"widget\" data-e-type=\"widget\" data-widget_type=\"heading.default\">\n\t\t\t\t\t<h3 class=\"elementor-heading-title elementor-size-default\">Mit digitalen Wasserz\u00e4hlern bereit f\u00fcr die Zukunft<\/h3>\t\t\t\t<\/div>\n\t\t\t\t<div class=\"elementor-element elementor-element-ee21c52 elementor-widget elementor-widget-text-editor\" data-id=\"ee21c52\" data-element_type=\"widget\" data-e-type=\"widget\" data-widget_type=\"text-editor.default\">\n\t\t\t\t\t\t\t\t\t<p>Die Feststellung des Wasserverbrauchs war fr\u00fcher ein zeitaufwendiges Verfahren. Unsere Mitarbeiterinnen und Mitarbeiter mussten Daten manuell vor Ort erheben \u2013 ein Prozess, der bis zu einem Monat dauerte. Dank digitaler Wasserz\u00e4hler k\u00f6nnen wir diese Arbeit heute innerhalb weniger Tage erledigen.<\/p><p>Die Vorteile der digitalen Wasserz\u00e4hler sind vielf\u00e4ltig: Neben einer erheblichen Zeitersparnis und reduziertem Verwaltungsaufwand profitieren unsere Kundinnen und Kunden von einer quartalsweisen Abrechnung ihres tats\u00e4chlichen Verbrauchs. Die Ger\u00e4te erkennen Leckagen, melden Rohrbr\u00fcche oder R\u00fcckfl\u00fcsse und erfassen zus\u00e4tzliche Daten wie Kaltwasser- und Umgebungstemperaturen. Durch diese Funktionen k\u00f6nnen Fehlfunktionen fr\u00fchzeitig erkannt und unn\u00f6tiger Wasserverbrauch sowie Sch\u00e4den vermieden werden.<\/p><p>Auch der Datenschutz ist uns wichtig. Wir setzen ausschlie\u00dflich auf zertifizierte Programme, die den Schutz der erfassten Daten garantieren. Zuk\u00fcnftig k\u00f6nnten Wasserverbrauchsdaten sogar direkt per Smartphone verf\u00fcgbar gemacht werden.<\/p>\t\t\t\t\t\t\t\t<\/div>\n\t\t\t\t<\/div>\n\t\t\t\t<\/div>\n\t\t<div class=\"elementor-element elementor-element-33e4421 e-con-full e-flex e-con e-parent\" data-id=\"33e4421\" data-element_type=\"container\" data-e-type=\"container\" data-settings=\"{&quot;jet_parallax_layout_list&quot;:[]}\">\n\t\t<div class=\"elementor-element elementor-element-4701309 e-con-full e-grid e-con e-child\" data-id=\"4701309\" data-element_type=\"container\" data-e-type=\"container\" data-settings=\"{&quot;jet_parallax_layout_list&quot;:[]}\">\n\t\t<div class=\"elementor-element elementor-element-1eace00 e-con-full e-flex e-con e-child\" data-id=\"1eace00\" data-element_type=\"container\" data-e-type=\"container\" data-settings=\"{&quot;background_background&quot;:&quot;classic&quot;,&quot;jet_parallax_layout_list&quot;:[]}\">\n\t\t\t\t<\/div>\n\t\t<div class=\"elementor-element elementor-element-142f08d e-con-full e-flex e-con e-child\" data-id=\"142f08d\" data-element_type=\"container\" data-e-type=\"container\" data-settings=\"{&quot;background_background&quot;:&quot;classic&quot;,&quot;jet_parallax_layout_list&quot;:[]}\">\n\t\t\t\t<div class=\"elementor-element elementor-element-f429376 elementor-widget elementor-widget-heading\" data-id=\"f429376\" data-element_type=\"widget\" data-e-type=\"widget\" data-widget_type=\"heading.default\">\n\t\t\t\t\t<h3 class=\"elementor-heading-title elementor-size-default\">GIS und Wassermeister \u2013 Digitalisierung im Einsatz<\/h3>\t\t\t\t<\/div>\n\t\t\t\t<div class=\"elementor-element elementor-element-d295d1d elementor-widget elementor-widget-text-editor\" data-id=\"d295d1d\" data-element_type=\"widget\" data-e-type=\"widget\" data-widget_type=\"text-editor.default\">\n\t\t\t\t\t\t\t\t\t<p>F\u00fcr eine effiziente Wasserversorgung nutzen wir digitale Programme, die unsere Arbeit erleichtern und gleichzeitig Zeit sparen.<\/p><p><strong>Geoinformationssystem (GIS):<\/strong><br \/>Das GIS-System erm\u00f6glicht die pr\u00e4zise Vermessung von Versorgungsleitungen, Hydranten und Armaturen bereits w\u00e4hrend der Bauphase. Mit einer Genauigkeit von bis zu 2 cm sorgt es f\u00fcr exakte Dokumentationen, die die interne Kommunikation vereinfachen und die Kosteneffizienz erh\u00f6hen. Diese Vorteile wirken sich positiv auf die Trinkwasserpreise aus.<\/p><p><strong>Wassermeister-Software:<\/strong><br \/>Dieses Programm unterst\u00fctzt die Wartung und Pr\u00fcfung von Hydranten, Rohrleitungen, Hochbeh\u00e4ltern und Pumpstationen. Die Software erleichtert die Planung von Wartungsintervallen bei \u00fcber 900 Hydranten und speichert M\u00e4ngel sowie Fehlfunktionen l\u00fcckenlos. Diese Daten sind nicht nur f\u00fcr unseren Betrieb wertvoll, sondern auch im Rahmen beh\u00f6rdlicher Anforderungen wertvoll.<\/p>\t\t\t\t\t\t\t\t<\/div>\n\t\t\t\t<\/div>\n\t\t\t\t<\/div>\n\t\t\t\t<\/div>\n\t\t<div class=\"elementor-element elementor-element-91b6d67 e-con-full e-flex e-con e-parent\" data-id=\"91b6d67\" data-element_type=\"container\" data-e-type=\"container\" data-settings=\"{&quot;jet_parallax_layout_list&quot;:[]}\">\n\t\t<div class=\"elementor-element elementor-element-6edab42 e-con-full e-flex e-con e-child\" data-id=\"6edab42\" data-element_type=\"container\" data-e-type=\"container\" data-settings=\"{&quot;background_background&quot;:&quot;classic&quot;,&quot;jet_parallax_layout_list&quot;:[]}\">\n\t\t\t\t<div class=\"elementor-element elementor-element-4804cc4 elementor-widget elementor-widget-heading\" data-id=\"4804cc4\" data-element_type=\"widget\" data-e-type=\"widget\" data-widget_type=\"heading.default\">\n\t\t\t\t\t<h3 class=\"elementor-heading-title elementor-size-default\">Kunden&shy;management und Buchhaltung<\/h3>\t\t\t\t<\/div>\n\t\t\t\t<div class=\"elementor-element elementor-element-ca6b801 elementor-widget elementor-widget-text-editor\" data-id=\"ca6b801\" data-element_type=\"widget\" data-e-type=\"widget\" data-widget_type=\"text-editor.default\">\n\t\t\t\t\t\t\t\t\tWir arbeiten an einem digitalen Dokumentenmanagementsystem, das eine zentrale Ablage aller Kundendaten erm\u00f6glicht. Ab Ende 2020 k\u00f6nnen so die Daten unserer Kundinnen und Kunden digital erfasst und auf einen Blick abgerufen werden. Auch die Buchhaltung sowie Rechnungsabl\u00e4ufe inklusive Freigabeprozessen werden vollst\u00e4ndig digitalisiert, was Verwaltungsaufw\u00e4nde erheblich reduziert.\t\t\t\t\t\t\t\t<\/div>\n\t\t\t\t<\/div>\n\t\t\t\t<\/div>\n\t\t<div class=\"elementor-element elementor-element-3402937 e-con-full e-flex e-con e-parent\" data-id=\"3402937\" data-element_type=\"container\" data-e-type=\"container\" data-settings=\"{&quot;jet_parallax_layout_list&quot;:[]}\">\n\t\t<div class=\"elementor-element elementor-element-e017bab e-con-full e-grid e-con e-child\" data-id=\"e017bab\" data-element_type=\"container\" data-e-type=\"container\" data-settings=\"{&quot;jet_parallax_layout_list&quot;:[]}\">\n\t\t<div class=\"elementor-element elementor-element-06dc2e0 e-con-full e-flex e-con e-child\" data-id=\"06dc2e0\" data-element_type=\"container\" data-e-type=\"container\" data-settings=\"{&quot;background_background&quot;:&quot;classic&quot;,&quot;jet_parallax_layout_list&quot;:[]}\">\n\t\t\t\t<div class=\"elementor-element elementor-element-da1e24d elementor-widget elementor-widget-heading\" data-id=\"da1e24d\" data-element_type=\"widget\" data-e-type=\"widget\" data-widget_type=\"heading.default\">\n\t\t\t\t\t<h3 class=\"elementor-heading-title elementor-size-default\">Moderni&shy;sierung der Steuerungs&shy;anlage<\/h3>\t\t\t\t<\/div>\n\t\t\t\t<div class=\"elementor-element elementor-element-6872ed2 elementor-widget elementor-widget-text-editor\" data-id=\"6872ed2\" data-element_type=\"widget\" data-e-type=\"widget\" data-widget_type=\"text-editor.default\">\n\t\t\t\t\t\t\t\t\t<p>Unsere Steuerungsanlage \u00fcberwacht und steuert alle Brunnen, Hochbeh\u00e4lter und Pumpen, die f\u00fcr eine zuverl\u00e4ssige Trinkwasserversorgung essenziell sind. Ausfallsichere Server gew\u00e4hrleisten die Sicherheit des Systems und \u00fcberwachen die Energiekennzahlen. Durch die Integration unserer Photovoltaikanlage k\u00f6nnen wir den Energiebedarf der Pumpanlagen direkt aus eigener Produktion decken. Um den hohen Standard auch in Zukunft zu gew\u00e4hrleisten, wurde die Steuerungsanlage umfassend modernisiert.<\/p><p>Mit diesen digitalen Ma\u00dfnahmen leisten wir nicht nur einen Beitrag zur Effizienzsteigerung, sondern setzen auch auf einen nachhaltigen Umgang mit den Ressourcen, um die Trinkwasserversorgung langfristig zu sichern.<\/p>\t\t\t\t\t\t\t\t<\/div>\n\t\t\t\t<\/div>\n\t\t<div class=\"elementor-element elementor-element-090e05f e-con-full e-flex e-con e-child\" data-id=\"090e05f\" data-element_type=\"container\" data-e-type=\"container\" data-settings=\"{&quot;background_background&quot;:&quot;classic&quot;,&quot;jet_parallax_layout_list&quot;:[]}\">\n\t\t\t\t<\/div>\n\t\t\t\t<\/div>\n\t\t\t\t<\/div>\n\t\t\t\t<\/div>\n\t\t","protected":false},"excerpt":{"rendered":"<p>Digitali&shy;sierung Digitalisierung in der Wasser&shy;versorgung \u2013 nachhaltig und zukunfts&shy;orientiert. Wir haben den Anspruch, nachhaltig und ressourcen&shy;schonend zu arbeiten. Deshalb setzen wir auf moderne Technologien und integrieren in Haushalten zunehmend digitale Wasserz\u00e4hler. Diese erm\u00f6glichen eine pr\u00e4zisere Erfassung des Verbrauchs und der Wartung, was unseren Kundinnen und Kunden dabei hilft, ihren Wasser&shy;verbrauch zu reduzieren und einen bewussteren [&hellip;]<\/p>\n","protected":false},"author":1,"featured_media":0,"parent":0,"menu_order":0,"comment_status":"closed","ping_status":"closed","template":"","meta":{"footnotes":""},"class_list":["post-453","page","type-page","status-publish","hentry"],"yoast_head":"<!-- This site is optimized with the Yoast SEO plugin v27.1.1 - https:\/\/yoast.com\/product\/yoast-seo-wordpress\/ -->\n<title>Innovation &amp; Digitalisierung - Wasserverband<\/title>\n<meta name=\"robots\" content=\"noindex, follow, max-snippet:-1, max-image-preview:large, max-video-preview:-1\" \/>\n<meta property=\"og:locale\" content=\"de_DE\" \/>\n<meta property=\"og:type\" content=\"article\" \/>\n<meta property=\"og:title\" content=\"Innovation &amp; Digitalisierung - Wasserverband\" \/>\n<meta property=\"og:description\" content=\"Digitali&shy;sierung Digitalisierung in der Wasser&shy;versorgung \u2013 nachhaltig und zukunfts&shy;orientiert. Wir haben den Anspruch, nachhaltig und ressourcen&shy;schonend zu arbeiten. Deshalb setzen wir auf moderne Technologien und integrieren in Haushalten zunehmend digitale Wasserz\u00e4hler. Diese erm\u00f6glichen eine pr\u00e4zisere Erfassung des Verbrauchs und der Wartung, was unseren Kundinnen und Kunden dabei hilft, ihren Wasser&shy;verbrauch zu reduzieren und einen bewussteren [&hellip;]\" \/>\n<meta property=\"og:url\" content=\"https:\/\/projekt1.movemusweb.at\/index.php\/innovation-und-digitalisierung\/\" \/>\n<meta property=\"og:site_name\" content=\"Wasserverband\" \/>\n<meta property=\"article:modified_time\" content=\"2026-04-08T20:33:14+00:00\" \/>\n<meta name=\"twitter:card\" content=\"summary_large_image\" \/>\n<meta name=\"twitter:label1\" content=\"Gesch\u00e4tzte Lesezeit\" \/>\n\t<meta name=\"twitter:data1\" content=\"3\u00a0Minuten\" \/>\n<script type=\"application\/ld+json\" class=\"yoast-schema-graph\">{\"@context\":\"https:\/\/schema.org\",\"@graph\":[{\"@type\":\"WebPage\",\"@id\":\"https:\/\/projekt1.movemusweb.at\/index.php\/innovation-und-digitalisierung\/\",\"url\":\"https:\/\/projekt1.movemusweb.at\/index.php\/innovation-und-digitalisierung\/\",\"name\":\"Innovation & Digitalisierung - Wasserverband\",\"isPartOf\":{\"@id\":\"https:\/\/projekt1.movemusweb.at\/#website\"},\"datePublished\":\"2026-03-20T13:14:46+00:00\",\"dateModified\":\"2026-04-08T20:33:14+00:00\",\"breadcrumb\":{\"@id\":\"https:\/\/projekt1.movemusweb.at\/index.php\/innovation-und-digitalisierung\/#breadcrumb\"},\"inLanguage\":\"de\",\"potentialAction\":[{\"@type\":\"ReadAction\",\"target\":[\"https:\/\/projekt1.movemusweb.at\/index.php\/innovation-und-digitalisierung\/\"]}]},{\"@type\":\"BreadcrumbList\",\"@id\":\"https:\/\/projekt1.movemusweb.at\/index.php\/innovation-und-digitalisierung\/#breadcrumb\",\"itemListElement\":[{\"@type\":\"ListItem\",\"position\":1,\"name\":\"Startseite\",\"item\":\"https:\/\/projekt1.movemusweb.at\/\"},{\"@type\":\"ListItem\",\"position\":2,\"name\":\"Innovation &#038; Digitalisierung\"}]},{\"@type\":\"WebSite\",\"@id\":\"https:\/\/projekt1.movemusweb.at\/#website\",\"url\":\"https:\/\/projekt1.movemusweb.at\/\",\"name\":\"Wasserverband\",\"description\":\"Grazerfeld S\u00fcdost und Umland Graz\",\"potentialAction\":[{\"@type\":\"SearchAction\",\"target\":{\"@type\":\"EntryPoint\",\"urlTemplate\":\"https:\/\/projekt1.movemusweb.at\/?s={search_term_string}\"},\"query-input\":{\"@type\":\"PropertyValueSpecification\",\"valueRequired\":true,\"valueName\":\"search_term_string\"}}],\"inLanguage\":\"de\"}]}<\/script>\n<!-- \/ Yoast SEO plugin. -->","yoast_head_json":{"title":"Innovation & Digitalisierung - Wasserverband","robots":{"index":"noindex","follow":"follow","max-snippet":"max-snippet:-1","max-image-preview":"max-image-preview:large","max-video-preview":"max-video-preview:-1"},"og_locale":"de_DE","og_type":"article","og_title":"Innovation & Digitalisierung - Wasserverband","og_description":"Digitali&shy;sierung Digitalisierung in der Wasser&shy;versorgung \u2013 nachhaltig und zukunfts&shy;orientiert. Wir haben den Anspruch, nachhaltig und ressourcen&shy;schonend zu arbeiten. Deshalb setzen wir auf moderne Technologien und integrieren in Haushalten zunehmend digitale Wasserz\u00e4hler. Diese erm\u00f6glichen eine pr\u00e4zisere Erfassung des Verbrauchs und der Wartung, was unseren Kundinnen und Kunden dabei hilft, ihren Wasser&shy;verbrauch zu reduzieren und einen bewussteren [&hellip;]","og_url":"https:\/\/projekt1.movemusweb.at\/index.php\/innovation-und-digitalisierung\/","og_site_name":"Wasserverband","article_modified_time":"2026-04-08T20:33:14+00:00","twitter_card":"summary_large_image","twitter_misc":{"Gesch\u00e4tzte Lesezeit":"3\u00a0Minuten"},"schema":{"@context":"https:\/\/schema.org","@graph":[{"@type":"WebPage","@id":"https:\/\/projekt1.movemusweb.at\/index.php\/innovation-und-digitalisierung\/","url":"https:\/\/projekt1.movemusweb.at\/index.php\/innovation-und-digitalisierung\/","name":"Innovation & Digitalisierung - Wasserverband","isPartOf":{"@id":"https:\/\/projekt1.movemusweb.at\/#website"},"datePublished":"2026-03-20T13:14:46+00:00","dateModified":"2026-04-08T20:33:14+00:00","breadcrumb":{"@id":"https:\/\/projekt1.movemusweb.at\/index.php\/innovation-und-digitalisierung\/#breadcrumb"},"inLanguage":"de","potentialAction":[{"@type":"ReadAction","target":["https:\/\/projekt1.movemusweb.at\/index.php\/innovation-und-digitalisierung\/"]}]},{"@type":"BreadcrumbList","@id":"https:\/\/projekt1.movemusweb.at\/index.php\/innovation-und-digitalisierung\/#breadcrumb","itemListElement":[{"@type":"ListItem","position":1,"name":"Startseite","item":"https:\/\/projekt1.movemusweb.at\/"},{"@type":"ListItem","position":2,"name":"Innovation &#038; Digitalisierung"}]},{"@type":"WebSite","@id":"https:\/\/projekt1.movemusweb.at\/#website","url":"https:\/\/projekt1.movemusweb.at\/","name":"Wasserverband","description":"Grazerfeld S\u00fcdost und Umland Graz","potentialAction":[{"@type":"SearchAction","target":{"@type":"EntryPoint","urlTemplate":"https:\/\/projekt1.movemusweb.at\/?s={search_term_string}"},"query-input":{"@type":"PropertyValueSpecification","valueRequired":true,"valueName":"search_term_string"}}],"inLanguage":"de"}]}},"_links":{"self":[{"href":"https:\/\/projekt1.movemusweb.at\/index.php\/wp-json\/wp\/v2\/pages\/453","targetHints":{"allow":["GET"]}}],"collection":[{"href":"https:\/\/projekt1.movemusweb.at\/index.php\/wp-json\/wp\/v2\/pages"}],"about":[{"href":"https:\/\/projekt1.movemusweb.at\/index.php\/wp-json\/wp\/v2\/types\/page"}],"author":[{"embeddable":true,"href":"https:\/\/projekt1.movemusweb.at\/index.php\/wp-json\/wp\/v2\/users\/1"}],"replies":[{"embeddable":true,"href":"https:\/\/projekt1.movemusweb.at\/index.php\/wp-json\/wp\/v2\/comments?post=453"}],"version-history":[{"count":41,"href":"https:\/\/projekt1.movemusweb.at\/index.php\/wp-json\/wp\/v2\/pages\/453\/revisions"}],"predecessor-version":[{"id":1967,"href":"https:\/\/projekt1.movemusweb.at\/index.php\/wp-json\/wp\/v2\/pages\/453\/revisions\/1967"}],"wp:attachment":[{"href":"https:\/\/projekt1.movemusweb.at\/index.php\/wp-json\/wp\/v2\/media?parent=453"}],"curies":[{"name":"wp","href":"https:\/\/api.w.org\/{rel}","templated":true}]}}