{"id":532,"date":"2026-03-20T14:25:09","date_gmt":"2026-03-20T14:25:09","guid":{"rendered":"https:\/\/projekt1.movemusweb.at\/?page_id=532"},"modified":"2026-04-08T19:51:47","modified_gmt":"2026-04-08T19:51:47","slug":"nachhaltigkeit-und-projekte","status":"publish","type":"page","link":"https:\/\/projekt1.movemusweb.at\/index.php\/nachhaltigkeit-und-projekte\/","title":{"rendered":"Nachhaltigkeit &#038; Projekte"},"content":{"rendered":"\t\t<div data-elementor-type=\"wp-page\" data-elementor-id=\"532\" class=\"elementor elementor-532\" data-elementor-post-type=\"page\">\n\t\t\t\t<div class=\"elementor-element elementor-element-49a1de0 e-con-full e-flex e-con e-parent\" data-id=\"49a1de0\" data-element_type=\"container\" data-e-type=\"container\" data-settings=\"{&quot;jet_parallax_layout_list&quot;:[]}\">\n\t\t<div class=\"elementor-element elementor-element-6dbded6 e-con-full e-flex e-con e-child\" data-id=\"6dbded6\" data-element_type=\"container\" data-e-type=\"container\" data-settings=\"{&quot;background_background&quot;:&quot;classic&quot;,&quot;jet_parallax_layout_list&quot;:[]}\">\n\t\t<div class=\"elementor-element elementor-element-39cb3e6 e-con-full e-flex e-con e-child\" data-id=\"39cb3e6\" data-element_type=\"container\" data-e-type=\"container\" data-settings=\"{&quot;jet_parallax_layout_list&quot;:[]}\">\n\t\t\t\t<div class=\"elementor-element elementor-element-1492124 elementor-widget elementor-widget-heading\" data-id=\"1492124\" data-element_type=\"widget\" data-e-type=\"widget\" data-widget_type=\"heading.default\">\n\t\t\t\t\t<h1 class=\"elementor-heading-title elementor-size-default\"><b>Nach\u00adhaltig\u00adkeit<br> und Projekte<\/b><\/h1>\t\t\t\t<\/div>\n\t\t\t\t<\/div>\n\t\t\t\t<\/div>\n\t\t\t\t<\/div>\n\t\t<div class=\"elementor-element elementor-element-9b11bad e-con-full e-flex e-con e-parent\" data-id=\"9b11bad\" data-element_type=\"container\" data-e-type=\"container\" data-settings=\"{&quot;jet_parallax_layout_list&quot;:[]}\">\n\t\t<div class=\"elementor-element elementor-element-36f658c e-con-full e-grid e-con e-child\" data-id=\"36f658c\" data-element_type=\"container\" data-e-type=\"container\" data-settings=\"{&quot;jet_parallax_layout_list&quot;:[]}\">\n\t\t<div class=\"elementor-element elementor-element-d6c99c6 e-con-full e-flex e-con e-child\" data-id=\"d6c99c6\" data-element_type=\"container\" data-e-type=\"container\" data-settings=\"{&quot;background_background&quot;:&quot;classic&quot;,&quot;jet_parallax_layout_list&quot;:[]}\">\n\t\t\t\t<div class=\"elementor-element elementor-element-5572cbf elementor-widget elementor-widget-heading\" data-id=\"5572cbf\" data-element_type=\"widget\" data-e-type=\"widget\" data-widget_type=\"heading.default\">\n\t\t\t\t\t<h3 class=\"elementor-heading-title elementor-size-default\">Water &amp; Climate Change<\/h3>\t\t\t\t<\/div>\n\t\t\t\t<div class=\"elementor-element elementor-element-8e62062 elementor-widget elementor-widget-text-editor\" data-id=\"8e62062\" data-element_type=\"widget\" data-e-type=\"widget\" data-widget_type=\"text-editor.default\">\n\t\t\t\t\t\t\t\t\t<p>Der Weltwassertag steht 2020 unter dem Motto \u201eWater &amp; Climate Change\u201c und soll auf die sich stets wandelnden Anforderungen an die Wasserwirtschaft hinweisen \u2013 besonders bedingt durch den rasanten Klimawandel. Um auch f\u00fcr kommende Herausforderungen bestm\u00f6glich gewappnet zu sein und Extremlagen nachhaltig standhalten zu k\u00f6nnen, ben\u00f6tigt es Investitionen im Bereich des Ausbaus und der Erhaltung der Infrastruktur.<\/p>\t\t\t\t\t\t\t\t<\/div>\n\t\t\t\t<\/div>\n\t\t<div class=\"elementor-element elementor-element-a56183e e-con-full e-flex e-con e-child\" data-id=\"a56183e\" data-element_type=\"container\" data-e-type=\"container\" data-settings=\"{&quot;background_background&quot;:&quot;classic&quot;,&quot;jet_parallax_layout_list&quot;:[]}\">\n\t\t\t\t<\/div>\n\t\t\t\t<\/div>\n\t\t\t\t<\/div>\n\t\t<div class=\"elementor-element elementor-element-d682fbb e-con-full e-flex e-con e-parent\" data-id=\"d682fbb\" data-element_type=\"container\" data-e-type=\"container\" data-settings=\"{&quot;jet_parallax_layout_list&quot;:[]}\">\n\t\t<div class=\"elementor-element elementor-element-e789b9a e-con-full e-grid e-con e-child\" data-id=\"e789b9a\" data-element_type=\"container\" data-e-type=\"container\" data-settings=\"{&quot;jet_parallax_layout_list&quot;:[]}\">\n\t\t<div class=\"elementor-element elementor-element-37dd9bf e-con-full e-flex e-con e-child\" data-id=\"37dd9bf\" data-element_type=\"container\" data-e-type=\"container\" data-settings=\"{&quot;background_background&quot;:&quot;classic&quot;,&quot;jet_parallax_layout_list&quot;:[]}\">\n\t\t\t\t<\/div>\n\t\t<div class=\"elementor-element elementor-element-3d9101f e-con-full e-flex e-con e-child\" data-id=\"3d9101f\" data-element_type=\"container\" data-e-type=\"container\" data-settings=\"{&quot;background_background&quot;:&quot;classic&quot;,&quot;jet_parallax_layout_list&quot;:[]}\">\n\t\t\t\t<div class=\"elementor-element elementor-element-0b31f0b elementor-widget elementor-widget-heading\" data-id=\"0b31f0b\" data-element_type=\"widget\" data-e-type=\"widget\" data-widget_type=\"heading.default\">\n\t\t\t\t\t<h3 class=\"elementor-heading-title elementor-size-default\">Projekt: \u201eSichere Trink\u00adwasser\u00adversor\u00adgung\u201c<\/h3>\t\t\t\t<\/div>\n\t\t\t\t<div class=\"elementor-element elementor-element-55c1311 elementor-widget elementor-widget-text-editor\" data-id=\"55c1311\" data-element_type=\"widget\" data-e-type=\"widget\" data-widget_type=\"text-editor.default\">\n\t\t\t\t\t\t\t\t\tAls Wasserverband ist es unser h\u00f6chstes Ziel, die qualitativ hochwertige, unterbrechungsfreie Wasserversorgung f\u00fcr rund 24.000 Einwohnerinnen und Einwohner in der Region rund um Graz sicherzustellen. Neben dem schonenden Umgang mit der Ressource Wasser, achten wir besonders auf den Einsatz von erneuerbaren Energien.\n\nUnsere Photovoltaikanlagen liefern Energie, die direkt in die Hauptversorgung der Brunnenpumpen eingespeist wird. Besonders stolz sind wir in diesem Zusammenhang auf unsere neuen Firmenwagen, die ebenfalls mit der gewonnenen Energie versorgt werden. Die Elektrofahrzeuge, die unsere Mitarbeiterinnen und Mitarbeiter dabei unterst\u00fctzen, die Wasserversorgung zu sichern, bringen uns t\u00e4glich ein St\u00fcck n\u00e4her an unser Ziel \u2013 die Umwelt und unsere Ressource Wasser nachhaltig zu schonen.\n\nUm neben der sicheren Trinkwasserversorgung auch einen langfristig stabilen Wasserpreis zu gew\u00e4hrleisten, ist eine faire Kalkulation der Wassergeb\u00fchr n\u00f6tig. Das wird m\u00f6glich durch die j\u00e4hrliche Neuberechnung der Wassergeb\u00fchr, die Beobachtung der Trendentwicklung gegen\u00fcber des aktuellen Tarifes, den Einsatz erneuerbarer Energien und einen vorausschauenden Mitteleinsatz.\t\t\t\t\t\t\t\t<\/div>\n\t\t\t\t<\/div>\n\t\t\t\t<\/div>\n\t\t\t\t<\/div>\n\t\t<div class=\"elementor-element elementor-element-03495e2 e-con-full e-flex e-con e-parent\" data-id=\"03495e2\" data-element_type=\"container\" data-e-type=\"container\" data-settings=\"{&quot;jet_parallax_layout_list&quot;:[]}\">\n\t\t<div class=\"elementor-element elementor-element-b62c7e2 e-con-full e-grid e-con e-child\" data-id=\"b62c7e2\" data-element_type=\"container\" data-e-type=\"container\" data-settings=\"{&quot;jet_parallax_layout_list&quot;:[]}\">\n\t\t<div class=\"elementor-element elementor-element-210a10e e-con-full e-flex e-con e-child\" data-id=\"210a10e\" data-element_type=\"container\" data-e-type=\"container\" data-settings=\"{&quot;background_background&quot;:&quot;classic&quot;,&quot;jet_parallax_layout_list&quot;:[]}\">\n\t\t\t\t<div class=\"elementor-element elementor-element-c2fb29a elementor-widget elementor-widget-heading\" data-id=\"c2fb29a\" data-element_type=\"widget\" data-e-type=\"widget\" data-widget_type=\"heading.default\">\n\t\t\t\t\t<h3 class=\"elementor-heading-title elementor-size-default\">Sonnen\u00adenergie f\u00fcr unseren Verband<\/h3>\t\t\t\t<\/div>\n\t\t\t\t<div class=\"elementor-element elementor-element-9da50a1 elementor-widget elementor-widget-text-editor\" data-id=\"9da50a1\" data-element_type=\"widget\" data-e-type=\"widget\" data-widget_type=\"text-editor.default\">\n\t\t\t\t\t\t\t\t\tMit einem Eigenverbrauchsfaktor von 95 % und einer Leistung von 248 kWp \u00fcbernimmt die vom Wasserverband Grazerfeld S\u00fcdost errichtete Photovoltaikanlage die Hauptversorgung der Pumpenverteiler. Die nachhaltige Anlage des Wasserverbandes erzeugt Energie von rund 311.000 kWh und erm\u00f6glicht es folglich, 164 Tonnen CO2 j\u00e4hrlich einzusparen. Ebenfalls mit erneuerbarer Energie versorgt werden Ladem\u00f6glichkeiten f\u00fcr die elektrisch betriebenen Firmenautos, am zentralen Standort in Hausmannst\u00e4tten.\t\t\t\t\t\t\t\t<\/div>\n\t\t\t\t<\/div>\n\t\t<div class=\"elementor-element elementor-element-f43f7da e-con-full e-flex e-con e-child\" data-id=\"f43f7da\" data-element_type=\"container\" data-e-type=\"container\" data-settings=\"{&quot;background_background&quot;:&quot;classic&quot;,&quot;jet_parallax_layout_list&quot;:[]}\">\n\t\t\t\t<\/div>\n\t\t\t\t<\/div>\n\t\t\t\t<\/div>\n\t\t<div class=\"elementor-element elementor-element-9627a69 e-con-full e-flex e-con e-parent\" data-id=\"9627a69\" data-element_type=\"container\" data-e-type=\"container\" data-settings=\"{&quot;jet_parallax_layout_list&quot;:[]}\">\n\t\t<div class=\"elementor-element elementor-element-6cc6e68 e-con-full e-grid e-con e-child\" data-id=\"6cc6e68\" data-element_type=\"container\" data-e-type=\"container\" data-settings=\"{&quot;jet_parallax_layout_list&quot;:[]}\">\n\t\t<div class=\"elementor-element elementor-element-fdaf3ab e-con-full e-flex e-con e-child\" data-id=\"fdaf3ab\" data-element_type=\"container\" data-e-type=\"container\" data-settings=\"{&quot;background_background&quot;:&quot;classic&quot;,&quot;jet_parallax_layout_list&quot;:[]}\">\n\t\t\t\t<\/div>\n\t\t<div class=\"elementor-element elementor-element-89561f5 e-con-full e-flex e-con e-child\" data-id=\"89561f5\" data-element_type=\"container\" data-e-type=\"container\" data-settings=\"{&quot;background_background&quot;:&quot;classic&quot;,&quot;jet_parallax_layout_list&quot;:[]}\">\n\t\t\t\t<div class=\"elementor-element elementor-element-2d02142 elementor-widget elementor-widget-heading\" data-id=\"2d02142\" data-element_type=\"widget\" data-e-type=\"widget\" data-widget_type=\"heading.default\">\n\t\t\t\t\t<h2 class=\"elementor-heading-title elementor-size-default\">Nachhaltigkeit bedeutet f\u00fcr uns, Wasser zu f\u00f6rdern, Energie zu erzeugen und gleichzeitig Lebensr\u00e4ume zu schaffen. An unseren Brunnenstandorten f\u00f6rdern wir gezielt die Artenvielfalt \u2013 von Bienen bis zu Flederm\u00e4usen.<\/h2>\t\t\t\t<\/div>\n\t\t\t\t<\/div>\n\t\t\t\t<\/div>\n\t\t\t\t<\/div>\n\t\t<div class=\"elementor-element elementor-element-ebfcf57 e-con-full e-flex e-con e-parent\" data-id=\"ebfcf57\" data-element_type=\"container\" data-e-type=\"container\" data-settings=\"{&quot;jet_parallax_layout_list&quot;:[]}\">\n\t\t<div class=\"elementor-element elementor-element-dd68628 e-con-full e-grid e-con e-child\" data-id=\"dd68628\" data-element_type=\"container\" data-e-type=\"container\" data-settings=\"{&quot;jet_parallax_layout_list&quot;:[]}\">\n\t\t<div class=\"elementor-element elementor-element-5d20e81 e-con-full e-flex e-con e-child\" data-id=\"5d20e81\" data-element_type=\"container\" data-e-type=\"container\" data-settings=\"{&quot;background_background&quot;:&quot;classic&quot;,&quot;jet_parallax_layout_list&quot;:[]}\">\n\t\t\t\t<div class=\"elementor-element elementor-element-0653ad3 elementor-widget elementor-widget-heading\" data-id=\"0653ad3\" data-element_type=\"widget\" data-e-type=\"widget\" data-widget_type=\"heading.default\">\n\t\t\t\t\t<h3 class=\"elementor-heading-title elementor-size-default\">Sonnenenergie an unseren Brunnenstandorten\n\n<\/h3>\t\t\t\t<\/div>\n\t\t\t\t<div class=\"elementor-element elementor-element-57a2aec elementor-widget elementor-widget-text-editor\" data-id=\"57a2aec\" data-element_type=\"widget\" data-e-type=\"widget\" data-widget_type=\"text-editor.default\">\n\t\t\t\t\t\t\t\t\t<p>Die Fl\u00e4chen rund um unsere Brunnenanlagen sind mit Photovoltaikmodulen ausgestattet. So nutzen wir die Kraft der Sonne, um umweltfreundlich Energie zu erzeugen \u2013 direkt vor Ort. Diese Technik reduziert CO\u2082-Emissionen und leistet einen wichtigen Beitrag zum Klimaschutz.<\/p>\t\t\t\t\t\t\t\t<\/div>\n\t\t\t\t<div class=\"elementor-element elementor-element-e0b6a12 elementor-widget elementor-widget-heading\" data-id=\"e0b6a12\" data-element_type=\"widget\" data-e-type=\"widget\" data-widget_type=\"heading.default\">\n\t\t\t\t\t<h3 class=\"elementor-heading-title elementor-size-default\">Lebensraum f\u00fcr Honigbienen \u2013 s\u00fc\u00dfer Beitrag zur Artenvielfalt<\/h3>\t\t\t\t<\/div>\n\t\t\t\t<div class=\"elementor-element elementor-element-7c6e181 elementor-widget elementor-widget-text-editor\" data-id=\"7c6e181\" data-element_type=\"widget\" data-e-type=\"widget\" data-widget_type=\"text-editor.default\">\n\t\t\t\t\t\t\t\t\t<p>Gemeinsam mit unserem Partner des Projektes beefounding betreiben wir mehrere Bienenst\u00f6cke an den Brunnen. Die flei\u00dfigen Best\u00e4uber sorgen nicht nur f\u00fcr \u00f6kologische Vielfalt, sie produzieren auch regionalen Honig. Neben den Photovoltaikfl\u00e4chen bl\u00fchen artenreiche Wiesen, die den Bienen optimale Bedingungen bieten. Diese Doppelnutzung, bekannt als Agri-Photovoltaik, verbindet umweltfreundliche Energieerzeugung mit Lebensraum zugleich.<\/p>\t\t\t\t\t\t\t\t<\/div>\n\t\t\t\t<\/div>\n\t\t<div class=\"elementor-element elementor-element-2f086e7 e-con-full e-flex e-con e-child\" data-id=\"2f086e7\" data-element_type=\"container\" data-e-type=\"container\" data-settings=\"{&quot;background_background&quot;:&quot;classic&quot;,&quot;jet_parallax_layout_list&quot;:[]}\">\n\t\t\t\t<\/div>\n\t\t\t\t<\/div>\n\t\t\t\t<\/div>\n\t\t<div class=\"elementor-element elementor-element-49a480f e-con-full e-flex e-con e-parent\" data-id=\"49a480f\" data-element_type=\"container\" data-e-type=\"container\" data-settings=\"{&quot;jet_parallax_layout_list&quot;:[]}\">\n\t\t<div class=\"elementor-element elementor-element-685cddf e-con-full e-grid e-con e-child\" data-id=\"685cddf\" data-element_type=\"container\" data-e-type=\"container\" data-settings=\"{&quot;jet_parallax_layout_list&quot;:[]}\">\n\t\t<div class=\"elementor-element elementor-element-849ec4d e-con-full e-flex e-con e-child\" data-id=\"849ec4d\" data-element_type=\"container\" data-e-type=\"container\" data-settings=\"{&quot;background_background&quot;:&quot;classic&quot;,&quot;jet_parallax_layout_list&quot;:[]}\">\n\t\t\t\t<div class=\"elementor-element elementor-element-983046f elementor-widget elementor-widget-heading\" data-id=\"983046f\" data-element_type=\"widget\" data-e-type=\"widget\" data-widget_type=\"heading.default\">\n\t\t\t\t\t<h3 class=\"elementor-heading-title elementor-size-default\">Bl\u00fchfl\u00e4chen als bunte Oasen<\/h3>\t\t\t\t<\/div>\n\t\t\t\t<div class=\"elementor-element elementor-element-98e674d elementor-widget elementor-widget-text-editor\" data-id=\"98e674d\" data-element_type=\"widget\" data-e-type=\"widget\" data-widget_type=\"text-editor.default\">\n\t\t\t\t\t\t\t\t\t<p>Wir haben gezielt Blumenwiesen mit regionalem Saatgut anges\u00e4t, die wertvolle Nahrungsquellen f\u00fcr Honig- und Wildbienen, Schmetterlinge und K\u00e4fer bieten. Diese Fl\u00e4chen zeigen unser Engagement f\u00fcr eine vielf\u00e4ltige Natur.<\/p>\t\t\t\t\t\t\t\t<\/div>\n\t\t\t\t<div class=\"elementor-element elementor-element-377a846 elementor-widget elementor-widget-heading\" data-id=\"377a846\" data-element_type=\"widget\" data-e-type=\"widget\" data-widget_type=\"heading.default\">\n\t\t\t\t\t<h3 class=\"elementor-heading-title elementor-size-default\">Aufforstung f\u00fcr zuk\u00fcnftige Generationen<\/h3>\t\t\t\t<\/div>\n\t\t\t\t<div class=\"elementor-element elementor-element-9a4df7e elementor-widget elementor-widget-text-editor\" data-id=\"9a4df7e\" data-element_type=\"widget\" data-e-type=\"widget\" data-widget_type=\"text-editor.default\">\n\t\t\t\t\t\t\t\t\t<p>Gezielte Aufforstungen verbessern das Mikroklima und bieten Tieren gesch\u00fctzte Lebensr\u00e4ume. Neue B\u00e4ume und Str\u00e4ucher binden CO\u2082 und st\u00e4rken so das \u00f6kologische Gleichgewicht rund um unsere Anlagen.<\/p>\t\t\t\t\t\t\t\t<\/div>\n\t\t\t\t<\/div>\n\t\t<div class=\"elementor-element elementor-element-6bb7b7c e-con-full e-flex e-con e-child\" data-id=\"6bb7b7c\" data-element_type=\"container\" data-e-type=\"container\" data-settings=\"{&quot;background_background&quot;:&quot;classic&quot;,&quot;jet_parallax_layout_list&quot;:[]}\">\n\t\t\t\t<\/div>\n\t\t\t\t<\/div>\n\t\t\t\t<\/div>\n\t\t<div class=\"elementor-element elementor-element-7529401 e-con-full e-flex e-con e-parent\" data-id=\"7529401\" data-element_type=\"container\" data-e-type=\"container\" data-settings=\"{&quot;jet_parallax_layout_list&quot;:[]}\">\n\t\t<div class=\"elementor-element elementor-element-960588c e-con-full e-grid e-con e-child\" data-id=\"960588c\" data-element_type=\"container\" data-e-type=\"container\" data-settings=\"{&quot;jet_parallax_layout_list&quot;:[]}\">\n\t\t<div class=\"elementor-element elementor-element-8f4334a e-con-full e-flex e-con e-child\" data-id=\"8f4334a\" data-element_type=\"container\" data-e-type=\"container\" data-settings=\"{&quot;background_background&quot;:&quot;classic&quot;,&quot;jet_parallax_layout_list&quot;:[]}\">\n\t\t\t\t<\/div>\n\t\t<div class=\"elementor-element elementor-element-daced5f e-con-full e-flex e-con e-child\" data-id=\"daced5f\" data-element_type=\"container\" data-e-type=\"container\" data-settings=\"{&quot;background_background&quot;:&quot;classic&quot;,&quot;jet_parallax_layout_list&quot;:[]}\">\n\t\t\t\t<div class=\"elementor-element elementor-element-8771ce9 elementor-widget elementor-widget-heading\" data-id=\"8771ce9\" data-element_type=\"widget\" data-e-type=\"widget\" data-widget_type=\"heading.default\">\n\t\t\t\t\t<h3 class=\"elementor-heading-title elementor-size-default\">Strukturen f\u00fcr Artenvielfalt<\/h3>\t\t\t\t<\/div>\n\t\t\t\t<div class=\"elementor-element elementor-element-abe027f elementor-widget elementor-widget-text-editor\" data-id=\"abe027f\" data-element_type=\"widget\" data-e-type=\"widget\" data-widget_type=\"text-editor.default\">\n\t\t\t\t\t\t\t\t\t<p>Wir schaffen Kleinstrukturen wie Steinhaufen, Totholzbereiche und Sandfl\u00e4chen, die Unterschlupf und Brutpl\u00e4tze f\u00fcr Reptilien, K\u00e4fer und andere Kleintiere bieten. Nistk\u00e4sten f\u00fcr V\u00f6gel und Fledermaus-Quartiere bieten zus\u00e4tzliche R\u00fcckzugsorte. Eine beerenreiche Strauchhecke erg\u00e4nzt das Angebot an Nahrung und Schutz.<\/p>\t\t\t\t\t\t\t\t<\/div>\n\t\t\t\t<div class=\"elementor-element elementor-element-6230fa8 elementor-widget elementor-widget-heading\" data-id=\"6230fa8\" data-element_type=\"widget\" data-e-type=\"widget\" data-widget_type=\"heading.default\">\n\t\t\t\t\t<h3 class=\"elementor-heading-title elementor-size-default\">Unser \u00d6kopark \u2013 ein lebendiger R\u00fcckzugsraum<\/h3>\t\t\t\t<\/div>\n\t\t\t\t<div class=\"elementor-element elementor-element-8d7df2c elementor-widget elementor-widget-text-editor\" data-id=\"8d7df2c\" data-element_type=\"widget\" data-e-type=\"widget\" data-widget_type=\"text-editor.default\">\n\t\t\t\t\t\t\t\t\t<p>Auf einer ehemaligen Erdaufsch\u00fcttungsfl\u00e4che haben wir einen vielf\u00e4ltigen \u00d6kopark mit Teichen, Str\u00e4uchern und Weiden geschaffen. Zahlreiche Wildtiere und viele Insekten finden hier einen Lebensraum. Dieser naturnahe Park ist ein wertvoller Beitrag zum Erhalt der regionalen Biodiversit\u00e4t und zeigt, wie aus ehemaligen Nutzfl\u00e4chen bl\u00fchende Naturparadiese entstehen k\u00f6nnen.<\/p>\t\t\t\t\t\t\t\t<\/div>\n\t\t\t\t<\/div>\n\t\t\t\t<\/div>\n\t\t\t\t<\/div>\n\t\t\t\t<\/div>\n\t\t","protected":false},"excerpt":{"rendered":"<p>Nach\u00adhaltig\u00adkeit und Projekte Water &amp; Climate Change Der Weltwassertag steht 2020 unter dem Motto \u201eWater &amp; Climate Change\u201c und soll auf die sich stets wandelnden Anforderungen an die Wasserwirtschaft hinweisen \u2013 besonders bedingt durch den rasanten Klimawandel. Um auch f\u00fcr kommende Herausforderungen bestm\u00f6glich gewappnet zu sein und Extremlagen nachhaltig standhalten zu k\u00f6nnen, ben\u00f6tigt es Investitionen [&hellip;]<\/p>\n","protected":false},"author":1,"featured_media":0,"parent":0,"menu_order":0,"comment_status":"closed","ping_status":"closed","template":"","meta":{"footnotes":""},"class_list":["post-532","page","type-page","status-publish","hentry"],"yoast_head":"<!-- This site is optimized with the Yoast SEO plugin v27.1.1 - https:\/\/yoast.com\/product\/yoast-seo-wordpress\/ -->\n<title>Nachhaltigkeit &amp; Projekte - Wasserverband<\/title>\n<meta name=\"robots\" content=\"noindex, follow, max-snippet:-1, max-image-preview:large, max-video-preview:-1\" \/>\n<meta property=\"og:locale\" content=\"de_DE\" \/>\n<meta property=\"og:type\" content=\"article\" \/>\n<meta property=\"og:title\" content=\"Nachhaltigkeit &amp; Projekte - Wasserverband\" \/>\n<meta property=\"og:description\" content=\"Nach\u00adhaltig\u00adkeit und Projekte Water &amp; Climate Change Der Weltwassertag steht 2020 unter dem Motto \u201eWater &amp; Climate Change\u201c und soll auf die sich stets wandelnden Anforderungen an die Wasserwirtschaft hinweisen \u2013 besonders bedingt durch den rasanten Klimawandel. Um auch f\u00fcr kommende Herausforderungen bestm\u00f6glich gewappnet zu sein und Extremlagen nachhaltig standhalten zu k\u00f6nnen, ben\u00f6tigt es Investitionen [&hellip;]\" \/>\n<meta property=\"og:url\" content=\"https:\/\/projekt1.movemusweb.at\/index.php\/nachhaltigkeit-und-projekte\/\" \/>\n<meta property=\"og:site_name\" content=\"Wasserverband\" \/>\n<meta property=\"article:modified_time\" content=\"2026-04-08T19:51:47+00:00\" \/>\n<meta name=\"twitter:card\" content=\"summary_large_image\" \/>\n<meta name=\"twitter:label1\" content=\"Gesch\u00e4tzte Lesezeit\" \/>\n\t<meta name=\"twitter:data1\" content=\"4\u00a0Minuten\" \/>\n<script type=\"application\/ld+json\" class=\"yoast-schema-graph\">{\"@context\":\"https:\/\/schema.org\",\"@graph\":[{\"@type\":\"WebPage\",\"@id\":\"https:\/\/projekt1.movemusweb.at\/index.php\/nachhaltigkeit-und-projekte\/\",\"url\":\"https:\/\/projekt1.movemusweb.at\/index.php\/nachhaltigkeit-und-projekte\/\",\"name\":\"Nachhaltigkeit & Projekte - Wasserverband\",\"isPartOf\":{\"@id\":\"https:\/\/projekt1.movemusweb.at\/#website\"},\"datePublished\":\"2026-03-20T14:25:09+00:00\",\"dateModified\":\"2026-04-08T19:51:47+00:00\",\"breadcrumb\":{\"@id\":\"https:\/\/projekt1.movemusweb.at\/index.php\/nachhaltigkeit-und-projekte\/#breadcrumb\"},\"inLanguage\":\"de\",\"potentialAction\":[{\"@type\":\"ReadAction\",\"target\":[\"https:\/\/projekt1.movemusweb.at\/index.php\/nachhaltigkeit-und-projekte\/\"]}]},{\"@type\":\"BreadcrumbList\",\"@id\":\"https:\/\/projekt1.movemusweb.at\/index.php\/nachhaltigkeit-und-projekte\/#breadcrumb\",\"itemListElement\":[{\"@type\":\"ListItem\",\"position\":1,\"name\":\"Startseite\",\"item\":\"https:\/\/projekt1.movemusweb.at\/\"},{\"@type\":\"ListItem\",\"position\":2,\"name\":\"Nachhaltigkeit &#038; Projekte\"}]},{\"@type\":\"WebSite\",\"@id\":\"https:\/\/projekt1.movemusweb.at\/#website\",\"url\":\"https:\/\/projekt1.movemusweb.at\/\",\"name\":\"Wasserverband\",\"description\":\"Grazerfeld S\u00fcdost und Umland Graz\",\"potentialAction\":[{\"@type\":\"SearchAction\",\"target\":{\"@type\":\"EntryPoint\",\"urlTemplate\":\"https:\/\/projekt1.movemusweb.at\/?s={search_term_string}\"},\"query-input\":{\"@type\":\"PropertyValueSpecification\",\"valueRequired\":true,\"valueName\":\"search_term_string\"}}],\"inLanguage\":\"de\"}]}<\/script>\n<!-- \/ Yoast SEO plugin. -->","yoast_head_json":{"title":"Nachhaltigkeit & Projekte - Wasserverband","robots":{"index":"noindex","follow":"follow","max-snippet":"max-snippet:-1","max-image-preview":"max-image-preview:large","max-video-preview":"max-video-preview:-1"},"og_locale":"de_DE","og_type":"article","og_title":"Nachhaltigkeit & Projekte - Wasserverband","og_description":"Nach\u00adhaltig\u00adkeit und Projekte Water &amp; Climate Change Der Weltwassertag steht 2020 unter dem Motto \u201eWater &amp; Climate Change\u201c und soll auf die sich stets wandelnden Anforderungen an die Wasserwirtschaft hinweisen \u2013 besonders bedingt durch den rasanten Klimawandel. Um auch f\u00fcr kommende Herausforderungen bestm\u00f6glich gewappnet zu sein und Extremlagen nachhaltig standhalten zu k\u00f6nnen, ben\u00f6tigt es Investitionen [&hellip;]","og_url":"https:\/\/projekt1.movemusweb.at\/index.php\/nachhaltigkeit-und-projekte\/","og_site_name":"Wasserverband","article_modified_time":"2026-04-08T19:51:47+00:00","twitter_card":"summary_large_image","twitter_misc":{"Gesch\u00e4tzte Lesezeit":"4\u00a0Minuten"},"schema":{"@context":"https:\/\/schema.org","@graph":[{"@type":"WebPage","@id":"https:\/\/projekt1.movemusweb.at\/index.php\/nachhaltigkeit-und-projekte\/","url":"https:\/\/projekt1.movemusweb.at\/index.php\/nachhaltigkeit-und-projekte\/","name":"Nachhaltigkeit & Projekte - Wasserverband","isPartOf":{"@id":"https:\/\/projekt1.movemusweb.at\/#website"},"datePublished":"2026-03-20T14:25:09+00:00","dateModified":"2026-04-08T19:51:47+00:00","breadcrumb":{"@id":"https:\/\/projekt1.movemusweb.at\/index.php\/nachhaltigkeit-und-projekte\/#breadcrumb"},"inLanguage":"de","potentialAction":[{"@type":"ReadAction","target":["https:\/\/projekt1.movemusweb.at\/index.php\/nachhaltigkeit-und-projekte\/"]}]},{"@type":"BreadcrumbList","@id":"https:\/\/projekt1.movemusweb.at\/index.php\/nachhaltigkeit-und-projekte\/#breadcrumb","itemListElement":[{"@type":"ListItem","position":1,"name":"Startseite","item":"https:\/\/projekt1.movemusweb.at\/"},{"@type":"ListItem","position":2,"name":"Nachhaltigkeit &#038; Projekte"}]},{"@type":"WebSite","@id":"https:\/\/projekt1.movemusweb.at\/#website","url":"https:\/\/projekt1.movemusweb.at\/","name":"Wasserverband","description":"Grazerfeld S\u00fcdost und Umland Graz","potentialAction":[{"@type":"SearchAction","target":{"@type":"EntryPoint","urlTemplate":"https:\/\/projekt1.movemusweb.at\/?s={search_term_string}"},"query-input":{"@type":"PropertyValueSpecification","valueRequired":true,"valueName":"search_term_string"}}],"inLanguage":"de"}]}},"_links":{"self":[{"href":"https:\/\/projekt1.movemusweb.at\/index.php\/wp-json\/wp\/v2\/pages\/532","targetHints":{"allow":["GET"]}}],"collection":[{"href":"https:\/\/projekt1.movemusweb.at\/index.php\/wp-json\/wp\/v2\/pages"}],"about":[{"href":"https:\/\/projekt1.movemusweb.at\/index.php\/wp-json\/wp\/v2\/types\/page"}],"author":[{"embeddable":true,"href":"https:\/\/projekt1.movemusweb.at\/index.php\/wp-json\/wp\/v2\/users\/1"}],"replies":[{"embeddable":true,"href":"https:\/\/projekt1.movemusweb.at\/index.php\/wp-json\/wp\/v2\/comments?post=532"}],"version-history":[{"count":51,"href":"https:\/\/projekt1.movemusweb.at\/index.php\/wp-json\/wp\/v2\/pages\/532\/revisions"}],"predecessor-version":[{"id":1948,"href":"https:\/\/projekt1.movemusweb.at\/index.php\/wp-json\/wp\/v2\/pages\/532\/revisions\/1948"}],"wp:attachment":[{"href":"https:\/\/projekt1.movemusweb.at\/index.php\/wp-json\/wp\/v2\/media?parent=532"}],"curies":[{"name":"wp","href":"https:\/\/api.w.org\/{rel}","templated":true}]}}