{"id":562,"date":"2026-03-20T16:02:23","date_gmt":"2026-03-20T16:02:23","guid":{"rendered":"https:\/\/projekt1.movemusweb.at\/?page_id=562"},"modified":"2026-04-08T18:36:29","modified_gmt":"2026-04-08T18:36:29","slug":"gfso-allgemeine-informationen","status":"publish","type":"page","link":"https:\/\/projekt1.movemusweb.at\/index.php\/gfso-allgemeine-informationen\/","title":{"rendered":"GFSO Allgemeine Infor\u00admationen"},"content":{"rendered":"\t\t<div data-elementor-type=\"wp-page\" data-elementor-id=\"562\" class=\"elementor elementor-562\" data-elementor-post-type=\"page\">\n\t\t\t\t<div class=\"elementor-element elementor-element-49a1de0 e-con-full e-flex e-con e-parent\" data-id=\"49a1de0\" data-element_type=\"container\" data-e-type=\"container\" data-settings=\"{&quot;jet_parallax_layout_list&quot;:[]}\">\n\t\t<div class=\"elementor-element elementor-element-6dbded6 e-con-full e-flex e-con e-child\" data-id=\"6dbded6\" data-element_type=\"container\" data-e-type=\"container\" data-settings=\"{&quot;background_background&quot;:&quot;classic&quot;,&quot;jet_parallax_layout_list&quot;:[]}\">\n\t\t<div class=\"elementor-element elementor-element-39cb3e6 e-con-full e-flex e-con e-child\" data-id=\"39cb3e6\" data-element_type=\"container\" data-e-type=\"container\" data-settings=\"{&quot;jet_parallax_layout_list&quot;:[]}\">\n\t\t\t\t<div class=\"elementor-element elementor-element-1492124 elementor-widget elementor-widget-heading\" data-id=\"1492124\" data-element_type=\"widget\" data-e-type=\"widget\" data-widget_type=\"heading.default\">\n\t\t\t\t\t<h1 class=\"elementor-heading-title elementor-size-default\"><b>Allgemeine<br> Infor\u00admationen<\/b><\/h1>\t\t\t\t<\/div>\n\t\t\t\t<\/div>\n\t\t\t\t<\/div>\n\t\t\t\t<\/div>\n\t\t<div class=\"elementor-element elementor-element-fed0d62 e-con-full e-flex e-con e-parent\" data-id=\"fed0d62\" data-element_type=\"container\" data-e-type=\"container\" data-settings=\"{&quot;jet_parallax_layout_list&quot;:[]}\">\n\t\t<div class=\"elementor-element elementor-element-dfec1d0 e-con-full e-grid e-con e-child\" data-id=\"dfec1d0\" data-element_type=\"container\" data-e-type=\"container\" data-settings=\"{&quot;jet_parallax_layout_list&quot;:[]}\">\n\t\t<div class=\"elementor-element elementor-element-22609b7 e-con-full e-flex e-con e-child\" data-id=\"22609b7\" data-element_type=\"container\" data-e-type=\"container\" data-settings=\"{&quot;background_background&quot;:&quot;classic&quot;,&quot;jet_parallax_layout_list&quot;:[]}\">\n\t\t\t\t<div class=\"elementor-element elementor-element-3126da3 elementor-widget elementor-widget-heading\" data-id=\"3126da3\" data-element_type=\"widget\" data-e-type=\"widget\" data-widget_type=\"heading.default\">\n\t\t\t\t\t<h2 class=\"elementor-heading-title elementor-size-default\">Der Wasser\u00adverband Grazerfeld S\u00fcdost ist f\u00fcr Ihre Trink\u00adwasser\u00adversorgung zust\u00e4ndig. Alle Dienst\u00adleistungen rund um Ihr Wasser k\u00f6nnen Sie bei uns abrufen. Dabei sichert die Eigen\u00adkontrolle durch den Betreiber und amtliche Kontrollen die Qualit\u00e4t. Auch f\u00fcr Ihre Notver\u00adsorgung ist gesorgt.<\/h2>\t\t\t\t<\/div>\n\t\t\t\t<\/div>\n\t\t<div class=\"elementor-element elementor-element-22ba188 e-con-full e-flex e-con e-child\" data-id=\"22ba188\" data-element_type=\"container\" data-e-type=\"container\" data-settings=\"{&quot;background_background&quot;:&quot;classic&quot;,&quot;jet_parallax_layout_list&quot;:[]}\">\n\t\t\t\t<\/div>\n\t\t\t\t<\/div>\n\t\t\t\t<\/div>\n\t\t<div class=\"elementor-element elementor-element-ae967bb e-con-full e-flex e-con e-parent\" data-id=\"ae967bb\" data-element_type=\"container\" data-e-type=\"container\" data-settings=\"{&quot;jet_parallax_layout_list&quot;:[]}\">\n\t\t<div class=\"elementor-element elementor-element-978255d e-con-full e-grid e-con e-child\" data-id=\"978255d\" data-element_type=\"container\" data-e-type=\"container\" data-settings=\"{&quot;jet_parallax_layout_list&quot;:[]}\">\n\t\t<div class=\"elementor-element elementor-element-7dc46b2 e-con-full e-flex e-con e-child\" data-id=\"7dc46b2\" data-element_type=\"container\" data-e-type=\"container\" data-settings=\"{&quot;background_background&quot;:&quot;classic&quot;,&quot;jet_parallax_layout_list&quot;:[]}\">\n\t\t\t\t<div class=\"elementor-element elementor-element-095d463 elementor-widget elementor-widget-heading\" data-id=\"095d463\" data-element_type=\"widget\" data-e-type=\"widget\" data-widget_type=\"heading.default\">\n\t\t\t\t\t<h3 class=\"elementor-heading-title elementor-size-default\">Rechnung<\/h3>\t\t\t\t<\/div>\n\t\t\t\t<div class=\"elementor-element elementor-element-ee21c52 elementor-widget elementor-widget-text-editor\" data-id=\"ee21c52\" data-element_type=\"widget\" data-e-type=\"widget\" data-widget_type=\"text-editor.default\">\n\t\t\t\t\t\t\t\t\tDer Wasserverbrauch wird pro Quartal exakt ermittelt (Auslesung per 31.3. \/ 30.6. \/ 30.9. \/ 31.12.) und im darauffolgenden Monat zur Abrechnung gebracht. Die Auslesung des Wasserz\u00e4hlers erfolgt durch den Wasserverband. Einw\u00e4nde gegen die Richtigkeit sind innerhalb von zwei Wochen nach Zustellung geltend zu machen.\t\t\t\t\t\t\t\t<\/div>\n\t\t\t\t<\/div>\n\t\t<div class=\"elementor-element elementor-element-88bbede e-con-full e-flex e-con e-child\" data-id=\"88bbede\" data-element_type=\"container\" data-e-type=\"container\" data-settings=\"{&quot;background_background&quot;:&quot;classic&quot;,&quot;jet_parallax_layout_list&quot;:[]}\">\n\t\t\t\t<div class=\"elementor-element elementor-element-76497f6 elementor-widget elementor-widget-heading\" data-id=\"76497f6\" data-element_type=\"widget\" data-e-type=\"widget\" data-widget_type=\"heading.default\">\n\t\t\t\t\t<h3 class=\"elementor-heading-title elementor-size-default\">Zahnlungs&shy;konditionen<\/h3>\t\t\t\t<\/div>\n\t\t\t\t<div class=\"elementor-element elementor-element-2b7d187 elementor-widget elementor-widget-text-editor\" data-id=\"2b7d187\" data-element_type=\"widget\" data-e-type=\"widget\" data-widget_type=\"text-editor.default\">\n\t\t\t\t\t\t\t\t\t<p>Um Ihnen den Bankweg und eventuell anfallende Kosten (Bankspesen, Mahngeb\u00fchren) zu ersparen, weisen wir auf die M\u00f6glichkeit eines SEPA-Lastschriftenmandats hin.<\/p>\t\t\t\t\t\t\t\t<\/div>\n\t\t\t\t<\/div>\n\t\t<div class=\"elementor-element elementor-element-514277e e-con-full e-flex e-con e-child\" data-id=\"514277e\" data-element_type=\"container\" data-e-type=\"container\" data-settings=\"{&quot;background_background&quot;:&quot;classic&quot;,&quot;jet_parallax_layout_list&quot;:[]}\">\n\t\t\t\t<div class=\"elementor-element elementor-element-d5bf83c elementor-widget elementor-widget-heading\" data-id=\"d5bf83c\" data-element_type=\"widget\" data-e-type=\"widget\" data-widget_type=\"heading.default\">\n\t\t\t\t\t<h3 class=\"elementor-heading-title elementor-size-default\">Mahn&shy;geb\u00fchren<\/h3>\t\t\t\t<\/div>\n\t\t\t\t<div class=\"elementor-element elementor-element-7589ebd elementor-widget elementor-widget-text-editor\" data-id=\"7589ebd\" data-element_type=\"widget\" data-e-type=\"widget\" data-widget_type=\"text-editor.default\">\n\t\t\t\t\t\t\t\t\tBei Zahlungsverzug verrechnen wir Ihnen eine Mahngeb\u00fchr von \u20ac 10,00. Wir ersuchen Sie daher in Ihrem eigenen Interesse, die Zahlungsfristen einzuhalten.\t\t\t\t\t\t\t\t<\/div>\n\t\t\t\t<\/div>\n\t\t<div class=\"elementor-element elementor-element-cfc74ed e-con-full e-flex e-con e-child\" data-id=\"cfc74ed\" data-element_type=\"container\" data-e-type=\"container\" data-settings=\"{&quot;background_background&quot;:&quot;classic&quot;,&quot;jet_parallax_layout_list&quot;:[]}\">\n\t\t\t\t<div class=\"elementor-element elementor-element-3b37ba4 elementor-widget elementor-widget-heading\" data-id=\"3b37ba4\" data-element_type=\"widget\" data-e-type=\"widget\" data-widget_type=\"heading.default\">\n\t\t\t\t\t<h3 class=\"elementor-heading-title elementor-size-default\">Z\u00e4hler&shy;tausch<\/h3>\t\t\t\t<\/div>\n\t\t\t\t<div class=\"elementor-element elementor-element-aea4a68 elementor-widget elementor-widget-text-editor\" data-id=\"aea4a68\" data-element_type=\"widget\" data-e-type=\"widget\" data-widget_type=\"text-editor.default\">\n\t\t\t\t\t\t\t\t\tLaut Eichgesetz sind wir verpflichtet, die Wasserz\u00e4hler im Abstand von 5 Jahren zu tauschen. Dieser Z\u00e4hlertausch erfolgt ohne zus\u00e4tzliche Kosten\t\t\t\t\t\t\t\t<\/div>\n\t\t\t\t<\/div>\n\t\t<div class=\"elementor-element elementor-element-deac8bf e-con-full e-flex e-con e-child\" data-id=\"deac8bf\" data-element_type=\"container\" data-e-type=\"container\" data-settings=\"{&quot;background_background&quot;:&quot;classic&quot;,&quot;jet_parallax_layout_list&quot;:[]}\">\n\t\t\t\t<div class=\"elementor-element elementor-element-e0977c6 elementor-widget elementor-widget-heading\" data-id=\"e0977c6\" data-element_type=\"widget\" data-e-type=\"widget\" data-widget_type=\"heading.default\">\n\t\t\t\t\t<h3 class=\"elementor-heading-title elementor-size-default\">Wasser&shy;mehrbezug<\/h3>\t\t\t\t<\/div>\n\t\t\t\t<div class=\"elementor-element elementor-element-f38bd99 elementor-widget elementor-widget-text-editor\" data-id=\"f38bd99\" data-element_type=\"widget\" data-e-type=\"widget\" data-widget_type=\"text-editor.default\">\n\t\t\t\t\t\t\t\t\tEin \u00dcberschreiten des Bezugslimits (pro Hausanschluss) wird gesondert verrechnet bzw. es besteht die M\u00f6glichkeit, Netzkostenanteile nachzukaufen.\t\t\t\t\t\t\t\t<\/div>\n\t\t\t\t<\/div>\n\t\t<div class=\"elementor-element elementor-element-e1dbf7d e-con-full e-flex e-con e-child\" data-id=\"e1dbf7d\" data-element_type=\"container\" data-e-type=\"container\" data-settings=\"{&quot;background_background&quot;:&quot;classic&quot;,&quot;jet_parallax_layout_list&quot;:[]}\">\n\t\t\t\t<div class=\"elementor-element elementor-element-cbaf766 elementor-widget elementor-widget-heading\" data-id=\"cbaf766\" data-element_type=\"widget\" data-e-type=\"widget\" data-widget_type=\"heading.default\">\n\t\t\t\t\t<h3 class=\"elementor-heading-title elementor-size-default\">Eigent\u00fcmer&shy;wechsel<\/h3>\t\t\t\t<\/div>\n\t\t\t\t<div class=\"elementor-element elementor-element-c90a1bb elementor-widget elementor-widget-text-editor\" data-id=\"c90a1bb\" data-element_type=\"widget\" data-e-type=\"widget\" data-widget_type=\"text-editor.default\">\n\t\t\t\t\t\t\t\t\tJeder Eigentumswechsel ist dem Wasserverband binnen zwei Wochen schriftlich zu melden. Wir weisen ausdr\u00fccklich darauf hin, dass zwischen dem Wasserverband Grazerfeld S\u00fcdost und den Mietern keine Vertr\u00e4ge abgeschlossen werden k\u00f6nnen und somit immer der Objekteigent\u00fcmer f\u00fcr offene Wassergeb\u00fchren haftet.\t\t\t\t\t\t\t\t<\/div>\n\t\t\t\t<\/div>\n\t\t<div class=\"elementor-element elementor-element-1e0d87b e-con-full e-flex e-con e-child\" data-id=\"1e0d87b\" data-element_type=\"container\" data-e-type=\"container\" data-settings=\"{&quot;background_background&quot;:&quot;classic&quot;,&quot;jet_parallax_layout_list&quot;:[]}\">\n\t\t\t\t<div class=\"elementor-element elementor-element-57b6926 elementor-widget elementor-widget-heading\" data-id=\"57b6926\" data-element_type=\"widget\" data-e-type=\"widget\" data-widget_type=\"heading.default\">\n\t\t\t\t\t<h3 class=\"elementor-heading-title elementor-size-default\">Eigen&shy;kontrolle<\/h3>\t\t\t\t<\/div>\n\t\t\t\t<div class=\"elementor-element elementor-element-bc6afaf elementor-widget elementor-widget-text-editor\" data-id=\"bc6afaf\" data-element_type=\"widget\" data-e-type=\"widget\" data-widget_type=\"text-editor.default\">\n\t\t\t\t\t\t\t\t\t\u00dcberpr\u00fcfen Sie bitte in Ihrem Interesse regelm\u00e4\u00dfig den Verbrauch Ihrer Wasserz\u00e4hleranlage. Durch Undichtheiten und Rohrgebrechen ausgeflossenes Wasser gilt als Verbrauch, der nach dem jeweils g\u00fcltigen Tarif in Rechnung gestellt wird.\t\t\t\t\t\t\t\t<\/div>\n\t\t\t\t<\/div>\n\t\t<div class=\"elementor-element elementor-element-2144790 e-con-full e-flex e-con e-child\" data-id=\"2144790\" data-element_type=\"container\" data-e-type=\"container\" data-settings=\"{&quot;background_background&quot;:&quot;classic&quot;,&quot;jet_parallax_layout_list&quot;:[]}\">\n\t\t\t\t<div class=\"elementor-element elementor-element-44c81eb elementor-widget elementor-widget-heading\" data-id=\"44c81eb\" data-element_type=\"widget\" data-e-type=\"widget\" data-widget_type=\"heading.default\">\n\t\t\t\t\t<h3 class=\"elementor-heading-title elementor-size-default\">Schwimm&shy;band&shy;f\u00fcllungen<\/h3>\t\t\t\t<\/div>\n\t\t\t\t<div class=\"elementor-element elementor-element-3cc284c elementor-widget elementor-widget-text-editor\" data-id=\"3cc284c\" data-element_type=\"widget\" data-e-type=\"widget\" data-widget_type=\"text-editor.default\">\n\t\t\t\t\t\t\t\t\tUm die Trinkwasserversorgung sicher zu stellen, ist die Bef\u00fcllung von privaten Pools und Schwimmb\u00e4dern nur \u00fcber die hauseigene Wasserleitung (Gartenschlauch) durchzuf\u00fchren. Eine Wasserentnahme aus Hydranten ist f\u00fcr Privatpersonen unzul\u00e4ssig. Unberechtigte Wasserentnahmen verf\u00e4lschen die Rohrnetzberechnungen und werden strafrechtlich verfolgt.\t\t\t\t\t\t\t\t<\/div>\n\t\t\t\t<\/div>\n\t\t<div class=\"elementor-element elementor-element-ac00226 e-con-full e-flex e-con e-child\" data-id=\"ac00226\" data-element_type=\"container\" data-e-type=\"container\" data-settings=\"{&quot;background_background&quot;:&quot;classic&quot;,&quot;jet_parallax_layout_list&quot;:[]}\">\n\t\t\t\t<\/div>\n\t\t\t\t<\/div>\n\t\t\t\t<\/div>\n\t\t\t\t<\/div>\n\t\t","protected":false},"excerpt":{"rendered":"<p>Allgemeine Infor\u00admationen Der Wasser\u00adverband Grazerfeld S\u00fcdost ist f\u00fcr Ihre Trink\u00adwasser\u00adversorgung zust\u00e4ndig. Alle Dienst\u00adleistungen rund um Ihr Wasser k\u00f6nnen Sie bei uns abrufen. Dabei sichert die Eigen\u00adkontrolle durch den Betreiber und amtliche Kontrollen die Qualit\u00e4t. Auch f\u00fcr Ihre Notver\u00adsorgung ist gesorgt. Rechnung Der Wasserverbrauch wird pro Quartal exakt ermittelt (Auslesung per 31.3. \/ 30.6. \/ 30.9. [&hellip;]<\/p>\n","protected":false},"author":1,"featured_media":0,"parent":0,"menu_order":0,"comment_status":"closed","ping_status":"closed","template":"","meta":{"footnotes":""},"class_list":["post-562","page","type-page","status-publish","hentry"],"yoast_head":"<!-- This site is optimized with the Yoast SEO plugin v27.1.1 - https:\/\/yoast.com\/product\/yoast-seo-wordpress\/ -->\n<title>GFSO Allgemeine Infor\u00admationen - Wasserverband<\/title>\n<meta name=\"robots\" content=\"noindex, follow, max-snippet:-1, max-image-preview:large, max-video-preview:-1\" \/>\n<meta property=\"og:locale\" content=\"de_DE\" \/>\n<meta property=\"og:type\" content=\"article\" \/>\n<meta property=\"og:title\" content=\"GFSO Allgemeine Infor\u00admationen - Wasserverband\" \/>\n<meta property=\"og:description\" content=\"Allgemeine Infor\u00admationen Der Wasser\u00adverband Grazerfeld S\u00fcdost ist f\u00fcr Ihre Trink\u00adwasser\u00adversorgung zust\u00e4ndig. Alle Dienst\u00adleistungen rund um Ihr Wasser k\u00f6nnen Sie bei uns abrufen. Dabei sichert die Eigen\u00adkontrolle durch den Betreiber und amtliche Kontrollen die Qualit\u00e4t. Auch f\u00fcr Ihre Notver\u00adsorgung ist gesorgt. Rechnung Der Wasserverbrauch wird pro Quartal exakt ermittelt (Auslesung per 31.3. \/ 30.6. \/ 30.9. [&hellip;]\" \/>\n<meta property=\"og:url\" content=\"https:\/\/projekt1.movemusweb.at\/index.php\/gfso-allgemeine-informationen\/\" \/>\n<meta property=\"og:site_name\" content=\"Wasserverband\" \/>\n<meta property=\"article:modified_time\" content=\"2026-04-08T18:36:29+00:00\" \/>\n<meta name=\"twitter:card\" content=\"summary_large_image\" \/>\n<meta name=\"twitter:label1\" content=\"Gesch\u00e4tzte Lesezeit\" \/>\n\t<meta name=\"twitter:data1\" content=\"2\u00a0Minuten\" \/>\n<script type=\"application\/ld+json\" class=\"yoast-schema-graph\">{\"@context\":\"https:\/\/schema.org\",\"@graph\":[{\"@type\":\"WebPage\",\"@id\":\"https:\/\/projekt1.movemusweb.at\/index.php\/gfso-allgemeine-informationen\/\",\"url\":\"https:\/\/projekt1.movemusweb.at\/index.php\/gfso-allgemeine-informationen\/\",\"name\":\"GFSO Allgemeine Infor\u00admationen - Wasserverband\",\"isPartOf\":{\"@id\":\"https:\/\/projekt1.movemusweb.at\/#website\"},\"datePublished\":\"2026-03-20T16:02:23+00:00\",\"dateModified\":\"2026-04-08T18:36:29+00:00\",\"breadcrumb\":{\"@id\":\"https:\/\/projekt1.movemusweb.at\/index.php\/gfso-allgemeine-informationen\/#breadcrumb\"},\"inLanguage\":\"de\",\"potentialAction\":[{\"@type\":\"ReadAction\",\"target\":[\"https:\/\/projekt1.movemusweb.at\/index.php\/gfso-allgemeine-informationen\/\"]}]},{\"@type\":\"BreadcrumbList\",\"@id\":\"https:\/\/projekt1.movemusweb.at\/index.php\/gfso-allgemeine-informationen\/#breadcrumb\",\"itemListElement\":[{\"@type\":\"ListItem\",\"position\":1,\"name\":\"Startseite\",\"item\":\"https:\/\/projekt1.movemusweb.at\/\"},{\"@type\":\"ListItem\",\"position\":2,\"name\":\"GFSO Allgemeine Infor\u00admationen\"}]},{\"@type\":\"WebSite\",\"@id\":\"https:\/\/projekt1.movemusweb.at\/#website\",\"url\":\"https:\/\/projekt1.movemusweb.at\/\",\"name\":\"Wasserverband\",\"description\":\"Grazerfeld S\u00fcdost und Umland Graz\",\"potentialAction\":[{\"@type\":\"SearchAction\",\"target\":{\"@type\":\"EntryPoint\",\"urlTemplate\":\"https:\/\/projekt1.movemusweb.at\/?s={search_term_string}\"},\"query-input\":{\"@type\":\"PropertyValueSpecification\",\"valueRequired\":true,\"valueName\":\"search_term_string\"}}],\"inLanguage\":\"de\"}]}<\/script>\n<!-- \/ Yoast SEO plugin. -->","yoast_head_json":{"title":"GFSO Allgemeine Infor\u00admationen - Wasserverband","robots":{"index":"noindex","follow":"follow","max-snippet":"max-snippet:-1","max-image-preview":"max-image-preview:large","max-video-preview":"max-video-preview:-1"},"og_locale":"de_DE","og_type":"article","og_title":"GFSO Allgemeine Infor\u00admationen - Wasserverband","og_description":"Allgemeine Infor\u00admationen Der Wasser\u00adverband Grazerfeld S\u00fcdost ist f\u00fcr Ihre Trink\u00adwasser\u00adversorgung zust\u00e4ndig. Alle Dienst\u00adleistungen rund um Ihr Wasser k\u00f6nnen Sie bei uns abrufen. Dabei sichert die Eigen\u00adkontrolle durch den Betreiber und amtliche Kontrollen die Qualit\u00e4t. Auch f\u00fcr Ihre Notver\u00adsorgung ist gesorgt. Rechnung Der Wasserverbrauch wird pro Quartal exakt ermittelt (Auslesung per 31.3. \/ 30.6. \/ 30.9. [&hellip;]","og_url":"https:\/\/projekt1.movemusweb.at\/index.php\/gfso-allgemeine-informationen\/","og_site_name":"Wasserverband","article_modified_time":"2026-04-08T18:36:29+00:00","twitter_card":"summary_large_image","twitter_misc":{"Gesch\u00e4tzte Lesezeit":"2\u00a0Minuten"},"schema":{"@context":"https:\/\/schema.org","@graph":[{"@type":"WebPage","@id":"https:\/\/projekt1.movemusweb.at\/index.php\/gfso-allgemeine-informationen\/","url":"https:\/\/projekt1.movemusweb.at\/index.php\/gfso-allgemeine-informationen\/","name":"GFSO Allgemeine Infor\u00admationen - Wasserverband","isPartOf":{"@id":"https:\/\/projekt1.movemusweb.at\/#website"},"datePublished":"2026-03-20T16:02:23+00:00","dateModified":"2026-04-08T18:36:29+00:00","breadcrumb":{"@id":"https:\/\/projekt1.movemusweb.at\/index.php\/gfso-allgemeine-informationen\/#breadcrumb"},"inLanguage":"de","potentialAction":[{"@type":"ReadAction","target":["https:\/\/projekt1.movemusweb.at\/index.php\/gfso-allgemeine-informationen\/"]}]},{"@type":"BreadcrumbList","@id":"https:\/\/projekt1.movemusweb.at\/index.php\/gfso-allgemeine-informationen\/#breadcrumb","itemListElement":[{"@type":"ListItem","position":1,"name":"Startseite","item":"https:\/\/projekt1.movemusweb.at\/"},{"@type":"ListItem","position":2,"name":"GFSO Allgemeine Infor\u00admationen"}]},{"@type":"WebSite","@id":"https:\/\/projekt1.movemusweb.at\/#website","url":"https:\/\/projekt1.movemusweb.at\/","name":"Wasserverband","description":"Grazerfeld S\u00fcdost und Umland Graz","potentialAction":[{"@type":"SearchAction","target":{"@type":"EntryPoint","urlTemplate":"https:\/\/projekt1.movemusweb.at\/?s={search_term_string}"},"query-input":{"@type":"PropertyValueSpecification","valueRequired":true,"valueName":"search_term_string"}}],"inLanguage":"de"}]}},"_links":{"self":[{"href":"https:\/\/projekt1.movemusweb.at\/index.php\/wp-json\/wp\/v2\/pages\/562","targetHints":{"allow":["GET"]}}],"collection":[{"href":"https:\/\/projekt1.movemusweb.at\/index.php\/wp-json\/wp\/v2\/pages"}],"about":[{"href":"https:\/\/projekt1.movemusweb.at\/index.php\/wp-json\/wp\/v2\/types\/page"}],"author":[{"embeddable":true,"href":"https:\/\/projekt1.movemusweb.at\/index.php\/wp-json\/wp\/v2\/users\/1"}],"replies":[{"embeddable":true,"href":"https:\/\/projekt1.movemusweb.at\/index.php\/wp-json\/wp\/v2\/comments?post=562"}],"version-history":[{"count":23,"href":"https:\/\/projekt1.movemusweb.at\/index.php\/wp-json\/wp\/v2\/pages\/562\/revisions"}],"predecessor-version":[{"id":1908,"href":"https:\/\/projekt1.movemusweb.at\/index.php\/wp-json\/wp\/v2\/pages\/562\/revisions\/1908"}],"wp:attachment":[{"href":"https:\/\/projekt1.movemusweb.at\/index.php\/wp-json\/wp\/v2\/media?parent=562"}],"curies":[{"name":"wp","href":"https:\/\/api.w.org\/{rel}","templated":true}]}}